{"id":13374,"date":"2022-03-21T07:49:28","date_gmt":"2022-03-21T07:49:28","guid":{"rendered":"https:\/\/maxtixfare.de\/?page_id=13374"},"modified":"2023-07-11T08:29:54","modified_gmt":"2023-07-11T08:29:54","slug":"deutsche-bahn","status":"publish","type":"page","link":"https:\/\/maxtixfare.de\/ru\/deutsche-bahn\/","title":{"rendered":"Deutsche Bahn"},"content":{"rendered":"<div data-elementor-type=\"wp-page\" data-elementor-id=\"13374\" class=\"elementor elementor-13374\" data-elementor-post-type=\"page\">\n\t\t\t\t\t\t<section class=\"elementor-section elementor-top-section elementor-element elementor-element-3fa16a7 elementor-section-boxed elementor-section-height-default elementor-section-height-default\" data-id=\"3fa16a7\" data-element_type=\"section\">\n\t\t\t\t\t\t<div class=\"elementor-container elementor-column-gap-default\">\n\t\t\t\t\t<div class=\"elementor-column elementor-col-50 elementor-top-column elementor-element elementor-element-f6ff0d2\" data-id=\"f6ff0d2\" data-element_type=\"column\">\n\t\t\t<div class=\"elementor-widget-wrap elementor-element-populated\">\n\t\t\t\t\t\t<div class=\"elementor-element elementor-element-58d6701 elementor-widget elementor-widget-heading\" data-id=\"58d6701\" data-element_type=\"widget\" data-widget_type=\"heading.default\">\n\t\t\t\t<div class=\"elementor-widget-container\">\n\t\t\t\t\t<h2 class=\"elementor-heading-title elementor-size-default\">\u0421\u0430\u043c\u044b\u0435 \u043a\u0440\u0430\u0441\u0438\u0432\u044b\u0435 \u043c\u0435\u0441\u0442\u0430 \u0413\u0435\u0440\u043c\u0430\u043d\u0438\u0438 \u0438 \u0415\u0432\u0440\u043e\u043f\u044b \u043d\u0430 \u043f\u043e\u0435\u0437\u0434\u0435!<\/h2>\t\t\t\t<\/div>\n\t\t\t\t<\/div>\n\t\t\t\t<div class=\"elementor-element elementor-element-b9b76b7 elementor-widget elementor-widget-text-editor\" data-id=\"b9b76b7\" data-element_type=\"widget\" data-widget_type=\"text-editor.default\">\n\t\t\t\t<div class=\"elementor-widget-container\">\n\t\t\t\t\t\t\t\t\t<p>\u0411\u0435\u0440\u043b\u0438\u043d, \u0414\u044e\u0441\u0441\u0435\u043b\u044c\u0434\u043e\u0440\u0444 \u0438\u043b\u0438 \u041c\u044e\u043d\u0445\u0435\u043d, \u041a\u0435\u043b\u044c\u043d \u0438\u043b\u0438 \u0424\u0440\u0430\u043d\u043a\u0444\u0443\u0440\u0442 - \u0441 ICE \u043f\u043e\u0435\u0437\u0434\u0430\u043c\u0438 \u0432\u044b \u0441\u043c\u043e\u0436\u0435\u0442\u0435 \u043e\u0442\u043a\u0440\u044b\u0442\u044c \u0434\u043b\u044f \u0441\u0435\u0431\u044f \u0432\u0441\u044e \u0413\u0435\u0440\u043c\u0430\u043d\u0438\u044e!<br \/>\u041f\u043e C\u0443\u043f\u0435\u0440-\u0446\u0435\u043d\u0435 \u0432\u044b \u043c\u043e\u0436\u0435\u0442\u0435 \u043e\u0442\u043f\u0440\u0430\u0432\u0438\u0442\u044c\u0441\u044f \u0432 \u041f\u0430\u0440\u0438\u0436, \u0410\u043c\u0441\u0442\u0435\u0440\u0434\u0430\u043c, \u0412\u0435\u043d\u0443 \u0438 \u043c\u043d\u043e\u0433\u0438\u0435 \u0434\u0440\u0443\u0433\u0438\u0435 \u043a\u0440\u0430\u0441\u0438\u0432\u0435\u0439\u0448\u0438\u0435 \u0435\u0432\u0440\u043e\u043f\u0435\u0439\u0441\u043a\u0438\u0435 \u043c\u0435\u0433\u0430\u043f\u043e\u043b\u0438\u0441\u044b \u0432\u0441\u0435\u0433\u043e \u0437\u0430 28 \u0435\u0432\u0440\u043e.<br \/>\u0412\u0441\u0435 \u0431\u0438\u043b\u0435\u0442\u044b Deutsche Bahn \u0441 ICE-, IC-\/EC-, Sch\u00f6nes-Wochenende-Ticket \u0438\u043b\u0438 Quer-durchs-Land-Ticket \u043c\u043e\u0436\u043d\u043e \u043f\u0440\u0438\u043e\u0431\u0440\u0435\u0441\u0442\u0438 \u0443 \u043d\u0430\u0441.<\/p>\t\t\t\t\t\t\t\t<\/div>\n\t\t\t\t<\/div>\n\t\t\t\t\t<\/div>\n\t\t<\/div>\n\t\t\t\t<div class=\"elementor-column elementor-col-50 elementor-top-column elementor-element elementor-element-b49e29b\" data-id=\"b49e29b\" data-element_type=\"column\">\n\t\t\t<div class=\"elementor-widget-wrap elementor-element-populated\">\n\t\t\t\t\t\t<div class=\"elementor-element elementor-element-473e298 elementor-widget elementor-widget-image\" data-id=\"473e298\" data-element_type=\"widget\" data-widget_type=\"image.default\">\n\t\t\t\t<div class=\"elementor-widget-container\">\n\t\t\t\t\t\t\t\t\t\t\t\t\t\t\t<img decoding=\"async\" width=\"200\" height=\"140\" src=\"https:\/\/maxtixfare.de\/wp-content\/uploads\/2023\/03\/DB_logo_red_filled_200px_rgb.png\" class=\"attachment-medium_large size-medium_large wp-image-16235\" alt=\"DB \u2013 Deutsche Bahn, rotes Logo\" srcset=\"https:\/\/maxtixfare.de\/wp-content\/uploads\/2023\/03\/DB_logo_red_filled_200px_rgb.png 200w, https:\/\/maxtixfare.de\/wp-content\/uploads\/2023\/03\/DB_logo_red_filled_200px_rgb-18x12.png 18w\" sizes=\"(max-width: 200px) 100vw, 200px\" \/>\t\t\t\t\t\t\t\t\t\t\t\t\t\t\t<\/div>\n\t\t\t\t<\/div>\n\t\t\t\t\t<\/div>\n\t\t<\/div>\n\t\t\t\t\t<\/div>\n\t\t<\/section>\n\t\t\t\t<section class=\"elementor-section elementor-top-section elementor-element elementor-element-9453a68 elementor-section-boxed elementor-section-height-default elementor-section-height-default\" data-id=\"9453a68\" data-element_type=\"section\">\n\t\t\t\t\t\t<div class=\"elementor-container elementor-column-gap-default\">\n\t\t\t\t\t<div class=\"elementor-column elementor-col-100 elementor-top-column elementor-element elementor-element-fc098d2\" data-id=\"fc098d2\" data-element_type=\"column\">\n\t\t\t<div class=\"elementor-widget-wrap elementor-element-populated\">\n\t\t\t\t\t\t<div class=\"elementor-element elementor-element-ff099d5 elementor-widget elementor-widget-heading\" data-id=\"ff099d5\" data-element_type=\"widget\" data-widget_type=\"heading.default\">\n\t\t\t\t<div class=\"elementor-widget-container\">\n\t\t\t\t\t<h4 class=\"elementor-heading-title elementor-size-default\">\u0411\u0440\u043e\u043d\u0438\u0440\u043e\u0432\u0430\u043d\u0438\u0435:<\/h4>\t\t\t\t<\/div>\n\t\t\t\t<\/div>\n\t\t\t\t<div class=\"elementor-element elementor-element-9b70b23 elementor-widget elementor-widget-text-editor\" data-id=\"9b70b23\" data-element_type=\"widget\" data-widget_type=\"text-editor.default\">\n\t\t\t\t<div class=\"elementor-widget-container\">\n\t\t\t\t\t\t\t\t\t<p>\u0412\u044b \u043c\u043e\u0436\u0435\u0442\u0435 \u0441\u0432\u044f\u0437\u0430\u0442\u044c\u0441\u044f \u0441 \u043d\u0430\u043c\u0438 \u043f\u043e \u0442\u0435\u043b\u0435\u0444\u043e\u043d\u0443 \u0438\u043b\u0438 \u044d\u043b\u0435\u043a\u0442\u0440\u043e\u043d\u043d\u043e\u0439 \u043f\u043e\u0447\u0442\u0435, \u0447\u0442\u043e\u0431\u044b \u0437\u0430\u0434\u0430\u0442\u044c \u0432\u043e\u043f\u0440\u043e\u0441 \u043e Deutsche Bahn:<\/p>\n<p><span style=\"background-color: transparent;\">Tel: +49\/ 030 88 714 755 |&nbsp;<\/span><span style=\"background-color: transparent;\">Fax: +49 030\/887147 56 |&nbsp;<\/span><span style=\"background-color: transparent;\">E-Mail: train@pulexpress.de<\/span><\/p>\n<p><span style=\"background-color: transparent;\">&nbsp;<\/span><\/p>\n<p><\/p>\t\t\t\t\t\t\t\t<\/div>\n\t\t\t\t<\/div>\n\t\t\t\t<section class=\"elementor-section elementor-inner-section elementor-element elementor-element-5d033dd elementor-section-boxed elementor-section-height-default elementor-section-height-default\" data-id=\"5d033dd\" data-element_type=\"section\">\n\t\t\t\t\t\t<div class=\"elementor-container elementor-column-gap-default\">\n\t\t\t\t\t<div class=\"elementor-column elementor-col-50 elementor-inner-column elementor-element elementor-element-5912b4c\" data-id=\"5912b4c\" data-element_type=\"column\">\n\t\t\t<div class=\"elementor-widget-wrap elementor-element-populated\">\n\t\t\t\t\t\t<div class=\"elementor-element elementor-element-36be9f9 elementor-align-center elementor-widget elementor-widget-button\" data-id=\"36be9f9\" data-element_type=\"widget\" data-widget_type=\"button.default\">\n\t\t\t\t<div class=\"elementor-widget-container\">\n\t\t\t\t\t\t\t\t\t<div class=\"elementor-button-wrapper\">\n\t\t\t\t\t<a class=\"elementor-button elementor-button-link elementor-size-sm\" href=\"tel:03088714755\">\n\t\t\t\t\t\t<span class=\"elementor-button-content-wrapper\">\n\t\t\t\t\t\t\t\t\t<span class=\"elementor-button-text\">\u041f\u043e\u0437\u0432\u043e\u043d\u0438\u0442\u044c \u043f\u0440\u044f\u043c\u043e \u0441\u0435\u0439\u0447\u0430\u0441!<\/span>\n\t\t\t\t\t<\/span>\n\t\t\t\t\t<\/a>\n\t\t\t\t<\/div>\n\t\t\t\t\t\t\t\t<\/div>\n\t\t\t\t<\/div>\n\t\t\t\t\t<\/div>\n\t\t<\/div>\n\t\t\t\t<div class=\"elementor-column elementor-col-50 elementor-inner-column elementor-element elementor-element-05677f1\" data-id=\"05677f1\" data-element_type=\"column\">\n\t\t\t<div class=\"elementor-widget-wrap elementor-element-populated\">\n\t\t\t\t\t\t<div class=\"elementor-element elementor-element-02374a5 elementor-align-center elementor-widget elementor-widget-button\" data-id=\"02374a5\" data-element_type=\"widget\" data-widget_type=\"button.default\">\n\t\t\t\t<div class=\"elementor-widget-container\">\n\t\t\t\t\t\t\t\t\t<div class=\"elementor-button-wrapper\">\n\t\t\t\t\t<a class=\"elementor-button elementor-button-link elementor-size-sm\" href=\"mailto:train@pulexpress.de\">\n\t\t\t\t\t\t<span class=\"elementor-button-content-wrapper\">\n\t\t\t\t\t\t\t\t\t<span class=\"elementor-button-text\">\u041d\u0430\u043f\u0438\u0441\u0430\u0442\u044c \u044d\u043b\u0435\u043a\u0442\u0440\u043e\u043d\u043d\u043e\u0435 \u043f\u0438\u0441\u044c\u043c\u043e!<\/span>\n\t\t\t\t\t<\/span>\n\t\t\t\t\t<\/a>\n\t\t\t\t<\/div>\n\t\t\t\t\t\t\t\t<\/div>\n\t\t\t\t<\/div>\n\t\t\t\t\t<\/div>\n\t\t<\/div>\n\t\t\t\t\t<\/div>\n\t\t<\/section>\n\t\t\t\t\t<\/div>\n\t\t<\/div>\n\t\t\t\t\t<\/div>\n\t\t<\/section>\n\t\t\t\t<\/div>","protected":false},"excerpt":{"rendered":"<p>Die sch\u00f6nsten Reiseziele Deutschlands und Europa mit der Bahn! Berlin, D\u00fcsseldorf oder M\u00fcnchen, K\u00f6ln oder Frankfurt, mit ICE k\u00f6nnen Sie ganz Deutschland entdecken! Mit dem Supersparpreis kommen Sie bereits ab 28 Euro nach Paris, Amsterdam, Wien und vielen sch\u00f6nsten Metropolen Europas. Alle Deutsche Bahn Tickets mit ICE-, IC-\/EC-Fahrscheinen, dem Sch\u00f6nes-Wochenende-Ticket oder Quer-durchs-Land-Ticket sind bei uns erh\u00e4ltlich. Reservierung: Sie k\u00f6nnen bei [&hellip;]<\/p>","protected":false},"author":1,"featured_media":0,"parent":0,"menu_order":0,"comment_status":"closed","ping_status":"closed","template":"page-templates\/full-width.php","meta":{"_acf_changed":false,"_bbp_topic_count":0,"_bbp_reply_count":0,"_bbp_total_topic_count":0,"_bbp_total_reply_count":0,"_bbp_voice_count":0,"_bbp_anonymous_reply_count":0,"_bbp_topic_count_hidden":0,"_bbp_reply_count_hidden":0,"_bbp_forum_subforum_count":0,"footnotes":""},"class_list":["post-13374","page","type-page","status-publish","hentry"],"acf":[],"_links":{"self":[{"href":"https:\/\/maxtixfare.de\/ru\/wp-json\/wp\/v2\/pages\/13374","targetHints":{"allow":["GET"]}}],"collection":[{"href":"https:\/\/maxtixfare.de\/ru\/wp-json\/wp\/v2\/pages"}],"about":[{"href":"https:\/\/maxtixfare.de\/ru\/wp-json\/wp\/v2\/types\/page"}],"author":[{"embeddable":true,"href":"https:\/\/maxtixfare.de\/ru\/wp-json\/wp\/v2\/users\/1"}],"replies":[{"embeddable":true,"href":"https:\/\/maxtixfare.de\/ru\/wp-json\/wp\/v2\/comments?post=13374"}],"version-history":[{"count":0,"href":"https:\/\/maxtixfare.de\/ru\/wp-json\/wp\/v2\/pages\/13374\/revisions"}],"wp:attachment":[{"href":"https:\/\/maxtixfare.de\/ru\/wp-json\/wp\/v2\/media?parent=13374"}],"curies":[{"name":"wp","href":"https:\/\/api.w.org\/{rel}","templated":true}]}}