{"id":13893,"date":"2022-05-27T13:39:45","date_gmt":"2022-05-27T13:39:45","guid":{"rendered":"https:\/\/maxtixfare.de\/register\/"},"modified":"2022-05-27T13:39:45","modified_gmt":"2022-05-27T13:39:45","slug":"register","status":"publish","type":"page","link":"https:\/\/maxtixfare.de\/ru\/register\/","title":{"rendered":"Register"},"content":{"rendered":"<form enctype=\"multipart\/form-data\" method=\"post\" id=\"wppb-register-user\" class=\"wppb-user-forms wppb-register-user wppb-user-logged-out\" action=\"https:\/\/maxtixfare.de\/ru\/wp-json\/wp\/v2\/pages\/13893\" data-trp-original-action=\"https:\/\/maxtixfare.de\/ru\/wp-json\/wp\/v2\/pages\/13893\">\n\t\t\t<ul><li class=\"wppb-form-field wppb-heading\" id=\"wppb-form-element-48\"><h2 class=\"extra_field_heading\">Partnerprofil <\/h2><span class=\"wppb-description-delimiter\"><\/span><\/li><li class=\"wppb-form-field wppb-input\" id=\"wppb-form-element-17\">\n\t\t\t\t<label for=\"KundenNr\">Kunden Nr. (falls vorhanden)<\/label>\n\t\t\t\t<input class=\"extra_field_input\" name=\"KundenNr\" maxlength=\"250\" type=\"text\" id=\"KundenNr\" value=\"\" \/><\/li><li class=\"wppb-form-field wppb-default-nickname\" id=\"wppb-form-element-64\">\n\t\t\t<label for=\"nickname\">Reiseb\u00fcroname (genaue Bezeichnung)<span class=\"wppb-required\" title=\"\u042d\u0442\u043e \u043f\u043e\u043b\u0435 \u0434\u043e\u043b\u0436\u043d\u043e \u0431\u044b\u0442\u044c \u0437\u0430\u043f\u043e\u043b\u043d\u0435\u043d\u043e\">*<\/span><\/label>\n\t\t\t<input class=\"text-input default_field_nickname\" name=\"nickname\" maxlength=\"70\" type=\"text\" id=\"nickname\" value=\"\"  required \/><\/li><li class=\"wppb-form-field wppb-input\" id=\"wppb-form-element-18\">\n\t\t\t\t<label for=\"Stra\u00dfe\">Stra\u00dfe <span class=\"wppb-required\" title=\"\u042d\u0442\u043e \u043f\u043e\u043b\u0435 \u0434\u043e\u043b\u0436\u043d\u043e \u0431\u044b\u0442\u044c \u0437\u0430\u043f\u043e\u043b\u043d\u0435\u043d\u043e\">*<\/span><\/label>\n\t\t\t\t<input class=\"extra_field_input\" name=\"Stra\u00dfe\" maxlength=\"250\" type=\"text\" id=\"Stra\u00dfe\" value=\"\"  required \/><\/li><li class=\"wppb-form-field wppb-input\" id=\"wppb-form-element-15\">\n\t\t\t\t<label for=\"plz_sys\">PLZ<span class=\"wppb-required\" title=\"\u042d\u0442\u043e \u043f\u043e\u043b\u0435 \u0434\u043e\u043b\u0436\u043d\u043e \u0431\u044b\u0442\u044c \u0437\u0430\u043f\u043e\u043b\u043d\u0435\u043d\u043e\">*<\/span><\/label>\n\t\t\t\t<input class=\"extra_field_input\" name=\"plz_sys\" maxlength=\"250\" type=\"text\" id=\"plz_sys\" value=\"\"  required \/><\/li><li class=\"wppb-form-field wppb-input\" id=\"wppb-form-element-25\">\n\t\t\t\t<label for=\"Ort\">Ort<span class=\"wppb-required\" title=\"\u042d\u0442\u043e \u043f\u043e\u043b\u0435 \u0434\u043e\u043b\u0436\u043d\u043e \u0431\u044b\u0442\u044c \u0437\u0430\u043f\u043e\u043b\u043d\u0435\u043d\u043e\">*<\/span><\/label>\n\t\t\t\t<input class=\"extra_field_input\" name=\"Ort\" maxlength=\"250\" type=\"text\" id=\"Ort\" value=\"\"  required \/><\/li><li class=\"wppb-form-field wppb-input\" id=\"wppb-form-element-19\">\n\t\t\t\t<label for=\"Land\">Land<span class=\"wppb-required\" title=\"\u042d\u0442\u043e \u043f\u043e\u043b\u0435 \u0434\u043e\u043b\u0436\u043d\u043e \u0431\u044b\u0442\u044c \u0437\u0430\u043f\u043e\u043b\u043d\u0435\u043d\u043e\">*<\/span><\/label>\n\t\t\t\t<input class=\"extra_field_input\" name=\"Land\" maxlength=\"250\" type=\"text\" id=\"Land\" value=\"\"  required \/><\/li><li class=\"wppb-form-field wppb-input\" id=\"wppb-form-element-20\">\n\t\t\t\t<label for=\"Telefon\">Telefon-Nr. mit Vorwahl<span class=\"wppb-required\" title=\"\u042d\u0442\u043e \u043f\u043e\u043b\u0435 \u0434\u043e\u043b\u0436\u043d\u043e \u0431\u044b\u0442\u044c \u0437\u0430\u043f\u043e\u043b\u043d\u0435\u043d\u043e\">*<\/span><\/label>\n\t\t\t\t<input class=\"extra_field_input\" name=\"Telefon\" maxlength=\"250\" type=\"text\" id=\"Telefon\" value=\"\"  required \/><\/li><li class=\"wppb-form-field wppb-input\" id=\"wppb-form-element-26\">\n\t\t\t\t<label for=\"Telefax\">Telefax<\/label>\n\t\t\t\t<input class=\"extra_field_input\" name=\"Telefax\" maxlength=\"250\" type=\"text\" id=\"Telefax\" value=\"\" \/><\/li><li class=\"wppb-form-field wppb-default-website\" id=\"wppb-form-element-9\">\n\t\t\t<label for=\"website\">Internet <\/label>\n\t\t\t<input class=\"text-input default_field_website\" name=\"website\" maxlength=\"70\" type=\"text\" id=\"website\" value=\"\" \/><\/li><li class=\"wppb-form-field wppb-heading\" id=\"wppb-form-element-49\"><h3 class=\"extra_field_heading\">Ihre Logindaten <\/h3><span class=\"wppb-description-delimiter\"><\/span><\/li><li class=\"wppb-form-field wppb-default-e-mail\" id=\"wppb-form-element-8\">\n\t\t\t<label for=\"email\">\u042d\u043b\u0435\u043a\u0442\u0440\u043e\u043d\u043d\u0430\u044f \u043f\u043e\u0447\u0442\u0430<span class=\"wppb-required\" title=\"\u042d\u0442\u043e \u043f\u043e\u043b\u0435 \u0434\u043e\u043b\u0436\u043d\u043e \u0431\u044b\u0442\u044c \u0437\u0430\u043f\u043e\u043b\u043d\u0435\u043d\u043e\">*<\/span><\/label>\n\t\t\t<input class=\"text-input default_field_email\" name=\"email\" maxlength=\"70\" type=\"email\" id=\"email\" value=\"\"  required \/><\/li><li class=\"wppb-form-field wppb-default-password\" id=\"wppb-form-element-12\">\n\t\t\t<label for=\"passw1\">Passwort<span class=\"wppb-required\" title=\"\u042d\u0442\u043e \u043f\u043e\u043b\u0435 \u0434\u043e\u043b\u0436\u043d\u043e \u0431\u044b\u0442\u044c \u0437\u0430\u043f\u043e\u043b\u043d\u0435\u043d\u043e\">*<\/span><\/label>\n\t\t\t<input class=\"text-input\" name=\"passw1\" maxlength=\"70\" type=\"password\" id=\"passw1\" value=\"\" autocomplete=\"off\"  required \/>\n            <button type=\"button\" class=\"wppb-toggle-pw wppb-show-pw hide-if-no-js\" data-toggle=\"0\" aria-label=\"Show password\" tabindex=\"-1\">\n                <img decoding=\"async\" src=\"https:\/\/maxtixfare.de\/wp-content\/plugins\/profile-builder-pro\/\/assets\/images\/eye-outline.svg\"\/>\n            <\/button><span class=\"wppb-description-delimiter\">Minimum length of 8 characters. <br>\u041f\u0430\u0440\u043e\u043b\u044c \u0434\u043e\u043b\u0436\u0435\u043d \u0431\u044b\u0442\u044c \u043d\u0435 \u043c\u0435\u043d\u0435\u0435 \u0421\u0440\u0435\u0434\u043d\u0438\u0439<\/span><span id=\"pass-strength-result\">\u0418\u043d\u0434\u0438\u043a\u0430\u0442\u043e\u0440 \u0441\u0438\u043b\u044b<\/span>\n        <input type=\"hidden\" value=\"\" name=\"wppb_password_strength\" id=\"wppb_password_strength\"\/><\/li><li class=\"wppb-form-field wppb-default-repeat-password\" id=\"wppb-form-element-13\">\n\t\t\t<label for=\"passw2\">Passwort best\u00e4tigen<span class=\"wppb-required\" title=\"\u042d\u0442\u043e \u043f\u043e\u043b\u0435 \u0434\u043e\u043b\u0436\u043d\u043e \u0431\u044b\u0442\u044c \u0437\u0430\u043f\u043e\u043b\u043d\u0435\u043d\u043e\">*<\/span><\/label>\n\t\t\t<input class=\"text-input\" name=\"passw2\" maxlength=\"70\" type=\"password\" id=\"passw2\" value=\"\" autocomplete=\"off\"  required \/>\n            <button type=\"button\" class=\"wppb-toggle-pw wppb-show-pw hide-if-no-js\" data-toggle=\"0\" aria-label=\"Show password\" tabindex=\"-1\">\n                <img decoding=\"async\" src=\"https:\/\/maxtixfare.de\/wp-content\/plugins\/profile-builder-pro\/\/assets\/images\/eye-outline.svg\"\/>\n            <\/button><\/li><li class=\"wppb-form-field wppb-heading\" id=\"wppb-form-element-50\"><h4 class=\"extra_field_heading\">Angaben zur Gesellschaft<\/h4><span class=\"wppb-description-delimiter\"><\/span><\/li><li class=\"wppb-form-field wppb-input\" id=\"wppb-form-element-21\">\n\t\t\t\t<label for=\"Rechtsform\">Rechtsform <span class=\"wppb-required\" title=\"\u042d\u0442\u043e \u043f\u043e\u043b\u0435 \u0434\u043e\u043b\u0436\u043d\u043e \u0431\u044b\u0442\u044c \u0437\u0430\u043f\u043e\u043b\u043d\u0435\u043d\u043e\">*<\/span><\/label>\n\t\t\t\t<input class=\"extra_field_input\" name=\"Rechtsform\" maxlength=\"250\" type=\"text\" id=\"Rechtsform\" value=\"\"  required \/><\/li><li class=\"wppb-form-field wppb-input\" id=\"wppb-form-element-66\">\n\t\t\t\t<label for=\"steuernummer\">Steuernummer<span class=\"wppb-required\" title=\"\u042d\u0442\u043e \u043f\u043e\u043b\u0435 \u0434\u043e\u043b\u0436\u043d\u043e \u0431\u044b\u0442\u044c \u0437\u0430\u043f\u043e\u043b\u043d\u0435\u043d\u043e\">*<\/span><\/label>\n\t\t\t\t<input class=\"extra_field_input\" name=\"steuernummer\" maxlength=\"250\" type=\"text\" id=\"steuernummer\" value=\"\"  required \/><\/li><li class=\"wppb-form-field wppb-input\" id=\"wppb-form-element-67\">\n\t\t\t\t<label for=\"umsatzsteuer-identifikationsnummer\">Umsatzsteuer-Identifikationsnummer (USt-ID),  falls vorhanden<\/label>\n\t\t\t\t<input class=\"extra_field_input\" name=\"umsatzsteuer-identifikationsnummer\" maxlength=\"250\" type=\"text\" id=\"umsatzsteuer-identifikationsnummer\" value=\"\" \/><\/li><li class=\"wppb-form-field wppb-input\" id=\"wppb-form-element-22\">\n\t\t\t\t<label for=\"InhaberGesellschafter\">Inhaber \/ Gesellschafter<span class=\"wppb-required\" title=\"\u042d\u0442\u043e \u043f\u043e\u043b\u0435 \u0434\u043e\u043b\u0436\u043d\u043e \u0431\u044b\u0442\u044c \u0437\u0430\u043f\u043e\u043b\u043d\u0435\u043d\u043e\">*<\/span><\/label>\n\t\t\t\t<input class=\"extra_field_input\" name=\"InhaberGesellschafter\" maxlength=\"250\" type=\"text\" id=\"InhaberGesellschafter\" value=\"\"  required \/><\/li><li class=\"wppb-form-field wppb-input\" id=\"wppb-form-element-23\">\n\t\t\t\t<label for=\"Geschaftsfuhrer_oder_Buroleiter\">Gesch\u00e4ftsf\u00fchrer oder B\u00fcroleiter<\/label>\n\t\t\t\t<input class=\"extra_field_input\" name=\"Geschaftsfuhrer_oder_Buroleiter\" maxlength=\"250\" type=\"text\" id=\"Geschaftsfuhrer_oder_Buroleiter\" value=\"\" \/><\/li><li class=\"wppb-form-field wppb-input\" id=\"wppb-form-element-24\">\n\t\t\t\t<label for=\"HandelsregisterNr\">Handelsregister Nr.<\/label>\n\t\t\t\t<input class=\"extra_field_input\" name=\"HandelsregisterNr\" maxlength=\"250\" type=\"text\" id=\"HandelsregisterNr\" value=\"\" \/><\/li><li class=\"wppb-form-field wppb-input\" id=\"wppb-form-element-27\">\n\t\t\t\t<label for=\"Eingetragen_seit\">Eingetragen seit<\/label>\n\t\t\t\t<input class=\"extra_field_input\" name=\"Eingetragen_seit\" maxlength=\"250\" type=\"text\" id=\"Eingetragen_seit\" value=\"\" \/><\/li><li class=\"wppb-form-field wppb-heading\" id=\"wppb-form-element-28\"><h6 class=\"extra_field_heading\">Bitte eine Kopie des Handelsregister-Auszuges oder der Gewerbeanmeldung zufaxen!<\/h6><span class=\"wppb-description-delimiter\"><\/span><\/li><li class=\"wppb-form-field wppb-heading\" id=\"wppb-form-element-51\"><h3 class=\"extra_field_heading\">Sonstige Angaben <\/h3><span class=\"wppb-description-delimiter\"><\/span><\/li><li class=\"wppb-form-field wppb-input\" id=\"wppb-form-element-29\">\n\t\t\t\t<label for=\"IATA-Nummer\">IATA-Nummer<\/label>\n\t\t\t\t<input class=\"extra_field_input\" name=\"IATA-Nummer\" maxlength=\"250\" type=\"text\" id=\"IATA-Nummer\" value=\"\" \/><\/li><li class=\"wppb-form-field wppb-textarea\" id=\"wppb-form-element-30\">\n\t\t\t\t<label for=\"Reiseb\u00fcro-Kette\">Geh\u00f6ren Sie einer Reiseb\u00fcro-Kette oder Kooperation an? Weicher? <\/label>\n\t\t\t\t<textarea rows=\"1\" name=\"Reiseb\u00fcro-Kette\" maxlength=\"\" class=\"custom_field_textarea\" id=\"Reiseb\u00fcro-Kette\" wrap=\"virtual\" ><\/textarea><\/li><li class=\"wppb-form-field wppb-heading\" id=\"wppb-form-element-52\"><h3 class=\"extra_field_heading\">Haben Sie ein CRS-System? <\/h3><span class=\"wppb-description-delimiter\"><\/span><\/li><li class=\"wppb-form-field wppb-checkbox\" id=\"wppb-form-element-53\">\n\t\t\t\t<label for=\"CRS-System\">Welchen? (bitte ankreuzen)<\/label><ul class=\"wppb-checkboxes\"><li class=\"wppb-hidden\"><input type=\"hidden\" value=\"\" name=\"CRS-System\"><\/li><li><input value=\"Sabre\" class=\"custom_field_checkbox\" name=\"CRS-System[]\" id=\"sabre_53\" type=\"checkbox\"   \/><label for=\"sabre_53\" class=\"wppb-rc-value\">Sabre<\/label><\/li><li><input value=\"Amadeus\" class=\"custom_field_checkbox\" name=\"CRS-System[]\" id=\"amadeus_53\" type=\"checkbox\"   \/><label for=\"amadeus_53\" class=\"wppb-rc-value\">Amadeus<\/label><\/li><li><input value=\"Gabriel\" class=\"custom_field_checkbox\" name=\"CRS-System[]\" id=\"gabriel_53\" type=\"checkbox\"   \/><label for=\"gabriel_53\" class=\"wppb-rc-value\">Gabriel<\/label><\/li><li><input value=\"Andere\" class=\"custom_field_checkbox\" name=\"CRS-System[]\" id=\"andere_53\" type=\"checkbox\"   \/><label for=\"andere_53\" class=\"wppb-rc-value\">Andere<\/label><\/li><\/ul><\/li><li class=\"wppb-form-field wppb-heading\" id=\"wppb-form-element-54\"><h4 class=\"extra_field_heading\">Ihre System Office ID (z.B. FMOL121FJ)<\/h4><span class=\"wppb-description-delimiter\"><\/span><\/li><li class=\"wppb-form-field wppb-input\" id=\"wppb-form-element-60\">\n\t\t\t\t<label for=\"ID_sabre\">System Office ID Sabre<\/label>\n\t\t\t\t<input class=\"extra_field_input\" name=\"ID_sabre\" maxlength=\"250\" type=\"text\" id=\"ID_sabre\" value=\"\" \/><\/li><li class=\"wppb-form-field wppb-input\" id=\"wppb-form-element-61\">\n\t\t\t\t<label for=\"ID_amadeus\"> System Office ID Amadeus<\/label>\n\t\t\t\t<input class=\"extra_field_input\" name=\"ID_amadeus\" maxlength=\"250\" type=\"text\" id=\"ID_amadeus\" value=\"\" \/><\/li><li class=\"wppb-form-field wppb-input\" id=\"wppb-form-element-62\">\n\t\t\t\t<label for=\"ID_gabriel\">System Office ID Gabriel<\/label>\n\t\t\t\t<input class=\"extra_field_input\" name=\"ID_gabriel\" maxlength=\"250\" type=\"text\" id=\"ID_gabriel\" value=\"\" \/><\/li><li class=\"wppb-form-field wppb-input\" id=\"wppb-form-element-63\">\n\t\t\t\t<label for=\"ID_andere\">System Office ID Andere<\/label>\n\t\t\t\t<input class=\"extra_field_input\" name=\"ID_andere\" maxlength=\"250\" type=\"text\" id=\"ID_andere\" value=\"\" \/><\/li><li class=\"wppb-form-field wppb-heading\" id=\"wppb-form-element-56\"><h3 class=\"extra_field_heading\">Bankverbindung <\/h3><span class=\"wppb-description-delimiter\"><\/span><\/li><li class=\"wppb-form-field wppb-input\" id=\"wppb-form-element-35\">\n\t\t\t\t<label for=\"Kontoinhaber\">Kontoinhaber<\/label>\n\t\t\t\t<input class=\"extra_field_input\" name=\"Kontoinhaber\" maxlength=\"250\" type=\"text\" id=\"Kontoinhaber\" value=\"\" \/><\/li><li class=\"wppb-form-field wppb-input\" id=\"wppb-form-element-36\">\n\t\t\t\t<label for=\"Kontonummer\">Kontonummer<\/label>\n\t\t\t\t<input class=\"extra_field_input\" name=\"Kontonummer\" maxlength=\"250\" type=\"text\" id=\"Kontonummer\" value=\"\" \/><\/li><li class=\"wppb-form-field wppb-input\" id=\"wppb-form-element-37\">\n\t\t\t\t<label for=\"Bankleitzahl\">Bankleitzahl<\/label>\n\t\t\t\t<input class=\"extra_field_input\" name=\"Bankleitzahl\" maxlength=\"250\" type=\"text\" id=\"Bankleitzahl\" value=\"\" \/><\/li><li class=\"wppb-form-field wppb-input\" id=\"wppb-form-element-38\">\n\t\t\t\t<label for=\"Name_der_Bank\">Name der Bank<\/label>\n\t\t\t\t<input class=\"extra_field_input\" name=\"Name_der_Bank\" maxlength=\"250\" type=\"text\" id=\"Name_der_Bank\" value=\"\" \/><\/li><li class=\"wppb-form-field wppb-checkbox\" id=\"wppb-form-element-57\">\n\t\t\t\t<label for=\"places_of_work\">Ihr Hauptverkaufsgebiet<\/label><ul class=\"wppb-checkboxes\"><li class=\"wppb-hidden\"><input type=\"hidden\" value=\"\" name=\"places_of_work\"><\/li><li><input value=\"GUS\" class=\"custom_field_checkbox\" name=\"places_of_work[]\" id=\"gus_57\" type=\"checkbox\"   \/><label for=\"gus_57\" class=\"wppb-rc-value\">GUS<\/label><\/li><li><input value=\"Fernost und Asien\" class=\"custom_field_checkbox\" name=\"places_of_work[]\" id=\"fernost-und-asien_57\" type=\"checkbox\"   \/><label for=\"fernost-und-asien_57\" class=\"wppb-rc-value\">Fernost und Asien<\/label><\/li><li><input value=\"Europa\" class=\"custom_field_checkbox\" name=\"places_of_work[]\" id=\"europa_57\" type=\"checkbox\"   \/><label for=\"europa_57\" class=\"wppb-rc-value\">Europa<\/label><\/li><li><input value=\"America\" class=\"custom_field_checkbox\" name=\"places_of_work[]\" id=\"america_57\" type=\"checkbox\"   \/><label for=\"america_57\" class=\"wppb-rc-value\">America<\/label><\/li><li><input value=\"Nahost\" class=\"custom_field_checkbox\" name=\"places_of_work[]\" id=\"nahost_57\" type=\"checkbox\"   \/><label for=\"nahost_57\" class=\"wppb-rc-value\">Nahost<\/label><\/li><li><input value=\"Africa\" class=\"custom_field_checkbox\" name=\"places_of_work[]\" id=\"africa_57\" type=\"checkbox\"   \/><label for=\"africa_57\" class=\"wppb-rc-value\">Africa<\/label><\/li><\/ul><\/li><li class=\"wppb-form-field wppb-textarea\" id=\"wppb-form-element-45\">\n\t\t\t\t<label for=\"Sonstiges\">Sonstiges<\/label>\n\t\t\t\t<textarea rows=\"5\" name=\"Sonstiges\" maxlength=\"\" class=\"custom_field_textarea\" id=\"Sonstiges\" wrap=\"virtual\" ><\/textarea><\/li><li class=\"wppb-form-field wppb-heading\" id=\"wppb-form-element-58\"><h3 class=\"extra_field_heading\">Allgemeinen Gesch\u00e4fts- und Bef\u00f6rderungsbedingungen <\/h3><span class=\"wppb-description-delimiter\"><\/span><\/li><li class=\"wppb-form-field wppb-checkbox-terms-and-conditions\" id=\"wppb-form-element-46\">\n\t\t\t\t<label for=\"akzeptiere\">\n\t\t\t\t<input value=\"agree\" name=\"akzeptiere\" id=\"akzeptiere\" type=\"checkbox\" class=\"custom_field_toa\"  required \/>Ich akzeptiere die zurzeit g\u00fcltigen und von mir gelesenen und verstandenen Allgemeinen Gesch\u00e4fts- und Bef\u00f6rderungsbedingungen der Pul Express GmbH.<span class=\"wppb-required\" title=\"\u042d\u0442\u043e \u043f\u043e\u043b\u0435 \u0434\u043e\u043b\u0436\u043d\u043e \u0431\u044b\u0442\u044c \u0437\u0430\u043f\u043e\u043b\u043d\u0435\u043d\u043e\">*<\/span><\/label><span class=\"agree_to_terms\"><\/span><\/li><li class=\"wppb-form-field wppb-checkbox-terms-and-conditions\" id=\"wppb-form-element-47\">\n\t\t\t\t<label for=\"Hiermit_erklare_ich_mich_einverstanden\">\n\t\t\t\t<input value=\"agree\" name=\"Hiermit_erklare_ich_mich_einverstanden\" id=\"Hiermit_erklare_ich_mich_einverstanden\" type=\"checkbox\" class=\"custom_field_toa\"  required \/>Hiermit erkl\u00e4re ich mich einverstanden von Pul Express GmbH Angebote und Informationen per E-Mail und auf andere Wege zu bekommen<span class=\"wppb-required\" title=\"\u042d\u0442\u043e \u043f\u043e\u043b\u0435 \u0434\u043e\u043b\u0436\u043d\u043e \u0431\u044b\u0442\u044c \u0437\u0430\u043f\u043e\u043b\u043d\u0435\u043d\u043e\">*<\/span><\/label><span class=\"agree_to_terms\"><\/span><\/li><li class=\"wppb-form-field wppb-input\" id=\"wppb-form-element-65\">\n\t\t\t\t<label for=\"firstName\">firstName<\/label>\n\t\t\t\t<input class=\"extra_field_input\" name=\"firstName\" maxlength=\"250\" type=\"text\" id=\"firstName\" value=\"\" \/><\/li><li class=\"wppb-form-field wppb-two-factor-authentication\" id=\"wppb-form-element-2fa_settings\"><\/li><\/ul><ul><\/ul>\t\t\t<p class=\"form-submit\"  >\n\t\t\t\t                \t\t\t\t<input name=\"register\" type=\"submit\" id=\"register\" class=\"submit button\" value=\"\u0420\u0435\u0433\u0438\u0441\u0442\u0440\u0430\u0446\u0438\u044f\" \/>\n                <input name=\"redirect_to\" type=\"hidden\" value=\"\" \/>\n                \t\t\t\t<input name=\"action\" type=\"hidden\" id=\"action\" value=\"register\" \/>\n\t\t\t\t<input name=\"form_name\" type=\"hidden\" id=\"form_name\" value=\"unspecified\" \/>\n\t\t\t\t<input name=\"form_id\" type=\"hidden\" id=\"form_id\" value=\"\" \/>\n\t\t\t\t\t\t\t<\/p><!-- .form-submit -->\n\t\t\t<input type=\"hidden\" id=\"register_unspecified_nonce_field\" name=\"register_unspecified_nonce_field\" value=\"5c7d6dc151\" \/><input type=\"hidden\" name=\"_wp_http_referer\" value=\"\/ru\/wp-json\/wp\/v2\/pages\/13893\" \/>\t\t<input type=\"hidden\" name=\"trp-form-language\" value=\"ru\"\/><\/form>","protected":false},"excerpt":{"rendered":"","protected":false},"author":1,"featured_media":0,"parent":0,"menu_order":0,"comment_status":"closed","ping_status":"closed","template":"","meta":{"_acf_changed":false,"_bbp_topic_count":0,"_bbp_reply_count":0,"_bbp_total_topic_count":0,"_bbp_total_reply_count":0,"_bbp_voice_count":0,"_bbp_anonymous_reply_count":0,"_bbp_topic_count_hidden":0,"_bbp_reply_count_hidden":0,"_bbp_forum_subforum_count":0,"footnotes":""},"class_list":["post-13893","page","type-page","status-publish","hentry"],"acf":[],"_links":{"self":[{"href":"https:\/\/maxtixfare.de\/ru\/wp-json\/wp\/v2\/pages\/13893","targetHints":{"allow":["GET"]}}],"collection":[{"href":"https:\/\/maxtixfare.de\/ru\/wp-json\/wp\/v2\/pages"}],"about":[{"href":"https:\/\/maxtixfare.de\/ru\/wp-json\/wp\/v2\/types\/page"}],"author":[{"embeddable":true,"href":"https:\/\/maxtixfare.de\/ru\/wp-json\/wp\/v2\/users\/1"}],"replies":[{"embeddable":true,"href":"https:\/\/maxtixfare.de\/ru\/wp-json\/wp\/v2\/comments?post=13893"}],"version-history":[{"count":0,"href":"https:\/\/maxtixfare.de\/ru\/wp-json\/wp\/v2\/pages\/13893\/revisions"}],"wp:attachment":[{"href":"https:\/\/maxtixfare.de\/ru\/wp-json\/wp\/v2\/media?parent=13893"}],"curies":[{"name":"wp","href":"https:\/\/api.w.org\/{rel}","templated":true}]}}