{"id":15375,"date":"2022-08-22T13:56:33","date_gmt":"2022-08-22T13:56:33","guid":{"rendered":"https:\/\/maxtixfare.de\/?page_id=15375"},"modified":"2025-12-08T12:09:55","modified_gmt":"2025-12-08T12:09:55","slug":"agb","status":"publish","type":"page","link":"https:\/\/maxtixfare.de\/ru\/agb\/","title":{"rendered":"AGB"},"content":{"rendered":"<div data-elementor-type=\"wp-page\" data-elementor-id=\"15375\" class=\"elementor elementor-15375\" data-elementor-post-type=\"page\">\n\t\t\t\t\t\t<section class=\"elementor-section elementor-top-section elementor-element elementor-element-09ba8d1 elementor-section-boxed elementor-section-height-default elementor-section-height-default\" data-id=\"09ba8d1\" data-element_type=\"section\">\n\t\t\t\t\t\t<div class=\"elementor-container elementor-column-gap-default\">\n\t\t\t\t\t<div class=\"elementor-column elementor-col-100 elementor-top-column elementor-element elementor-element-dfd75be\" data-id=\"dfd75be\" data-element_type=\"column\">\n\t\t\t<div class=\"elementor-widget-wrap elementor-element-populated\">\n\t\t\t\t\t\t<div class=\"elementor-element elementor-element-e4194fb elementor-widget elementor-widget-heading\" data-id=\"e4194fb\" data-element_type=\"widget\" data-widget_type=\"heading.default\">\n\t\t\t\t<div class=\"elementor-widget-container\">\n\t\t\t\t\t<h2 class=\"elementor-heading-title elementor-size-default\">AGB<\/h2>\t\t\t\t<\/div>\n\t\t\t\t<\/div>\n\t\t\t\t\t<\/div>\n\t\t<\/div>\n\t\t\t\t\t<\/div>\n\t\t<\/section>\n\t\t\t\t<section class=\"elementor-section elementor-top-section elementor-element elementor-element-33b56c4 elementor-section-boxed elementor-section-height-default elementor-section-height-default\" data-id=\"33b56c4\" data-element_type=\"section\">\n\t\t\t\t\t\t<div class=\"elementor-container elementor-column-gap-default\">\n\t\t\t\t\t<div class=\"elementor-column elementor-col-100 elementor-top-column elementor-element elementor-element-3cf6c39\" data-id=\"3cf6c39\" data-element_type=\"column\">\n\t\t\t<div class=\"elementor-widget-wrap elementor-element-populated\">\n\t\t\t\t\t\t<div class=\"elementor-element elementor-element-92b0887 elementor-widget elementor-widget-text-editor\" data-id=\"92b0887\" data-element_type=\"widget\" data-widget_type=\"text-editor.default\">\n\t\t\t\t<div class=\"elementor-widget-container\">\n\t\t\t\t\t\t\t\t\t<p><b><span dir=\"ltr\" role=\"presentation\">Allgemeine Gesch\u00e4fts-, Vertrags- und Zahlungsbedingungen&nbsp;<\/span><span dir=\"ltr\" role=\"presentation\">f\u00fcr Flug- und Bahnvermittlungsleistungen der Firma Pul Express GmbH<\/span><\/b><\/p>\n<p><span dir=\"ltr\" role=\"presentation\">Die&nbsp;nachfolgenden&nbsp;Allgemeinen&nbsp;Gesch\u00e4ftsbedingungen&nbsp;gelten im Gesch\u00e4ftsverkehr der Reiseb\u00fcros (Vertragspartner)&nbsp;nachstehend auch als Agentur bezeichnet mit der&nbsp;Pul Express&nbsp;GmbH&nbsp;nachstehend als&nbsp;Pul Express&nbsp;bezeichnet.<\/span><\/p>\n<p><span dir=\"ltr\" role=\"presentation\"><br role=\"presentation\"><b>1. Geltung<\/b><br role=\"presentation\">1.1 F\u00fcr die Gesch\u00e4fts- und Vertragsbeziehung zwischen Pul&nbsp;Express und Agentur gelten ausschlie\u00dflich die nachfolgenden&nbsp;\u201eAllgemeinen Gesch\u00e4ftsbedingungen&#8230;\u201c in Ihrer zum Zeitpunkt&nbsp;der Beauftragung g\u00fcltigen Fassung.<\/span><\/p><p><span dir=\"ltr\" role=\"presentation\">1.2 Pul Express vermittelt Fl\u00fcge einschlie\u00dflich Nebenleistungen,&nbsp;und Bahnreise. Die genannten Leistungen werden ausschlie\u00dflich&nbsp;an Wiederverk\u00e4ufer wie z.B. Touragenturen od. Reiseb\u00fcros und&nbsp;\u00e4hnliche Agenturbetriebe vermittelt.<\/span><\/p><p><span dir=\"ltr\" role=\"presentation\">1.3 Die Agentur verkauft die durch die Pul Express angebotenen&nbsp;Leistungen in eigenem Namen und auf eigene Rechnung. Zur&nbsp;rechtsgesch\u00e4ftlichen Vertretung der Pul Express ist die Agentur&nbsp;nicht berechtigt. Im Rahmen der einzelnen Reiseleistungen tritt&nbsp;die Pul Express lediglich als Vermittler oder Erf\u00fcllungsgehilfe<br role=\"presentation\">f\u00fcr die angebotenen Leistungen gegen\u00fcber der Agentur auf.<\/span><\/p><p><span dir=\"ltr\" role=\"presentation\">1.4 Bei der Vermittlung von Leistungen an die Agentur entsteht&nbsp;weder ein Reisevertrag im Sinne des Reisevertragsrechts noch&nbsp;eine&nbsp;Luftbef\u00f6rderungsvertrag.&nbsp; Pul Express ist&nbsp;weder ausf\u00fchrenden noch vertr\u00e4glicher Luftfrachtf\u00fchrer.&nbsp;Eine&nbsp;Vertragsbeziehung zwischen dem Kunden der Agentur und Pul&nbsp;Express entsteht nicht.<\/span><\/p><p><span dir=\"ltr\" role=\"presentation\">1.5 Vermittlung genannten Leistungen erfolgt ausschlie\u00dflich auf&nbsp;der Grundlage der Bef\u00f6rderungsbedingungen der Fluggesellschaften. Die Resolutionen der IATA in Ihrer jeweils g\u00fcltigen<br role=\"presentation\">Fassung finden Anwendung, soweit es sich um Bef\u00f6rderungen&nbsp;mit IATA angeh\u00f6renden Leistungstr\u00e4gern handelt.<\/span><\/p><p><span dir=\"ltr\" role=\"presentation\">1.6 F\u00fcr Gruppen- und AD-Tickets gelten zus\u00e4tzlich zu AGB Pul&nbsp;Express besondere Bedingungen&nbsp; je&nbsp;nach&nbsp;Bedingungen&nbsp;der&nbsp;angefragten Fluggesellschaft.<\/span><\/p>\n<p><span dir=\"ltr\" role=\"presentation\"><b><br role=\"presentation\">2. Buchungsablauf<\/b><br role=\"presentation\">2.1 Auftr\u00e4ge erfolgen in der Regel \u00fcber die von Pul Express&nbsp;akzeptierten Computerreservierungssysteme (CRS). Ausnahme-&nbsp;weise werden Auftr\u00e4ge per E-Mail od. Fax angenommen.<\/span><\/p><p><span dir=\"ltr\" role=\"presentation\">2.2 Der Auftrag zur Vermittlung der Bef\u00f6rderungsleistung wird&nbsp;wirksam mit seiner Best\u00e4tigung, die in der Regel elektronisch&nbsp;im Buchungsvorgang oder in der Rechnung erfolgt.<\/span><\/p><p><span dir=\"ltr\" role=\"presentation\">2.3&nbsp;Die&nbsp;Agentur&nbsp;ist&nbsp;verpflichtet,&nbsp;alle&nbsp;f\u00fcr&nbsp;eine&nbsp;Buchung&nbsp;notwendigen Angaben vollst\u00e4ndig und zweifelsfrei zu liefern&nbsp;und eingegangene Buchungen und Tickets unverz\u00fcglich auf&nbsp;Richtigkeit&nbsp;und&nbsp;Vollst\u00e4ndigkeit&nbsp;zu&nbsp;\u00fcberpr\u00fcfen.&nbsp;Insbesondere&nbsp;betrifft es von den Regierungen und Beh\u00f6rden vorgeschriebenen&nbsp;Passagierdaten.<\/span><\/p><p><span dir=\"ltr\" role=\"presentation\">2.4 Bei den Buchungsauftr\u00e4gen sind \u00fcber CRS erforderlich&nbsp;vorgeschriebenen&nbsp;Eingabe-Formate&nbsp;und&nbsp;Queue-Adressen&nbsp;einzuhalten.<\/span><\/p>\n<p><span dir=\"ltr\" role=\"presentation\">&nbsp;<\/span><\/p>\n<p><b>3. Flugpreise<\/b><\/p>\n<p>3.1 Alle durch die Pul Express gegen\u00fcber der Agentur ver\u00f6ffentlichen Preislisten sind vertrauliche Arbeitsunterlagen.<\/p><p>3.2 Alle in den jeweiligen Tarifen und den Buchungsbest\u00e4tigungen zu Grunde liegenden und genannten Teilnahmebedingungen und Konditionen, insbesondere Einschr\u00e4nkungen im Teilnehmerkreis, l\u00e4nderspezifische Besonderheiten und Nachweise \u00fcber einen bestimmten Kundenstatus sind als verbindlich anzuerkennen und einzuhalten. Die Agentur hat seinen Kunden darauf zu verpflichten bzw. hinzuweisen.<\/p><p>3.3 Preis\u00e4nderungen der Fluggesellschaften unterliegen nicht dem Einfluss vom Pul Express und bleiben ausdr\u00fccklich vorbehalten. Die in den Angeboten aufgef\u00fchrten Preise sind deshalb unverbindlich und stehen unter dem Vorbehalt der \u00c4nderungen seitens Fluggesellschaften.<\/p><p>3.4 Pul Express ist berechtigt, eingetretene Tarif\u00e4nderungen oder Tarifnachforderungen seitens der Fluggesellschaften auch nach Vertragsschluss an die Agentur weiterzugeben. Pul Express beh\u00e4lt sich insbesondere vor, Preise im Falle der Erh\u00f6hung der Bef\u00f6rderungskosten oder der Abgaben f\u00fcr bestimmte Leistungen, wie Flughafengeb\u00fchren (Sicherheitszuschl\u00e4ge\/ \u00f6rtliche Steuern) und \/ oder&nbsp;<span style=\"color: var( --e-global-color-text ); background-color: transparent;\">Treibstoffzuschl\u00e4ge und \/ oder eine \u00c4nderung der f\u00fcr die Flugbef\u00f6rderung geltenden Wechselkurse, an die Agentur weiterzugeben. Die Preis- oder Tarif\u00e4nderungen ergeben sich aus den jeweiligen Bef\u00f6rderungs- und Gesch\u00e4ftsbedingungen der Fluggesellschaften, die von der Agentur anerkannt werden und deren Anerkennung sie auch durch ihre Kunden herbeif\u00fchren sollte. Nachbelastungen sind bis zu einem Zeitraum von drei Jahren nach Abschluss des Bef\u00f6rderungsvertrages m\u00f6glich.<\/span><\/p>\n<p><span style=\"color: var( --e-global-color-text ); background-color: transparent;\">3.5 Ein Flugschein gilt f\u00fcr die nat\u00fcrliche Person, f\u00fcr die er ausgestellt ist.<\/span><\/p>\n<p>3.6 Umfang und Inhalt der vermittelten Leistung ergeben sich aus den Bef\u00f6rderungsbestimmungen der jeweiligen Bef\u00f6rderungsunternehmer.<\/p>\n<p><b>4. Zahlungen, Zahlungsabwicklungen<\/b><\/p>\n<p>4.1 Die Ticketausstellung erfolgt jederzeit nach \u00dcbermittlung des Auftrages an Pul Express.<\/p><p>4.2 Ausgestellte Flugtickets, Reiseleistungen und s\u00e4mtliche Entgelte werden &#8211; unabh\u00e4ngig von Abflugdatum und Rechnungsausstellung &#8211; sofort nach Ausstellung ohne Abzug zur Zahlung f\u00e4llig.<\/p><p>4.3 Die Zahlung der Leistungen erfolgt unverz\u00fcglich nach Ausf\u00fchrung des Auftrages per Bankabbuchungsauftrag, soweit nichts anders vereinbart wurde. Die Agentur verpflichtet sich, jederzeit f\u00fcr die erforderliche Deckung des angegebenen Bankkontos zu sorgen. Im Falle eines R\u00fcckrufes der Abbuchung werden der Agentur die f\u00e4lligen Bank- und Bearbeitungsgeb\u00fchren in Rechnung gestellt.<\/p><p>4.4 Sollte ein Bankabbuchungsverfahren nicht gew\u00fcnscht sein, m\u00fcssen die Tickets gegen Rechnung im Voraus bezahlt werden. Tickets k\u00f6nnen erst nach dem vollst\u00e4ndigen Geldeingang<br>ausgestellt werden.<\/p><p>4.5 F\u00fcr den Zahlungsverzug gelten die gesetzlichen Vorschriften. Im Fall eines Zahlungsverzuges ist Pul Express berechtigt, s\u00e4mtliche Forderungen sofort f\u00e4llig zustellen.<\/p><p>4.6 Beim Zahlungsverzug werden Verzugszinsen in H\u00f6he von 0,05% vom vollen Ticketpreis zzgl. MwSt. f\u00fcr jeden weiteren Tag ab dem vierten Arbeitstag nach dem Ticketausstellung berechnet. Die Geltendmachung eines h\u00f6heren Verzugsschadens bleibt vorbehalten.<\/p><p>4.7 Das Erf\u00fcllungsrisiko f\u00fcr die rechtzeitige und vollst\u00e4ndige Zahlung des Kunden liegt bei der Agentur, welches f\u00fcr die Bezahlung der angeforderten Leistungen gegen\u00fcber Pul Express in jedem Fall haftet.<\/p><p>4.8 Eingezogene Zahlungen auf Flugleistungen verwaltet die Agentur treuh\u00e4nderisch getrennt von ihrem \u00fcbrigen Verm\u00f6gen nach den Gepflogenheiten eines ordentlichen und gewissenhaften Kaufmannes. Auf Verlangen von Pul Express hat die Agentur dieses nachzuweisen. Das Eigentum daran hat Pul Express. Die Geltendmachung von Zur\u00fcckbehaltungsrechten oder die Aufrechnung ist ausgeschlossen. Allgemeine Gesch\u00e4fts-, Vertrags- und Zahlungsbedingungen f\u00fcr Flug- und Bahnvermittlungsleistungen der Firma Pul Express GmbH<\/p><p>4.9 Die Agentur hat Pul Express unverz\u00fcglich \u00fcber Pf\u00e4ndungen in jene Treuhandbetr\u00e4ge zu informieren und hat bei Zugriff Dritter diese auf die vorrangigen Rechte von Pul Express an jenen Betr\u00e4gen hinzuweisen. Eine Informationspflicht trifft die Agentur ferner im Falle der Zahlungsunf\u00e4higkeit und namentlich bei Stellung von Insolvenzantr\u00e4gen.<\/p><p>4.10 Die Zahlung eines Vermittlungsentgeltes an die Agentur erfolgt gem\u00e4\u00df der jeweils von Pul Express ver\u00f6ffentlichten g\u00fcltigen Preislisten. Pul Express ist zur Aufrechnung berechtigt.<\/p><p>4.11 F\u00fcr den Kreditkarteneinsatz sind die Richtlinien des BSP sowie Datenschutzrichtlinien zwingend zu beachten, insbesondere wegen des im hier angewandten Mail-Order-Verfahrens bestehenden erh\u00f6hten Risikos f\u00fcr einen Kreditkartenmissbrauch.<\/p><p>4.12 Alle Flugscheine, die am Tag vor dem Abflugtermin bei Pul Express nicht bezahlt sind, k\u00f6nnen storniert werden. Mit der Stornierung verbundene Kosten tr\u00e4gt die Agentur<\/p><p>4.13 Eine Aufrechnung mit Gegenforderungen der Agentur aus Gutschriften ist nur mit Verg\u00fctungen f\u00fcr Leistungen der Pul Express zul\u00e4ssig, wenn Gegenforderung von Pul Express als bestehend und f\u00e4llig anerkannt oder rechtskr\u00e4ftig festgestellt ist. Ein Zur\u00fcckbehaltungsrecht steht der Agentur nicht zu.<\/p>\n<p><b>5. Auslieferung der Dokumente<\/b><\/p>\n<p>5.1 F\u00fcr den Versand der Reiseunterlagen und eventuellen im Zusammenhang damit anfallenden Kosten haftet ausschlie\u00dflich die Agentur.<\/p><p>5.2 Die Versendung von Flugscheinen und Dokumenten erfolgt auf Gefahr der Agentur. Der Versand erfolgt auf normalem Postwege, wenn keine rechtzeitige und abweichende Anweisung der Agentur eingeht. Im Falle kurzfristiger Buchungen hat die Agentur, die in Folge der Zustellung per Eilboten, Kurierdienst oder im Falle der Hinterlegung erwachsenen Aufwendungen zu tragen. Bei Buchungsauftr\u00e4gen ab dem dritten Arbeitstag vor Flugantritt \u00fcbernimmt Pul Express keine Gew\u00e4hr f\u00fcr die rechtzeitige Bearbeitung und den rechtzeitigen Zugang des Flugscheins.<\/p><p>5.3 Der Verlust eines Flugdokuments ist vor Antritt zw. Beendigung der Reise unverz\u00fcglich Pul Express oder dem Leistungstr\u00e4ger anzuzeigen. Die Agentur hat seinen Kunden der von ihm gebuchten Fluggesellschaft zu melden.<\/p><p>5.4 Pul Express GmbH stellt die Agentur eventuelle Auslieferungsbescheinigungen von Post oder anderen Kurierdiensten zur Verf\u00fcgung, die diese zur Geltendmachung eventueller Sch\u00e4den ben\u00f6tigen. Es wird darauf hingewiesen, dass in der Regel keine Haftung f\u00fcr Verz\u00f6gerung beim Transport von den Bef\u00f6rderern \u00fcbernommen wird, sondern diese gegebenenfalls durch eine Versicherung abgedeckt werden muss.<\/p><p>5.5 Die Agentur ist verpflichtet dem\/n Kunden die Reiseunterlagen nur auszuh\u00e4ndigen, wenn auch der Reisepreis vollst\u00e4ndig gezahlt ist. Sofern es sich um einen elektronisch \u00fcbermittelten Flugschein (E-Tix) handelt, ist auch sicher zustellen, dass die \u00dcbermittlung des Buchungscodes nicht vor der Bezahlung des Flugscheines erfolgt ist. Die Zahlung und \u00dcbermittlung des E-Tix sind voneinander unabh\u00e4ngig, aber stets von der Agentur zu dokumentieren.<\/p>\n<p><strong>6. Umbuchungen, Stornierung<\/strong><\/p>\n<p>6.1 Tickets k\u00f6nnen umgebucht oder storniert werden.&nbsp;F\u00fcr&nbsp;Umbuchungen \/ Stornierung bzw. Erstattungen gelten&nbsp;die&nbsp;jeweiligen Bestimmungen der Fluggesellschaft. Hierbei f\u00e4llt&nbsp;eine Storno- bzw. Umbuchungsgeb\u00fchr an, die je nach&nbsp;Leistungstr\u00e4ger unterschiedlich hoch ist und von demjenigen zu&nbsp;tragen ist, der die Stornierung veranlasst hat.<\/p><p>6.2 Pul Express ist berechtigt f\u00fcr Storno \/ Umbuchung&nbsp;zus\u00e4tzliche Bearbeitungs- bzw. Servicegeb\u00fchren der Agentur in&nbsp;die Rechnung zu stellen.<\/p>\n<p><strong>7. Reklamationen<\/strong><\/p>\n<p>7.1 Die Agentur haftet f\u00fcr die ordnungsgem\u00e4\u00dfe Abwicklung von&nbsp;Buchungen und stellt Pul Express von jeglicher Haftung im&nbsp;Falle nicht korrekt get\u00e4tigter Buchungen frei. Hier&nbsp;zu z\u00e4hlen beispielsweise nicht korrekt abgesicherte Buchungen.<\/p><p>7.2 F\u00fcr den Fall, dass Pul Express ein Ticket gem\u00e4\u00df einer&nbsp;Preisvorgabe durch die Agentur ausstellt, stellt die Agentur Pul Express von jeglicher Haftung f\u00fcr falsch ausgestellte Tickets,<br>Nachbelastungen etc. frei. In diesem Fall holt die&nbsp;Agentur die&nbsp;erforderliche Preisauskunft selbst bei der betroffenen Airline ein&nbsp;und handelt bei \u00dcbermittlung mit der Sorgfalt eines&nbsp;ordentlichen<br>Kaufmannes, um sich und Kunden von Sch\u00e4den und&nbsp;Nachbelastungen freizuhalten. Pul Express ist nicht&nbsp;verpflichtet,&nbsp;die empfangenen Preisvorgaben in jedem Fall nachzupr\u00fcfen.<\/p><p>7.3 Pul Express haftet f\u00fcr Vermittlungsfehler im Falle schriftlich&nbsp;erteilter Preisausk\u00fcnfte. Diese Haftung ist auf die&nbsp;H\u00f6he des&nbsp;Reisepreises begrenzt, gleiches gilt f\u00fcr andere&nbsp;Vermittlungsfehler.<\/p><p>7.4 Die Agentur ist gegen\u00fcber ihrem Kunden Vermittler im&nbsp;Namen der Leistungstr\u00e4ger und als solcher verpflichtet, ihre&nbsp;Kunden im Rahmen der gesetzlichen Bestimmungen auf Visa-&nbsp;und sonstige Vorschriften sowie auf R\u00fccktrittkosten,&nbsp;Versicherungsm\u00f6glichkeiten etc. hinzuweisen.<\/p><p>7.5 Reklamationen und\/oder Regressforderungen der Kunden&nbsp;sind von der Agentur gegebenenfalls direkt gegen\u00fcber den&nbsp;Fluggesellschaften geltend zu machen. In diesem Falle ist unter<br>Beif\u00fcgung der erforderlichen Unterlagen auch der Pul Express&nbsp;in Kenntnis zu setzen.<\/p><p>7.6 Anzeigen \u00fcber Leistungsst\u00f6rungen die den&nbsp;Bef\u00f6rderungsvertrag zwischen dem Kunden und dem&nbsp;Leistungstr\u00e4ger betreffen sind im Regelfall vom Kunden&nbsp;gegen\u00fcber dem Leistungstr\u00e4ger als Vertragspartner des&nbsp;Bef\u00f6rderungsvertrages zu erfolgen.<\/p><p>7.7 Sind Reklamationen und \/ oder Regressforderungen&nbsp;berechtigt und von dem Leistungstr\u00e4ger anerkannt, erh\u00e4lt die&nbsp;Agentur eine Gutschrift mit der Verpflichtung, sie&nbsp;demjenigen&nbsp;weiterzugeben, der sie beansprucht hat.<\/p>\n<p><strong>8. Sonstige Service-Leistungen<\/strong><\/p>\n<p>8.1 Sonstigen Service-Leistungen von Pul Express (z.B.&nbsp;Erstattungen, Umbuchungen, Kurierdienste) werden gem\u00e4\u00df&nbsp;g\u00fcltiger Preisliste \u201eSonstige Service-Leistungen&#8220; abgerechnet.<\/p>\n<p><strong>9. Vertraulichkeit<\/strong><\/p>\n<p>9.1 Alle durch Pul Express gegen\u00fcber der Agentur vroffentlichen Preis-, Entgelt- oder Provisionslisten und&nbsp;sonstige Informationen sind vertraulich zu behandeln. Eine&nbsp;Weitergabe an Dritte ist untersagt, soweit sie nicht zur&nbsp;Abwicklung des Vertragsverh\u00e4ltnisses erforderlich ist.<\/p><p>9.2 Um Missverst\u00e4ndnissen hinsichtlich der zugrundeliegenden&nbsp;Vertrags- und Rechtsverh\u00e4ltnisse vorzubeugen, ist es&nbsp;der&nbsp;Agentur nicht gestattet, an sie von Pul Express adressierte&nbsp;Schreiben dem Kunden offen zu legen. Hiervon umfasst sind&nbsp;insbesondere Rechnungen, die einen R\u00fcckschluss auf Pul Express als Vermittler von Flugleistungen zulassen.<\/p>\n<p><span dir=\"ltr\" role=\"presentation\"><b> 10. Haftung<\/b><br>10.1 Pul Express haftet auf Schadensersatz wegen Verletzung&nbsp;vertraglich oder vertrags\u00e4hnlicher Pflichte oder bei Vorsatz oder&nbsp;grober Fahrl\u00e4ssigkeit. Die Haftung ist der H\u00f6he nach auf den&nbsp;voraussehbaren Schaden und maximal auf der H\u00f6he des&nbsp;1,5fachen Preises der vermittelten Flugleistung beschr\u00e4nkt.<br>Ausgeschlossen ist der Ersatz f\u00fcr Folgesch\u00e4den. Von dieser&nbsp;Haftungsbeschr\u00e4nkung ausgenommen sind Verletzung von&nbsp;Leben, K\u00f6rper und Gesundheit.&nbsp;<\/span><\/p><p><span dir=\"ltr\" role=\"presentation\">10.2 Pul Express haftet nicht f\u00fcr mangelhafte Flugleistungen&nbsp;und Sch\u00e4den, die bei der denen Durchf\u00fchrung entstehen.&nbsp;<\/span><\/p><p><span dir=\"ltr\" role=\"presentation\">10.3 \u00dcber die Einhaltung notwendiger Pass- und&nbsp;Visumerfordernisse, einschlie\u00dflich der Fristen zur Erlangung&nbsp;dieser Dokumente sowie \u00fcber gesundheitspolizeiliche&nbsp;Formalit\u00e4ten unterrichtet gegebenenfalls die Agentur den&nbsp;Fluggast. F\u00fcr die Beschaffung jener Dokumente ist der Fluggast&nbsp;selbst verantwortlich.&nbsp;<\/span><\/p><p><span dir=\"ltr\" role=\"presentation\">10.4 Die Agentur stellt Pul Express von jeder Inanspruchnahme&nbsp;durch Dritte frei, die aus einer unrichtigen oder&nbsp;missverst\u00e4ndlichen Darstellung der Rechts- und&nbsp;Vertragsverh\u00e4ltnisse, der schuldhaften Verletzung von&nbsp;Aufkl\u00e4rungs- und Informationspflichten und\/oder einer&nbsp;Verletzung der Vertraulichkeitsverpflichtung herr\u00fchrt.<\/span><\/p>\n<p><b>11. Informationspflichten der Agentur<\/b><br>11.1 Die Agentur hat Pul Express \u00fcber jeden Wechsel in der&nbsp;Gesch\u00e4ftsf\u00fchrung, der Inhaberverh\u00e4ltnisse sowie \u00fcber Bank-&nbsp;oder Kontoverbindung oder einen \u00f6rtlichen Wechsel der&nbsp;Betriebsst\u00e4tte unverz\u00fcglich schriftlich zu informieren und auf&nbsp;Verlangen von Pul Express entsprechende Dokumente aus dem<br>Handels- oder Gewerberegister vorzulegen.<\/p><p>11.2 Alle f\u00fcr die Agentur bestimmten Informationen,&nbsp;\u00c4nderungsnachrichten von Leistungstr\u00e4gern und Mitteilungen in&nbsp;eigener Sache kommuniziert Pul Express per Fax- bzw. E-Mail-Rundschreiben sowie im Internet auf WEB-Seite. Sollte die&nbsp;Agentur Fax und E-Mail-Rundschreiben nicht zu erhalten&nbsp;w\u00fcnschen, ist sie verpflichtet, an entsprechender Stelle im&nbsp;Internet zu informieren.<\/p>\n<p>11.3 Pflicht zur Mitwirkung bei Sanktionspr\u00fcfungen:<strong> <\/strong>Die Agentur verpflichtet sich, bei der Vermittlung von Bef\u00f6rderungsleistungen mit Ziel oder Bezug zur Russischen F\u00f6deration alle erforderlichen Angaben zu erheben und an Pul Express zu \u00fcbermitteln, die zur Einhaltung europ\u00e4ischer Sanktionsverordnungen \u2013 insbesondere Art.\u202f5n VO (EU)\u202f833\/2014 i.\u202fd.\u202fF. der VO\u202f(EU)\u202f2025\/2033 \u2013 notwendig sind. Hierzu z\u00e4hlen insbesondere Informationen \u00fcber den Reisezweck, den Kundentyp (Privatkunde, Unternehmen, NGO) sowie Nachweise, dass keine touristischen Leistungen erbracht werden.<\/p><p><span style=\"background-color: transparent;\">11.4 Verpflichtung zur Einhaltung der EU-Sanktionsvorschriften:<\/span><strong style=\"background-color: transparent;\"> <\/strong><span style=\"background-color: transparent;\">Die Agentur sichert zu, keine Flug- oder Reisedienstleistungen zu vermitteln oder zu unterst\u00fctzen, die gegen geltende EU-Sanktionsvorschriften versto\u00dfen. Insbesondere verpflichtet sie sich, keine touristischen Reisen in die Russische F\u00f6deration zu bewerben oder zu erm\u00f6glichen, sofern diese nach Art.\u202f5n VO\u202f(EU)\u202f833\/2014 untersagt sind. Bei Verst\u00f6\u00dfen haftet die Agentur f\u00fcr s\u00e4mtliche daraus resultierenden Sch\u00e4den und stellt Pul Express auf erstes Anfordern von allen Anspr\u00fcchen Dritter frei.<\/span><\/p>\n<p><\/p>\n<p><b>12. Datenschutzbestimmungen<\/b><br>12.1 Pul Express verpflichtet sich, die f\u00fcr den Buchungs- und&nbsp;Zahlungsvorgang notwendigen Daten von Kunden der Agentur&nbsp;lediglich zu eigenen Zwecken und zur Abwicklung des&nbsp;Auftrages zu nutzen. Eine Weitergabe an Dritte erfolgt nur im&nbsp;Rahmen der Vorschriften, z.B. wenn hierzu eine gesetzliche&nbsp;oder beh\u00f6rdliche Verpflichtung besteht, insbesondere zur&nbsp;Bek\u00e4mpfung von Kreditkartenmissbrauch. Soweit es zur&nbsp;Abwicklung der vermittelten Vertr\u00e4ge erforderlich ist, d\u00fcrfen&nbsp;Daten an Dritte weitergegeben werden.<\/p>\n<p><b>13. Schlussbestimmungen<\/b><br>13.1 Sollten Bestimmungen dieser Gesch\u00e4ftsbedingungen&nbsp;unwirksam sein oder werden, so wird hiervon die Wirksamkeit&nbsp;aller sonstigen Bestimmungen nicht ber\u00fchrt. Die unwirksame&nbsp;Bestimmung ist durch eine wirksame zu ersetzten, die den mit&nbsp;ihr verfolgten wirtschaftlichen Zweck so weit wie m\u00f6glich&nbsp;verwirklicht.<\/p><p>13.2 Erf\u00fcllungsort und ausschlie\u00dflicher Gerichtsstand ist Berlin.<\/p>\n<p>Pul Express GmbH<br>Meinekestr. 5, 10719 Berlin<br>Stand: 01.01.2012<\/p>\t\t\t\t\t\t\t\t<\/div>\n\t\t\t\t<\/div>\n\t\t\t\t\t<\/div>\n\t\t<\/div>\n\t\t\t\t\t<\/div>\n\t\t<\/section>\n\t\t\t\t<\/div>","protected":false},"excerpt":{"rendered":"<p>AGB Allgemeine Gesch\u00e4fts-, Vertrags- und Zahlungsbedingungen&nbsp;f\u00fcr Flug- und Bahnvermittlungsleistungen der Firma Pul Express GmbH Die&nbsp;nachfolgenden&nbsp;Allgemeinen&nbsp;Gesch\u00e4ftsbedingungen&nbsp;gelten im Gesch\u00e4ftsverkehr der Reiseb\u00fcros (Vertragspartner)&nbsp;nachstehend auch als Agentur bezeichnet mit der&nbsp;Pul Express&nbsp;GmbH&nbsp;nachstehend als&nbsp;Pul Express&nbsp;bezeichnet. 1. Geltung1.1 F\u00fcr die Gesch\u00e4fts- und Vertragsbeziehung zwischen Pul&nbsp;Express und Agentur gelten ausschlie\u00dflich die nachfolgenden&nbsp;\u201eAllgemeinen Gesch\u00e4ftsbedingungen&#8230;\u201c in Ihrer zum Zeitpunkt&nbsp;der Beauftragung g\u00fcltigen Fassung. 1.2 Pul Express vermittelt Fl\u00fcge einschlie\u00dflich Nebenleistungen,&nbsp;und Bahnreise. [&hellip;]<\/p>","protected":false},"author":5,"featured_media":0,"parent":0,"menu_order":0,"comment_status":"closed","ping_status":"closed","template":"","meta":{"_acf_changed":false,"_bbp_topic_count":0,"_bbp_reply_count":0,"_bbp_total_topic_count":0,"_bbp_total_reply_count":0,"_bbp_voice_count":0,"_bbp_anonymous_reply_count":0,"_bbp_topic_count_hidden":0,"_bbp_reply_count_hidden":0,"_bbp_forum_subforum_count":0,"footnotes":""},"class_list":["post-15375","page","type-page","status-publish","hentry"],"acf":[],"_links":{"self":[{"href":"https:\/\/maxtixfare.de\/ru\/wp-json\/wp\/v2\/pages\/15375","targetHints":{"allow":["GET"]}}],"collection":[{"href":"https:\/\/maxtixfare.de\/ru\/wp-json\/wp\/v2\/pages"}],"about":[{"href":"https:\/\/maxtixfare.de\/ru\/wp-json\/wp\/v2\/types\/page"}],"author":[{"embeddable":true,"href":"https:\/\/maxtixfare.de\/ru\/wp-json\/wp\/v2\/users\/5"}],"replies":[{"embeddable":true,"href":"https:\/\/maxtixfare.de\/ru\/wp-json\/wp\/v2\/comments?post=15375"}],"version-history":[{"count":4,"href":"https:\/\/maxtixfare.de\/ru\/wp-json\/wp\/v2\/pages\/15375\/revisions"}],"predecessor-version":[{"id":23424,"href":"https:\/\/maxtixfare.de\/ru\/wp-json\/wp\/v2\/pages\/15375\/revisions\/23424"}],"wp:attachment":[{"href":"https:\/\/maxtixfare.de\/ru\/wp-json\/wp\/v2\/media?parent=15375"}],"curies":[{"name":"wp","href":"https:\/\/api.w.org\/{rel}","templated":true}]}}