{"id":16572,"date":"2023-04-15T22:36:33","date_gmt":"2023-04-15T22:36:33","guid":{"rendered":"https:\/\/maxtixfare.de\/?page_id=16572"},"modified":"2025-12-19T10:32:31","modified_gmt":"2025-12-19T10:32:31","slug":"staedtereisen","status":"publish","type":"page","link":"https:\/\/maxtixfare.de\/ru\/staedtereisen\/","title":{"rendered":"\u042d\u043a\u0441\u043a\u0443\u0440\u0441\u0438\u043e\u043d\u043d\u044b\u0435 \u0442\u0443\u0440\u044b"},"content":{"rendered":"<div data-elementor-type=\"wp-page\" data-elementor-id=\"16572\" class=\"elementor elementor-16572\" data-elementor-post-type=\"page\">\n\t\t\t\t\t\t<section class=\"elementor-section elementor-top-section elementor-element elementor-element-48e0498 elementor-section-boxed elementor-section-height-default elementor-section-height-default\" data-id=\"48e0498\" data-element_type=\"section\">\n\t\t\t\t\t\t<div class=\"elementor-container elementor-column-gap-default\">\n\t\t\t\t\t<div class=\"elementor-column elementor-col-100 elementor-top-column elementor-element elementor-element-15540f1\" data-id=\"15540f1\" data-element_type=\"column\">\n\t\t\t<div class=\"elementor-widget-wrap elementor-element-populated\">\n\t\t\t\t\t\t<div class=\"elementor-element elementor-element-1e5efb6 elementor-widget elementor-widget-heading\" data-id=\"1e5efb6\" data-element_type=\"widget\" data-widget_type=\"heading.default\">\n\t\t\t\t<div class=\"elementor-widget-container\">\n\t\t\t\t\t<h2 class=\"elementor-heading-title elementor-size-default\">Pauschalreisen mit Abreise aus deutschen St\u00e4dten<br>Reiseagenturen erhalten eine Provision!<\/h2>\t\t\t\t<\/div>\n\t\t\t\t<\/div>\n\t\t\t\t\t<\/div>\n\t\t<\/div>\n\t\t\t\t\t<\/div>\n\t\t<\/section>\n\t\t\t\t<section class=\"elementor-section elementor-top-section elementor-element elementor-element-0202ebb elementor-section-boxed elementor-section-height-default elementor-section-height-default\" data-id=\"0202ebb\" data-element_type=\"section\">\n\t\t\t\t\t\t<div class=\"elementor-container elementor-column-gap-default\">\n\t\t\t\t\t<div class=\"elementor-column elementor-col-33 elementor-top-column elementor-element elementor-element-d88178b\" data-id=\"d88178b\" data-element_type=\"column\">\n\t\t\t<div class=\"elementor-widget-wrap elementor-element-populated\">\n\t\t\t\t\t\t<div class=\"elementor-element elementor-element-6f4097b elementor-widget elementor-widget-image\" data-id=\"6f4097b\" data-element_type=\"widget\" data-widget_type=\"image.default\">\n\t\t\t\t<div class=\"elementor-widget-container\">\n\t\t\t\t\t\t\t\t\t\t\t\t\t\t\t\t<a href=\"https:\/\/maxtixfare.de\/ru\/staedtereisen-jurmala-lettland-zubucherreise-2-3-tage\/\" target=\"_blank\">\n\t\t\t\t\t\t\t<img decoding=\"async\" src=\"https:\/\/maxtixfare.de\/wp-content\/uploads\/elementor\/thumbs\/Jurmala_Banner_Tour-rgdrenvc1os0llbi75lbggx1j0p21ebranvef7qq3e.png\" title=\"Jurmala_Banner_Tour\" alt=\"Jurmala\" loading=\"lazy\" \/>\t\t\t\t\t\t\t\t<\/a>\n\t\t\t\t\t\t\t\t\t\t\t\t\t\t\t<\/div>\n\t\t\t\t<\/div>\n\t\t\t\t\t<\/div>\n\t\t<\/div>\n\t\t\t\t<div class=\"elementor-column elementor-col-33 elementor-top-column elementor-element elementor-element-9f3b95a\" data-id=\"9f3b95a\" data-element_type=\"column\">\n\t\t\t<div class=\"elementor-widget-wrap elementor-element-populated\">\n\t\t\t\t\t\t<div class=\"elementor-element elementor-element-956fd29 elementor-widget elementor-widget-image\" data-id=\"956fd29\" data-element_type=\"widget\" data-widget_type=\"image.default\">\n\t\t\t\t<div class=\"elementor-widget-container\">\n\t\t\t\t\t\t\t\t\t\t\t\t\t\t\t\t<a href=\"https:\/\/maxtixfare.de\/ru\/staedtereisen-georgien-zubucherreise-8-tage\/\" target=\"_blank\">\n\t\t\t\t\t\t\t<img fetchpriority=\"high\" decoding=\"async\" width=\"300\" height=\"169\" src=\"https:\/\/maxtixfare.de\/wp-content\/uploads\/2025\/01\/Georg_Zubucher-300x169.png\" class=\"attachment-medium size-medium wp-image-21776\" alt=\"Georg zubucher\" srcset=\"https:\/\/maxtixfare.de\/wp-content\/uploads\/2025\/01\/Georg_Zubucher-300x169.png 300w, https:\/\/maxtixfare.de\/wp-content\/uploads\/2025\/01\/Georg_Zubucher-1024x577.png 1024w, https:\/\/maxtixfare.de\/wp-content\/uploads\/2025\/01\/Georg_Zubucher-768x433.png 768w, https:\/\/maxtixfare.de\/wp-content\/uploads\/2025\/01\/Georg_Zubucher-1536x865.png 1536w, https:\/\/maxtixfare.de\/wp-content\/uploads\/2025\/01\/Georg_Zubucher-18x10.png 18w, https:\/\/maxtixfare.de\/wp-content\/uploads\/2025\/01\/Georg_Zubucher-672x379.png 672w, https:\/\/maxtixfare.de\/wp-content\/uploads\/2025\/01\/Georg_Zubucher-1038x585.png 1038w, https:\/\/maxtixfare.de\/wp-content\/uploads\/2025\/01\/Georg_Zubucher-480x270.png 480w, https:\/\/maxtixfare.de\/wp-content\/uploads\/2025\/01\/Georg_Zubucher.png 1640w\" sizes=\"(max-width: 300px) 100vw, 300px\" \/>\t\t\t\t\t\t\t\t<\/a>\n\t\t\t\t\t\t\t\t\t\t\t\t\t\t\t<\/div>\n\t\t\t\t<\/div>\n\t\t\t\t\t<\/div>\n\t\t<\/div>\n\t\t\t\t<div class=\"elementor-column elementor-col-33 elementor-top-column elementor-element elementor-element-03c473f\" data-id=\"03c473f\" data-element_type=\"column\">\n\t\t\t<div class=\"elementor-widget-wrap elementor-element-populated\">\n\t\t\t\t\t\t<div class=\"elementor-element elementor-element-44cc624 elementor-widget elementor-widget-image\" data-id=\"44cc624\" data-element_type=\"widget\" data-widget_type=\"image.default\">\n\t\t\t\t<div class=\"elementor-widget-container\">\n\t\t\t\t\t\t\t\t\t\t\t\t\t\t\t\t<a href=\"https:\/\/maxtixfare.de\/ru\/stadtereisen-georgien-fur-kleingruppen-8-tage\/\" target=\"_blank\">\n\t\t\t\t\t\t\t<img decoding=\"async\" width=\"300\" height=\"169\" src=\"https:\/\/maxtixfare.de\/wp-content\/uploads\/2025\/01\/Georg_Kleingrup-300x169.png\" class=\"attachment-medium size-medium wp-image-21784\" alt=\"Georg kleingrup\" srcset=\"https:\/\/maxtixfare.de\/wp-content\/uploads\/2025\/01\/Georg_Kleingrup-300x169.png 300w, https:\/\/maxtixfare.de\/wp-content\/uploads\/2025\/01\/Georg_Kleingrup-1024x577.png 1024w, https:\/\/maxtixfare.de\/wp-content\/uploads\/2025\/01\/Georg_Kleingrup-768x433.png 768w, https:\/\/maxtixfare.de\/wp-content\/uploads\/2025\/01\/Georg_Kleingrup-1536x865.png 1536w, https:\/\/maxtixfare.de\/wp-content\/uploads\/2025\/01\/Georg_Kleingrup-18x10.png 18w, https:\/\/maxtixfare.de\/wp-content\/uploads\/2025\/01\/Georg_Kleingrup-672x379.png 672w, https:\/\/maxtixfare.de\/wp-content\/uploads\/2025\/01\/Georg_Kleingrup-1038x585.png 1038w, https:\/\/maxtixfare.de\/wp-content\/uploads\/2025\/01\/Georg_Kleingrup-480x270.png 480w, https:\/\/maxtixfare.de\/wp-content\/uploads\/2025\/01\/Georg_Kleingrup.png 1640w\" sizes=\"(max-width: 300px) 100vw, 300px\" \/>\t\t\t\t\t\t\t\t<\/a>\n\t\t\t\t\t\t\t\t\t\t\t\t\t\t\t<\/div>\n\t\t\t\t<\/div>\n\t\t\t\t\t<\/div>\n\t\t<\/div>\n\t\t\t\t\t<\/div>\n\t\t<\/section>\n\t\t\t\t<section class=\"elementor-section elementor-top-section elementor-element elementor-element-c70f0b9 elementor-section-boxed elementor-section-height-default elementor-section-height-default\" data-id=\"c70f0b9\" data-element_type=\"section\">\n\t\t\t\t\t\t<div class=\"elementor-container elementor-column-gap-default\">\n\t\t\t\t\t<div class=\"elementor-column elementor-col-33 elementor-top-column elementor-element elementor-element-c8176df\" data-id=\"c8176df\" data-element_type=\"column\">\n\t\t\t<div class=\"elementor-widget-wrap elementor-element-populated\">\n\t\t\t\t\t\t<div class=\"elementor-element elementor-element-5c97f86 elementor-widget elementor-widget-image\" data-id=\"5c97f86\" data-element_type=\"widget\" data-widget_type=\"image.default\">\n\t\t\t\t<div class=\"elementor-widget-container\">\n\t\t\t\t\t\t\t\t\t\t\t\t\t\t\t\t<a href=\"https:\/\/maxtixfare.de\/ru\/staedtereisen-armenien-zubucherreise-8-tage\/\" target=\"_blank\">\n\t\t\t\t\t\t\t<img decoding=\"async\" width=\"300\" height=\"169\" src=\"https:\/\/maxtixfare.de\/wp-content\/uploads\/2025\/03\/2025_Armenien300.png\" class=\"attachment-large size-large wp-image-22066\" alt=\"2025 armenien300\" srcset=\"https:\/\/maxtixfare.de\/wp-content\/uploads\/2025\/03\/2025_Armenien300.png 300w, https:\/\/maxtixfare.de\/wp-content\/uploads\/2025\/03\/2025_Armenien300-18x10.png 18w\" sizes=\"(max-width: 300px) 100vw, 300px\" \/>\t\t\t\t\t\t\t\t<\/a>\n\t\t\t\t\t\t\t\t\t\t\t\t\t\t\t<\/div>\n\t\t\t\t<\/div>\n\t\t\t\t\t<\/div>\n\t\t<\/div>\n\t\t\t\t<div class=\"elementor-column elementor-col-33 elementor-top-column elementor-element elementor-element-7a2faa1\" data-id=\"7a2faa1\" data-element_type=\"column\">\n\t\t\t<div class=\"elementor-widget-wrap elementor-element-populated\">\n\t\t\t\t\t\t<div class=\"elementor-element elementor-element-d4033d2 elementor-widget elementor-widget-image\" data-id=\"d4033d2\" data-element_type=\"widget\" data-widget_type=\"image.default\">\n\t\t\t\t<div class=\"elementor-widget-container\">\n\t\t\t\t\t\t\t\t\t\t\t\t\t\t\t\t<a href=\"https:\/\/maxtixfare.de\/ru\/staedtereisen-armenien-und-georgien-zubucherreise-9-tage\/\" target=\"_blank\">\n\t\t\t\t\t\t\t<img loading=\"lazy\" decoding=\"async\" width=\"300\" height=\"169\" src=\"https:\/\/maxtixfare.de\/wp-content\/uploads\/2025\/03\/2025_Armenien_Georgien300.png\" class=\"attachment-large size-large wp-image-22065\" alt=\"2025 armenien georgien300\" srcset=\"https:\/\/maxtixfare.de\/wp-content\/uploads\/2025\/03\/2025_Armenien_Georgien300.png 300w, https:\/\/maxtixfare.de\/wp-content\/uploads\/2025\/03\/2025_Armenien_Georgien300-18x10.png 18w\" sizes=\"(max-width: 300px) 100vw, 300px\" \/>\t\t\t\t\t\t\t\t<\/a>\n\t\t\t\t\t\t\t\t\t\t\t\t\t\t\t<\/div>\n\t\t\t\t<\/div>\n\t\t\t\t\t<\/div>\n\t\t<\/div>\n\t\t\t\t<div class=\"elementor-column elementor-col-33 elementor-top-column elementor-element elementor-element-4a0b488\" data-id=\"4a0b488\" data-element_type=\"column\">\n\t\t\t<div class=\"elementor-widget-wrap elementor-element-populated\">\n\t\t\t\t\t\t<div class=\"elementor-element elementor-element-667788d elementor-widget elementor-widget-image\" data-id=\"667788d\" data-element_type=\"widget\" data-widget_type=\"image.default\">\n\t\t\t\t<div class=\"elementor-widget-container\">\n\t\t\t\t\t\t\t\t\t\t\t\t\t\t\t\t<a href=\"https:\/\/maxtixfare.de\/ru\/staedtereisen-georgien-geniesser-10-tage\/\" target=\"_blank\">\n\t\t\t\t\t\t\t<img loading=\"lazy\" decoding=\"async\" width=\"300\" height=\"169\" src=\"https:\/\/maxtixfare.de\/wp-content\/uploads\/2025\/01\/Georg_Geniesser-300x169.png\" class=\"attachment-medium size-medium wp-image-21780\" alt=\"Georg geniesser\" srcset=\"https:\/\/maxtixfare.de\/wp-content\/uploads\/2025\/01\/Georg_Geniesser-300x169.png 300w, https:\/\/maxtixfare.de\/wp-content\/uploads\/2025\/01\/Georg_Geniesser-1024x577.png 1024w, https:\/\/maxtixfare.de\/wp-content\/uploads\/2025\/01\/Georg_Geniesser-768x433.png 768w, https:\/\/maxtixfare.de\/wp-content\/uploads\/2025\/01\/Georg_Geniesser-1536x865.png 1536w, https:\/\/maxtixfare.de\/wp-content\/uploads\/2025\/01\/Georg_Geniesser-18x10.png 18w, https:\/\/maxtixfare.de\/wp-content\/uploads\/2025\/01\/Georg_Geniesser-672x379.png 672w, https:\/\/maxtixfare.de\/wp-content\/uploads\/2025\/01\/Georg_Geniesser-1038x585.png 1038w, https:\/\/maxtixfare.de\/wp-content\/uploads\/2025\/01\/Georg_Geniesser-480x270.png 480w, https:\/\/maxtixfare.de\/wp-content\/uploads\/2025\/01\/Georg_Geniesser.png 1640w\" sizes=\"(max-width: 300px) 100vw, 300px\" \/>\t\t\t\t\t\t\t\t<\/a>\n\t\t\t\t\t\t\t\t\t\t\t\t\t\t\t<\/div>\n\t\t\t\t<\/div>\n\t\t\t\t\t<\/div>\n\t\t<\/div>\n\t\t\t\t\t<\/div>\n\t\t<\/section>\n\t\t\t\t<section class=\"elementor-section elementor-top-section elementor-element elementor-element-6a4993c elementor-section-boxed elementor-section-height-default elementor-section-height-default\" data-id=\"6a4993c\" data-element_type=\"section\">\n\t\t\t\t\t\t<div class=\"elementor-container elementor-column-gap-default\">\n\t\t\t\t\t<div class=\"elementor-column elementor-col-33 elementor-top-column elementor-element elementor-element-8d11770\" data-id=\"8d11770\" data-element_type=\"column\">\n\t\t\t<div class=\"elementor-widget-wrap elementor-element-populated\">\n\t\t\t\t\t\t<div class=\"elementor-element elementor-element-b7ad9fe elementor-widget elementor-widget-image\" data-id=\"b7ad9fe\" data-element_type=\"widget\" data-widget_type=\"image.default\">\n\t\t\t\t<div class=\"elementor-widget-container\">\n\t\t\t\t\t\t\t\t\t\t\t\t\t\t\t\t<a href=\"https:\/\/maxtixfare.de\/ru\/staedtereisen-usbekistan-zubucherreise-8-tage\/\" target=\"_blank\">\n\t\t\t\t\t\t\t<img loading=\"lazy\" decoding=\"async\" width=\"300\" height=\"169\" src=\"https:\/\/maxtixfare.de\/wp-content\/uploads\/2025\/04\/Usbekistan300.png\" class=\"attachment-medium size-medium wp-image-22135\" alt=\"Werbung f\u00fcr Usbekistan-Reise 2025\" srcset=\"https:\/\/maxtixfare.de\/wp-content\/uploads\/2025\/04\/Usbekistan300.png 300w, https:\/\/maxtixfare.de\/wp-content\/uploads\/2025\/04\/Usbekistan300-18x10.png 18w\" sizes=\"(max-width: 300px) 100vw, 300px\" \/>\t\t\t\t\t\t\t\t<\/a>\n\t\t\t\t\t\t\t\t\t\t\t\t\t\t\t<\/div>\n\t\t\t\t<\/div>\n\t\t\t\t\t<\/div>\n\t\t<\/div>\n\t\t\t\t<div class=\"elementor-column elementor-col-33 elementor-top-column elementor-element elementor-element-ee2a15f\" data-id=\"ee2a15f\" data-element_type=\"column\">\n\t\t\t<div class=\"elementor-widget-wrap elementor-element-populated\">\n\t\t\t\t\t\t<div class=\"elementor-element elementor-element-a4ecd5b elementor-widget elementor-widget-image\" data-id=\"a4ecd5b\" data-element_type=\"widget\" data-widget_type=\"image.default\">\n\t\t\t\t<div class=\"elementor-widget-container\">\n\t\t\t\t\t\t\t\t\t\t\t\t\t\t\t\t<a href=\"https:\/\/maxtixfare.de\/ru\/staedtereisen-prag\/\">\n\t\t\t\t\t\t\t<img loading=\"lazy\" decoding=\"async\" width=\"300\" height=\"169\" src=\"https:\/\/maxtixfare.de\/wp-content\/uploads\/2023\/04\/Prag_300.png\" class=\"attachment-large size-large wp-image-16584\" alt=\"Prag 300\" srcset=\"https:\/\/maxtixfare.de\/wp-content\/uploads\/2023\/04\/Prag_300.png 300w, https:\/\/maxtixfare.de\/wp-content\/uploads\/2023\/04\/Prag_300-18x10.png 18w\" sizes=\"(max-width: 300px) 100vw, 300px\" \/>\t\t\t\t\t\t\t\t<\/a>\n\t\t\t\t\t\t\t\t\t\t\t\t\t\t\t<\/div>\n\t\t\t\t<\/div>\n\t\t\t\t\t<\/div>\n\t\t<\/div>\n\t\t\t\t<div class=\"elementor-column elementor-col-33 elementor-top-column elementor-element elementor-element-33e3bb3\" data-id=\"33e3bb3\" data-element_type=\"column\">\n\t\t\t<div class=\"elementor-widget-wrap elementor-element-populated\">\n\t\t\t\t\t\t<div class=\"elementor-element elementor-element-fcf0c6e elementor-widget elementor-widget-image\" data-id=\"fcf0c6e\" data-element_type=\"widget\" data-widget_type=\"image.default\">\n\t\t\t\t<div class=\"elementor-widget-container\">\n\t\t\t\t\t\t\t\t\t\t\t\t\t\t\t\t<a href=\"https:\/\/maxtixfare.de\/ru\/staedtereisen-wien-budapest\/\">\n\t\t\t\t\t\t\t<img loading=\"lazy\" decoding=\"async\" width=\"300\" height=\"169\" src=\"https:\/\/maxtixfare.de\/wp-content\/uploads\/2023\/04\/Wien_Budapest_300.png\" class=\"attachment-large size-large wp-image-16585\" alt=\"Wien budapest 300\" srcset=\"https:\/\/maxtixfare.de\/wp-content\/uploads\/2023\/04\/Wien_Budapest_300.png 300w, https:\/\/maxtixfare.de\/wp-content\/uploads\/2023\/04\/Wien_Budapest_300-18x10.png 18w\" sizes=\"(max-width: 300px) 100vw, 300px\" \/>\t\t\t\t\t\t\t\t<\/a>\n\t\t\t\t\t\t\t\t\t\t\t\t\t\t\t<\/div>\n\t\t\t\t<\/div>\n\t\t\t\t\t<\/div>\n\t\t<\/div>\n\t\t\t\t\t<\/div>\n\t\t<\/section>\n\t\t\t\t<section class=\"elementor-section elementor-top-section elementor-element elementor-element-f06a911 elementor-section-boxed elementor-section-height-default elementor-section-height-default\" data-id=\"f06a911\" data-element_type=\"section\">\n\t\t\t\t\t\t<div class=\"elementor-container elementor-column-gap-default\">\n\t\t\t\t\t<div class=\"elementor-column elementor-col-33 elementor-top-column elementor-element elementor-element-28da0dc\" data-id=\"28da0dc\" data-element_type=\"column\">\n\t\t\t<div class=\"elementor-widget-wrap elementor-element-populated\">\n\t\t\t\t\t\t<div class=\"elementor-element elementor-element-6b9cb7e elementor-widget elementor-widget-image\" data-id=\"6b9cb7e\" data-element_type=\"widget\" data-widget_type=\"image.default\">\n\t\t\t\t<div class=\"elementor-widget-container\">\n\t\t\t\t\t\t\t\t\t\t\t\t\t\t\t\t<a href=\"https:\/\/maxtixfare.de\/ru\/staedtereisen-budapest\/\">\n\t\t\t\t\t\t\t<img loading=\"lazy\" decoding=\"async\" width=\"300\" height=\"169\" src=\"https:\/\/maxtixfare.de\/wp-content\/uploads\/2023\/04\/Budapest_300.png\" class=\"attachment-large size-large wp-image-16583\" alt=\"Budapest 300\" srcset=\"https:\/\/maxtixfare.de\/wp-content\/uploads\/2023\/04\/Budapest_300.png 300w, https:\/\/maxtixfare.de\/wp-content\/uploads\/2023\/04\/Budapest_300-18x10.png 18w\" sizes=\"(max-width: 300px) 100vw, 300px\" \/>\t\t\t\t\t\t\t\t<\/a>\n\t\t\t\t\t\t\t\t\t\t\t\t\t\t\t<\/div>\n\t\t\t\t<\/div>\n\t\t\t\t\t<\/div>\n\t\t<\/div>\n\t\t\t\t<div class=\"elementor-column elementor-col-33 elementor-top-column elementor-element elementor-element-c24ed36\" data-id=\"c24ed36\" data-element_type=\"column\">\n\t\t\t<div class=\"elementor-widget-wrap elementor-element-populated\">\n\t\t\t\t\t\t<div class=\"elementor-element elementor-element-6709f58 elementor-widget elementor-widget-image\" data-id=\"6709f58\" data-element_type=\"widget\" data-widget_type=\"image.default\">\n\t\t\t\t<div class=\"elementor-widget-container\">\n\t\t\t\t\t\t\t\t\t\t\t\t\t\t\t\t<a href=\"https:\/\/maxtixfare.de\/ru\/staedtereisen-prag-wien\/\">\n\t\t\t\t\t\t\t<img loading=\"lazy\" decoding=\"async\" width=\"300\" height=\"169\" src=\"https:\/\/maxtixfare.de\/wp-content\/uploads\/2023\/04\/Prag_Wien_300.png\" class=\"attachment-large size-large wp-image-16587\" alt=\"Prag wien 300\" srcset=\"https:\/\/maxtixfare.de\/wp-content\/uploads\/2023\/04\/Prag_Wien_300.png 300w, https:\/\/maxtixfare.de\/wp-content\/uploads\/2023\/04\/Prag_Wien_300-18x10.png 18w\" sizes=\"(max-width: 300px) 100vw, 300px\" \/>\t\t\t\t\t\t\t\t<\/a>\n\t\t\t\t\t\t\t\t\t\t\t\t\t\t\t<\/div>\n\t\t\t\t<\/div>\n\t\t\t\t\t<\/div>\n\t\t<\/div>\n\t\t\t\t<div class=\"elementor-column elementor-col-33 elementor-top-column elementor-element elementor-element-041597c\" data-id=\"041597c\" data-element_type=\"column\">\n\t\t\t<div class=\"elementor-widget-wrap elementor-element-populated\">\n\t\t\t\t\t\t<div class=\"elementor-element elementor-element-8fa8119 elementor-widget elementor-widget-image\" data-id=\"8fa8119\" data-element_type=\"widget\" data-widget_type=\"image.default\">\n\t\t\t\t<div class=\"elementor-widget-container\">\n\t\t\t\t\t\t\t\t\t\t\t\t\t\t\t\t<a href=\"https:\/\/maxtixfare.de\/ru\/staedtereisen-wien\/\">\n\t\t\t\t\t\t\t<img loading=\"lazy\" decoding=\"async\" width=\"300\" height=\"169\" src=\"https:\/\/maxtixfare.de\/wp-content\/uploads\/2023\/04\/Wien_300.png\" class=\"attachment-large size-large wp-image-16588\" alt=\"Wien 300\" srcset=\"https:\/\/maxtixfare.de\/wp-content\/uploads\/2023\/04\/Wien_300.png 300w, https:\/\/maxtixfare.de\/wp-content\/uploads\/2023\/04\/Wien_300-18x10.png 18w\" sizes=\"(max-width: 300px) 100vw, 300px\" \/>\t\t\t\t\t\t\t\t<\/a>\n\t\t\t\t\t\t\t\t\t\t\t\t\t\t\t<\/div>\n\t\t\t\t<\/div>\n\t\t\t\t\t<\/div>\n\t\t<\/div>\n\t\t\t\t\t<\/div>\n\t\t<\/section>\n\t\t\t\t<section class=\"elementor-section elementor-top-section elementor-element elementor-element-f12cdb8 elementor-section-boxed elementor-section-height-default elementor-section-height-default\" data-id=\"f12cdb8\" data-element_type=\"section\">\n\t\t\t\t\t\t<div class=\"elementor-container elementor-column-gap-default\">\n\t\t\t\t\t<div class=\"elementor-column elementor-col-33 elementor-top-column elementor-element elementor-element-5c67782\" data-id=\"5c67782\" data-element_type=\"column\">\n\t\t\t<div class=\"elementor-widget-wrap elementor-element-populated\">\n\t\t\t\t\t\t<div class=\"elementor-element elementor-element-f79e483 elementor-widget elementor-widget-image\" data-id=\"f79e483\" data-element_type=\"widget\" data-widget_type=\"image.default\">\n\t\t\t\t<div class=\"elementor-widget-container\">\n\t\t\t\t\t\t\t\t\t\t\t\t\t\t\t\t<a href=\"https:\/\/maxtixfare.de\/ru\/staedtereisen-prag-wien-budapest\/\">\n\t\t\t\t\t\t\t<img loading=\"lazy\" decoding=\"async\" width=\"300\" height=\"169\" src=\"https:\/\/maxtixfare.de\/wp-content\/uploads\/2023\/04\/Parg-Wien-Budapest_300.png\" class=\"attachment-large size-large wp-image-16586\" alt=\"Parg wien budapest 300\" srcset=\"https:\/\/maxtixfare.de\/wp-content\/uploads\/2023\/04\/Parg-Wien-Budapest_300.png 300w, https:\/\/maxtixfare.de\/wp-content\/uploads\/2023\/04\/Parg-Wien-Budapest_300-18x10.png 18w\" sizes=\"(max-width: 300px) 100vw, 300px\" \/>\t\t\t\t\t\t\t\t<\/a>\n\t\t\t\t\t\t\t\t\t\t\t\t\t\t\t<\/div>\n\t\t\t\t<\/div>\n\t\t\t\t\t<\/div>\n\t\t<\/div>\n\t\t\t\t<div class=\"elementor-column elementor-col-33 elementor-top-column elementor-element elementor-element-61d63e4\" data-id=\"61d63e4\" data-element_type=\"column\">\n\t\t\t<div class=\"elementor-widget-wrap elementor-element-populated\">\n\t\t\t\t\t\t<div class=\"elementor-element elementor-element-cfecb0f elementor-widget elementor-widget-image\" data-id=\"cfecb0f\" data-element_type=\"widget\" data-widget_type=\"image.default\">\n\t\t\t\t<div class=\"elementor-widget-container\">\n\t\t\t\t\t\t\t\t\t\t\t\t\t\t\t\t<a href=\"https:\/\/maxtixfare.de\/ru\/staedtereisen-bahnreise-im-baltikum\/\" target=\"_blank\">\n\t\t\t\t\t\t\t<img loading=\"lazy\" decoding=\"async\" width=\"300\" height=\"169\" src=\"https:\/\/maxtixfare.de\/wp-content\/uploads\/2024\/05\/Bahnreise_Balt_300.png\" class=\"attachment-large size-large wp-image-20408\" alt=\"Bahnreise balt 300\" srcset=\"https:\/\/maxtixfare.de\/wp-content\/uploads\/2024\/05\/Bahnreise_Balt_300.png 300w, https:\/\/maxtixfare.de\/wp-content\/uploads\/2024\/05\/Bahnreise_Balt_300-18x10.png 18w\" sizes=\"(max-width: 300px) 100vw, 300px\" \/>\t\t\t\t\t\t\t\t<\/a>\n\t\t\t\t\t\t\t\t\t\t\t\t\t\t\t<\/div>\n\t\t\t\t<\/div>\n\t\t\t\t\t<\/div>\n\t\t<\/div>\n\t\t\t\t<div class=\"elementor-column elementor-col-33 elementor-top-column elementor-element elementor-element-ed19703\" data-id=\"ed19703\" data-element_type=\"column\">\n\t\t\t<div class=\"elementor-widget-wrap\">\n\t\t\t\t\t\t\t<\/div>\n\t\t<\/div>\n\t\t\t\t\t<\/div>\n\t\t<\/section>\n\t\t\t\t<section class=\"elementor-section elementor-top-section elementor-element elementor-element-fc43ee1 elementor-section-boxed elementor-section-height-default elementor-section-height-default\" data-id=\"fc43ee1\" data-element_type=\"section\">\n\t\t\t\t\t\t<div class=\"elementor-container elementor-column-gap-default\">\n\t\t\t\t\t<div class=\"elementor-column elementor-col-100 elementor-top-column elementor-element elementor-element-fc1a32c\" data-id=\"fc1a32c\" data-element_type=\"column\">\n\t\t\t<div class=\"elementor-widget-wrap elementor-element-populated\">\n\t\t\t\t\t\t<div class=\"elementor-element elementor-element-984cdd6 elementor-widget elementor-widget-text-editor\" data-id=\"984cdd6\" data-element_type=\"widget\" data-widget_type=\"text-editor.default\">\n\t\t\t\t<div class=\"elementor-widget-container\">\n\t\t\t\t\t\t\t\t\t<p><span style=\"color: var( --e-global-color-text ); background-color: transparent;\">Gerne k\u00f6nnen Sie uns Ihre Anfrage zur gew\u00fcnschten Tour per E-Mail an\u00a0 <strong>gruppen@pulexpress.de<\/strong> senden.<\/span><\/p><p>F\u00fcr eine pers\u00f6nliche Beratung stehen wir Ihnen auch telefonisch zur Verf\u00fcgung \u2013 werktags zwischen 09:00 und 13:00 Uhr unter <strong>+49 (0)30 887 147 55<\/strong>.<\/p>\t\t\t\t\t\t\t\t<\/div>\n\t\t\t\t<\/div>\n\t\t\t\t\t<\/div>\n\t\t<\/div>\n\t\t\t\t\t<\/div>\n\t\t<\/section>\n\t\t\t\t<\/div>","protected":false},"excerpt":{"rendered":"<p>Pauschalreisen mit Abreise aus deutschen St\u00e4dtenReiseagenturen erhalten eine Provision! Gerne k\u00f6nnen Sie uns Ihre Anfrage zur gew\u00fcnschten Tour per E-Mail an\u00a0 gruppen@pulexpress.de senden. F\u00fcr eine pers\u00f6nliche Beratung stehen wir Ihnen auch telefonisch zur Verf\u00fcgung \u2013 werktags zwischen 09:00 und 13:00 Uhr unter +49 (0)30 887 147 55.<\/p>","protected":false},"author":1,"featured_media":0,"parent":0,"menu_order":0,"comment_status":"closed","ping_status":"closed","template":"page-templates\/full-width.php","meta":{"_acf_changed":false,"_bbp_topic_count":0,"_bbp_reply_count":0,"_bbp_total_topic_count":0,"_bbp_total_reply_count":0,"_bbp_voice_count":0,"_bbp_anonymous_reply_count":0,"_bbp_topic_count_hidden":0,"_bbp_reply_count_hidden":0,"_bbp_forum_subforum_count":0,"footnotes":""},"class_list":["post-16572","page","type-page","status-publish","hentry"],"acf":[],"_links":{"self":[{"href":"https:\/\/maxtixfare.de\/ru\/wp-json\/wp\/v2\/pages\/16572","targetHints":{"allow":["GET"]}}],"collection":[{"href":"https:\/\/maxtixfare.de\/ru\/wp-json\/wp\/v2\/pages"}],"about":[{"href":"https:\/\/maxtixfare.de\/ru\/wp-json\/wp\/v2\/types\/page"}],"author":[{"embeddable":true,"href":"https:\/\/maxtixfare.de\/ru\/wp-json\/wp\/v2\/users\/1"}],"replies":[{"embeddable":true,"href":"https:\/\/maxtixfare.de\/ru\/wp-json\/wp\/v2\/comments?post=16572"}],"version-history":[{"count":99,"href":"https:\/\/maxtixfare.de\/ru\/wp-json\/wp\/v2\/pages\/16572\/revisions"}],"predecessor-version":[{"id":23544,"href":"https:\/\/maxtixfare.de\/ru\/wp-json\/wp\/v2\/pages\/16572\/revisions\/23544"}],"wp:attachment":[{"href":"https:\/\/maxtixfare.de\/ru\/wp-json\/wp\/v2\/media?parent=16572"}],"curies":[{"name":"wp","href":"https:\/\/api.w.org\/{rel}","templated":true}]}}