{"id":16606,"date":"2023-04-16T17:57:22","date_gmt":"2023-04-16T17:57:22","guid":{"rendered":"https:\/\/maxtixfare.de\/?page_id=16606"},"modified":"2025-05-23T09:28:55","modified_gmt":"2025-05-23T09:28:55","slug":"staedtereisen-budapest","status":"publish","type":"page","link":"https:\/\/maxtixfare.de\/ru\/staedtereisen-budapest\/","title":{"rendered":"St\u00e4dtereisen | Budapest"},"content":{"rendered":"<div data-elementor-type=\"wp-page\" data-elementor-id=\"16606\" class=\"elementor elementor-16606\" data-elementor-post-type=\"page\">\n\t\t\t\t\t\t<section class=\"elementor-section elementor-top-section elementor-element elementor-element-ae6bd1d elementor-section-boxed elementor-section-height-default elementor-section-height-default\" data-id=\"ae6bd1d\" data-element_type=\"section\">\n\t\t\t\t\t\t<div class=\"elementor-container elementor-column-gap-default\">\n\t\t\t\t\t<div class=\"elementor-column elementor-col-100 elementor-top-column elementor-element elementor-element-4319ef7\" data-id=\"4319ef7\" data-element_type=\"column\">\n\t\t\t<div class=\"elementor-widget-wrap elementor-element-populated\">\n\t\t\t\t\t\t<div class=\"elementor-element elementor-element-2c619ea elementor-widget elementor-widget-text-editor\" data-id=\"2c619ea\" data-element_type=\"widget\" data-widget_type=\"text-editor.default\">\n\t\t\t\t<div class=\"elementor-widget-container\">\n\t\t\t\t\t\t\t\t\t<h2>Flyer &#8211; St\u00e4dtereise\u00a0 Budapest:\u00a0\u00a0<a href=\"https:\/\/maxtixfare.de\/wp-content\/uploads\/2024\/05\/Flyer_Budapest2024-min.pdf\" target=\"_blank\" rel=\"noopener\">PDF<\/a> | <a href=\"https:\/\/maxtixfare.de\/wp-content\/uploads\/2024\/05\/Flyer_Budapest2024-min.jpg\" target=\"_blank\" rel=\"noopener\">JPG<\/a><\/h2>\t\t\t\t\t\t\t\t<\/div>\n\t\t\t\t<\/div>\n\t\t\t\t\t<\/div>\n\t\t<\/div>\n\t\t\t\t\t<\/div>\n\t\t<\/section>\n\t\t\t\t<section class=\"elementor-section elementor-top-section elementor-element elementor-element-d8a92ce elementor-section-boxed elementor-section-height-default elementor-section-height-default\" data-id=\"d8a92ce\" data-element_type=\"section\">\n\t\t\t\t\t\t<div class=\"elementor-container elementor-column-gap-default\">\n\t\t\t\t\t<div class=\"elementor-column elementor-col-100 elementor-top-column elementor-element elementor-element-4f7ddad\" data-id=\"4f7ddad\" data-element_type=\"column\">\n\t\t\t<div class=\"elementor-widget-wrap\">\n\t\t\t\t\t\t\t<\/div>\n\t\t<\/div>\n\t\t\t\t\t<\/div>\n\t\t<\/section>\n\t\t\t\t<section class=\"elementor-section elementor-top-section elementor-element elementor-element-8ca2083 elementor-section-boxed elementor-section-height-default elementor-section-height-default\" data-id=\"8ca2083\" data-element_type=\"section\">\n\t\t\t\t\t\t<div class=\"elementor-container elementor-column-gap-default\">\n\t\t\t\t\t<div class=\"elementor-column elementor-col-100 elementor-top-column elementor-element elementor-element-3dc2742\" data-id=\"3dc2742\" data-element_type=\"column\">\n\t\t\t<div class=\"elementor-widget-wrap elementor-element-populated\">\n\t\t\t\t\t\t<div class=\"elementor-element elementor-element-b962f1c elementor-widget elementor-widget-image\" data-id=\"b962f1c\" data-element_type=\"widget\" data-widget_type=\"image.default\">\n\t\t\t\t<div class=\"elementor-widget-container\">\n\t\t\t\t\t\t\t\t\t\t\t\t\t\t\t<img fetchpriority=\"high\" decoding=\"async\" width=\"724\" height=\"1024\" src=\"https:\/\/maxtixfare.de\/wp-content\/uploads\/2024\/05\/Flyer_Budapest2024-min-724x1024.jpg\" class=\"attachment-large size-large wp-image-20372\" alt=\"Flyer budapest2024 min\" srcset=\"https:\/\/maxtixfare.de\/wp-content\/uploads\/2024\/05\/Flyer_Budapest2024-min-724x1024.jpg 724w, https:\/\/maxtixfare.de\/wp-content\/uploads\/2024\/05\/Flyer_Budapest2024-min-212x300.jpg 212w, https:\/\/maxtixfare.de\/wp-content\/uploads\/2024\/05\/Flyer_Budapest2024-min-768x1086.jpg 768w, https:\/\/maxtixfare.de\/wp-content\/uploads\/2024\/05\/Flyer_Budapest2024-min-1086x1536.jpg 1086w, https:\/\/maxtixfare.de\/wp-content\/uploads\/2024\/05\/Flyer_Budapest2024-min-8x12.jpg 8w, https:\/\/maxtixfare.de\/wp-content\/uploads\/2024\/05\/Flyer_Budapest2024-min-672x950.jpg 672w, https:\/\/maxtixfare.de\/wp-content\/uploads\/2024\/05\/Flyer_Budapest2024-min-1038x1468.jpg 1038w, https:\/\/maxtixfare.de\/wp-content\/uploads\/2024\/05\/Flyer_Budapest2024-min-480x679.jpg 480w, https:\/\/maxtixfare.de\/wp-content\/uploads\/2024\/05\/Flyer_Budapest2024-min.jpg 1414w\" sizes=\"(max-width: 724px) 100vw, 724px\" \/>\t\t\t\t\t\t\t\t\t\t\t\t\t\t\t<\/div>\n\t\t\t\t<\/div>\n\t\t\t\t<div class=\"elementor-element elementor-element-0a133e8 elementor-widget elementor-widget-text-editor\" data-id=\"0a133e8\" data-element_type=\"widget\" data-widget_type=\"text-editor.default\">\n\t\t\t\t<div class=\"elementor-widget-container\">\n\t\t\t\t\t\t\t\t\t<p><b>\u0426\u0435\u043d\u044b \u043d\u0430 \u0442\u0443\u0440 \u00ab\u0412\u044b\u0445\u043e\u0434\u043d\u044b\u0435 \u0432 \u0411\u0443\u0434\u0430\u043f\u0435\u0448\u0442\u0435\u00bb:<\/b> <br \/><b>EUR 320,00<\/b> \u043d\u0430 \u0447\u0435\u043b\u043e\u0432\u0435\u043a\u0430 \u0432 \u0434\u0432\u0443\u0445\u043c\u0435\u0441\u0442\u043d\u043e\u043c \u043d\u043e\u043c\u0435\u0440\u0435 (<b>\u043f\u043e\u043b\u043d\u044b\u0439 \u043f\u0430\u043a\u0435\u0442 \u0443\u0441\u043b\u0443\u0433<\/b>, \u0441\u0442\u043e\u0438\u043c\u043e\u0441\u0442\u044c \u043e\u0442 4-\u0445 \u0447\u0435\u043b\u043e\u0432\u0435\u043a)<br \/><b>EUR 190,00<\/b> \u043d\u0430 \u0447\u0435\u043b\u043e\u0432\u0435\u043a\u0430 \u0432 \u0434\u0432\u0443\u0445\u043c\u0435\u0441\u0442\u043d\u043e\u043c \u043d\u043e\u043c\u0435\u0440\u0435 (<b>\u043f\u0430\u043a\u0435\u0442 \u0443\u0441\u043b\u0443\u0433: \u043e\u0442\u0435\u043b\u044c+\u044d\u043a\u0441\u043a\u0443\u0440\u0441\u0438\u0438+\u0442\u0440\u0430\u043d\u0441\u0444\u0435\u0440\u044b<\/b> (\u0430\u0432\u0442\u043e)\u0432\u043e\u043a\u0437\u0430\u043b-\u043e\u0442\u0435\u043b\u044c-(\u0430\u0432\u0442\u043e)\u0432\u043e\u043a\u0437\u0430\u043b, \u0441\u0442\u043e\u0438\u043c\u043e\u0441\u0442\u044c \u043e\u0442 4-\u0445 \u0447\u0435\u043b\u043e\u0432\u0435\u043a)<br \/><b>EUR 180,00<\/b> \u043d\u0430 \u0447\u0435\u043b\u043e\u0432\u0435\u043a\u0430 \u0432 \u0434\u0432\u0443\u0445\u043c\u0435\u0441\u0442\u043d\u043e\u043c \u043d\u043e\u043c\u0435\u0440\u0435 (<b>\u043f\u0430\u043a\u0435\u0442 \u0443\u0441\u043b\u0443\u0433: \u043e\u0442\u0435\u043b\u044c+\u044d\u043a\u0441\u043a\u0443\u0440\u0441\u0438\u0438<\/b>, \u0441\u0442\u043e\u0438\u043c\u043e\u0441\u0442\u044c \u043e\u0442 4-\u0445 \u0447\u0435\u043b\u043e\u0432\u0435\u043a)<br \/>EUR 60,00 \u0434\u043e\u043f\u043b\u0430\u0442\u0430 \u0437\u0430 \u043e\u0434\u043d\u043e\u043c\u0435\u0441\u0442\u043d\u044b\u0439 \u043d\u043e\u043c\u0435\u0440<br \/>EUR 70,00 \u0441\u043a\u0438\u0434\u043a\u0430 \u043d\u0430 \u0440\u0435\u0431\u0435\u043d\u043a\u0430 \u0434\u043e 12 \u043b\u0435\u0442 3-\u043c \u0432 \u043d\u043e\u043c\u0435\u0440\u0435 \u0441 \u0440\u043e\u0434\u0438\u0442\u0435\u043b\u044f\u043c\u0438<\/p><p><b>\u0426\u0435\u043d\u044b \u043d\u0430 \u0442\u0443\u0440 \u00ab\u0412\u044b\u0445\u043e\u0434\u043d\u044b\u0435 \u0432 \u0412\u0435\u043d\u0433\u0440\u0438\u0438\u00bb:<\/b> <br \/><b>EUR 390,00<\/b> \u043d\u0430 \u0447\u0435\u043b\u043e\u0432\u0435\u043a\u0430 \u0432 \u0434\u0432\u0443\u0445\u043c\u0435\u0441\u0442\u043d\u043e\u043c \u043d\u043e\u043c\u0435\u0440\u0435 (<b>\u043f\u043e\u043b\u043d\u044b\u0439 \u043f\u0430\u043a\u0435\u0442 \u0443\u0441\u043b\u0443\u0433<\/b>, \u0441\u0442\u043e\u0438\u043c\u043e\u0441\u0442\u044c \u043e\u0442 4-\u0445 \u0447\u0435\u043b\u043e\u0432\u0435\u043a)<br \/><b>EUR 260,00<\/b> \u043d\u0430 \u0447\u0435\u043b\u043e\u0432\u0435\u043a\u0430 \u0432 \u0434\u0432\u0443\u0445\u043c\u0435\u0441\u0442\u043d\u043e\u043c \u043d\u043e\u043c\u0435\u0440\u0435 (<b>\u043f\u0430\u043a\u0435\u0442 \u0443\u0441\u043b\u0443\u0433: \u043e\u0442\u0435\u043b\u044c+\u044d\u043a\u0441\u043a\u0443\u0440\u0441\u0438\u0438+\u0442\u0440\u0430\u043d\u0441\u0444\u0435\u0440\u044b<\/b> (\u0430\u0432\u0442\u043e)\u0432\u043e\u043a\u0437\u0430\u043b-\u043e\u0442\u0435\u043b\u044c-(\u0430\u0432\u0442\u043e)\u0432\u043e\u043a\u0437\u0430\u043b, \u0441\u0442\u043e\u0438\u043c\u043e\u0441\u0442\u044c \u043e\u0442 4-\u0445 \u0447\u0435\u043b\u043e\u0432\u0435\u043a)<br \/><b>EUR 250,00<\/b> \u043d\u0430 \u0447\u0435\u043b\u043e\u0432\u0435\u043a\u0430 \u0432 \u0434\u0432\u0443\u0445\u043c\u0435\u0441\u0442\u043d\u043e\u043c \u043d\u043e\u043c\u0435\u0440\u0435 (<b>\u043f\u0430\u043a\u0435\u0442 \u0443\u0441\u043b\u0443\u0433: \u043e\u0442\u0435\u043b\u044c+\u044d\u043a\u0441\u043a\u0443\u0440\u0441\u0438\u0438<\/b>, \u0441\u0442\u043e\u0438\u043c\u043e\u0441\u0442\u044c \u043e\u0442 4-\u0445 \u0447\u0435\u043b\u043e\u0432\u0435\u043a)<br \/>EUR 60,00 \u0434\u043e\u043f\u043b\u0430\u0442\u0430 \u0437\u0430 \u043e\u0434\u043d\u043e\u043c\u0435\u0441\u0442\u043d\u044b\u0439 \u043d\u043e\u043c\u0435\u0440<br \/>EUR 70,00 \u0441\u043a\u0438\u0434\u043a\u0430 \u043d\u0430 \u0440\u0435\u0431\u0435\u043d\u043a\u0430 \u0434\u043e 12 \u043b\u0435\u0442 3-\u043c \u0432 \u043d\u043e\u043c\u0435\u0440\u0435 \u0441 \u0440\u043e\u0434\u0438\u0442\u0435\u043b\u044f\u043c\u0438<\/p><p>\u00a0<\/p><p>*\u0426\u0435\u043d\u044b \u043f\u0440\u0438 \u0432\u044b\u0435\u0437\u0434\u0435 \u0438\u0437 \u0434\u0440\u0443\u0433\u0438\u0445 \u0433\u043e\u0440\u043e\u0434\u043e\u0432 \u0413\u0435\u0440\u043c\u0430\u043d\u0438\u0438 \u043f\u0440\u0435\u0434\u043e\u0441\u0442\u0430\u0432\u043b\u044f\u044e\u0442\u0441\u044f \u043f\u043e \u0437\u0430\u043f\u0440\u043e\u0441\u0443\u00a0<\/p>\t\t\t\t\t\t\t\t<\/div>\n\t\t\t\t<\/div>\n\t\t\t\t\t<\/div>\n\t\t<\/div>\n\t\t\t\t\t<\/div>\n\t\t<\/section>\n\t\t\t\t<section class=\"elementor-section elementor-top-section elementor-element elementor-element-f9df10a elementor-section-boxed elementor-section-height-default elementor-section-height-default\" data-id=\"f9df10a\" data-element_type=\"section\">\n\t\t\t\t\t\t<div class=\"elementor-container elementor-column-gap-default\">\n\t\t\t\t\t<div class=\"elementor-column elementor-col-100 elementor-top-column elementor-element elementor-element-c90a5c2\" data-id=\"c90a5c2\" data-element_type=\"column\">\n\t\t\t<div class=\"elementor-widget-wrap elementor-element-populated\">\n\t\t\t\t\t\t<div class=\"elementor-element elementor-element-7769575 elementor-widget elementor-widget-image\" data-id=\"7769575\" data-element_type=\"widget\" data-widget_type=\"image.default\">\n\t\t\t\t<div class=\"elementor-widget-container\">\n\t\t\t\t\t\t\t\t\t\t\t\t\t\t\t<img decoding=\"async\" width=\"600\" height=\"875\" src=\"https:\/\/maxtixfare.de\/wp-content\/uploads\/2023\/04\/BUD-WEB-RB-2.jpg\" class=\"attachment-large size-large wp-image-16628\" alt=\"Bud web rb 2\" srcset=\"https:\/\/maxtixfare.de\/wp-content\/uploads\/2023\/04\/BUD-WEB-RB-2.jpg 600w, https:\/\/maxtixfare.de\/wp-content\/uploads\/2023\/04\/BUD-WEB-RB-2-206x300.jpg 206w, https:\/\/maxtixfare.de\/wp-content\/uploads\/2023\/04\/BUD-WEB-RB-2-8x12.jpg 8w, https:\/\/maxtixfare.de\/wp-content\/uploads\/2023\/04\/BUD-WEB-RB-2-480x700.jpg 480w\" sizes=\"(max-width: 600px) 100vw, 600px\" \/>\t\t\t\t\t\t\t\t\t\t\t\t\t\t\t<\/div>\n\t\t\t\t<\/div>\n\t\t\t\t\t<\/div>\n\t\t<\/div>\n\t\t\t\t\t<\/div>\n\t\t<\/section>\n\t\t\t\t<section class=\"elementor-section elementor-top-section elementor-element elementor-element-fc43ee1 elementor-section-boxed elementor-section-height-default elementor-section-height-default\" data-id=\"fc43ee1\" data-element_type=\"section\">\n\t\t\t\t\t\t<div class=\"elementor-container elementor-column-gap-default\">\n\t\t\t\t\t<div class=\"elementor-column elementor-col-100 elementor-top-column elementor-element elementor-element-fc1a32c\" data-id=\"fc1a32c\" data-element_type=\"column\">\n\t\t\t<div class=\"elementor-widget-wrap elementor-element-populated\">\n\t\t\t\t\t\t<div class=\"elementor-element elementor-element-984cdd6 elementor-widget elementor-widget-text-editor\" data-id=\"984cdd6\" data-element_type=\"widget\" data-widget_type=\"text-editor.default\">\n\t\t\t\t<div class=\"elementor-widget-container\">\n\t\t\t\t\t\t\t\t\t<p>Ihre Touranfrage k\u00f6nnen Sie uns gerne per E-Mail an\u00a0<strong>gruppen@pulexpress.de<\/strong>\u00a0senden.<\/p><p>F\u00fcr eine pers\u00f6nliche Beratung stehen wir Ihnen auch telefonisch zur Verf\u00fcgung \u2013 werktags zwischen 09:00 und 13:00 Uhr unter\u00a0<strong>+49 (0)30 887 147 55<\/strong>.<\/p><p><strong>Reiseagenturen erhalten 9% Provision<\/strong><\/p><p><a href=\"https:\/\/maxtixfare.de\/wp-content\/uploads\/2023\/04\/AGB_MIG_Agentur_Agenturen.pdf\" target=\"_blank\" rel=\"noopener\">AGB\u2019s MIG Agentur e.K. f\u00fcr Agenturen (Reiseb\u00fcros)..&gt;<\/a><\/p><p><a href=\"https:\/\/maxtixfare.de\/wp-content\/uploads\/2023\/04\/AGB_MIG_Agentur_Endkunden.pdf\" target=\"_blank\" rel=\"noopener\">AGB\u2019s MIG Agentur e.K.. f\u00fcr Endkunden\u2026&gt;<\/a><\/p>\t\t\t\t\t\t\t\t<\/div>\n\t\t\t\t<\/div>\n\t\t\t\t\t<\/div>\n\t\t<\/div>\n\t\t\t\t\t<\/div>\n\t\t<\/section>\n\t\t\t\t<\/div>","protected":false},"excerpt":{"rendered":"<p>Flyer &#8211; St\u00e4dtereise Budapest: PDF | JPG \u0426\u0435\u043d\u044b \u043d\u0430 \u0442\u0443\u0440 \u00ab\u0412\u044b\u0445\u043e\u0434\u043d\u044b\u0435 \u0432 \u0411\u0443\u0434\u0430\u043f\u0435\u0448\u0442\u0435\u00bb: EUR 320,00 \u043d\u0430 \u0447\u0435\u043b\u043e\u0432\u0435\u043a\u0430 \u0432 \u0434\u0432\u0443\u0445\u043c\u0435\u0441\u0442\u043d\u043e\u043c \u043d\u043e\u043c\u0435\u0440\u0435 (\u043f\u043e\u043b\u043d\u044b\u0439 \u043f\u0430\u043a\u0435\u0442 \u0443\u0441\u043b\u0443\u0433, \u0441\u0442\u043e\u0438\u043c\u043e\u0441\u0442\u044c \u043e\u0442 4-\u0445 \u0447\u0435\u043b\u043e\u0432\u0435\u043a)EUR 190,00 \u043d\u0430 \u0447\u0435\u043b\u043e\u0432\u0435\u043a\u0430 \u0432 \u0434\u0432\u0443\u0445\u043c\u0435\u0441\u0442\u043d\u043e\u043c \u043d\u043e\u043c\u0435\u0440\u0435 (\u043f\u0430\u043a\u0435\u0442 \u0443\u0441\u043b\u0443\u0433: \u043e\u0442\u0435\u043b\u044c+\u044d\u043a\u0441\u043a\u0443\u0440\u0441\u0438\u0438+\u0442\u0440\u0430\u043d\u0441\u0444\u0435\u0440\u044b (\u0430\u0432\u0442\u043e)\u0432\u043e\u043a\u0437\u0430\u043b-\u043e\u0442\u0435\u043b\u044c-(\u0430\u0432\u0442\u043e)\u0432\u043e\u043a\u0437\u0430\u043b, \u0441\u0442\u043e\u0438\u043c\u043e\u0441\u0442\u044c \u043e\u0442 4-\u0445 \u0447\u0435\u043b\u043e\u0432\u0435\u043a)EUR 180,00 \u043d\u0430 \u0447\u0435\u043b\u043e\u0432\u0435\u043a\u0430 \u0432 \u0434\u0432\u0443\u0445\u043c\u0435\u0441\u0442\u043d\u043e\u043c \u043d\u043e\u043c\u0435\u0440\u0435 (\u043f\u0430\u043a\u0435\u0442 \u0443\u0441\u043b\u0443\u0433: \u043e\u0442\u0435\u043b\u044c+\u044d\u043a\u0441\u043a\u0443\u0440\u0441\u0438\u0438, \u0441\u0442\u043e\u0438\u043c\u043e\u0441\u0442\u044c \u043e\u0442 4-\u0445 \u0447\u0435\u043b\u043e\u0432\u0435\u043a)EUR 60,00 \u0434\u043e\u043f\u043b\u0430\u0442\u0430 \u0437\u0430 \u043e\u0434\u043d\u043e\u043c\u0435\u0441\u0442\u043d\u044b\u0439 \u043d\u043e\u043c\u0435\u0440EUR 70,00 [&hellip;]<\/p>","protected":false},"author":1,"featured_media":0,"parent":0,"menu_order":0,"comment_status":"closed","ping_status":"closed","template":"page-templates\/full-width.php","meta":{"_acf_changed":false,"_bbp_topic_count":0,"_bbp_reply_count":0,"_bbp_total_topic_count":0,"_bbp_total_reply_count":0,"_bbp_voice_count":0,"_bbp_anonymous_reply_count":0,"_bbp_topic_count_hidden":0,"_bbp_reply_count_hidden":0,"_bbp_forum_subforum_count":0,"footnotes":""},"class_list":["post-16606","page","type-page","status-publish","hentry"],"acf":[],"_links":{"self":[{"href":"https:\/\/maxtixfare.de\/ru\/wp-json\/wp\/v2\/pages\/16606","targetHints":{"allow":["GET"]}}],"collection":[{"href":"https:\/\/maxtixfare.de\/ru\/wp-json\/wp\/v2\/pages"}],"about":[{"href":"https:\/\/maxtixfare.de\/ru\/wp-json\/wp\/v2\/types\/page"}],"author":[{"embeddable":true,"href":"https:\/\/maxtixfare.de\/ru\/wp-json\/wp\/v2\/users\/1"}],"replies":[{"embeddable":true,"href":"https:\/\/maxtixfare.de\/ru\/wp-json\/wp\/v2\/comments?post=16606"}],"version-history":[{"count":9,"href":"https:\/\/maxtixfare.de\/ru\/wp-json\/wp\/v2\/pages\/16606\/revisions"}],"predecessor-version":[{"id":22336,"href":"https:\/\/maxtixfare.de\/ru\/wp-json\/wp\/v2\/pages\/16606\/revisions\/22336"}],"wp:attachment":[{"href":"https:\/\/maxtixfare.de\/ru\/wp-json\/wp\/v2\/media?parent=16606"}],"curies":[{"name":"wp","href":"https:\/\/api.w.org\/{rel}","templated":true}]}}