{"id":16837,"date":"2023-04-17T00:13:38","date_gmt":"2023-04-17T00:13:38","guid":{"rendered":"https:\/\/maxtixfare.de\/?page_id=16837"},"modified":"2026-03-31T20:09:26","modified_gmt":"2026-03-31T20:09:26","slug":"webinare","status":"publish","type":"page","link":"https:\/\/maxtixfare.de\/ru\/webinare\/","title":{"rendered":"\u0412\u0435\u0431\u0438\u043d\u0430\u0440\u044b"},"content":{"rendered":"<div data-elementor-type=\"wp-page\" data-elementor-id=\"16837\" class=\"elementor elementor-16837\" data-elementor-post-type=\"page\">\n\t\t\t\t\t\t<section class=\"elementor-section elementor-top-section elementor-element elementor-element-84da340 elementor-section-boxed elementor-section-height-default elementor-section-height-default\" data-id=\"84da340\" data-element_type=\"section\">\n\t\t\t\t\t\t<div class=\"elementor-container elementor-column-gap-default\">\n\t\t\t\t\t<div class=\"elementor-column elementor-col-100 elementor-top-column elementor-element elementor-element-4346a78\" data-id=\"4346a78\" data-element_type=\"column\">\n\t\t\t<div class=\"elementor-widget-wrap elementor-element-populated\">\n\t\t\t\t\t\t<div class=\"elementor-element elementor-element-912810a elementor-widget__width-initial elementor-widget elementor-widget-text-editor\" data-id=\"912810a\" data-element_type=\"widget\" data-widget_type=\"text-editor.default\">\n\t\t\t\t<div class=\"elementor-widget-container\">\n\t\t\t\t\t\t\t\t\t<p><img fetchpriority=\"high\" decoding=\"async\" class=\"wp-image-24250 size-full aligncenter\" src=\"https:\/\/maxtixfare.de\/wp-content\/uploads\/2026\/03\/Webinare_Banner_April.2026.png\" alt=\"\" width=\"700\" height=\"200\" srcset=\"https:\/\/maxtixfare.de\/wp-content\/uploads\/2026\/03\/Webinare_Banner_April.2026.png 700w, https:\/\/maxtixfare.de\/wp-content\/uploads\/2026\/03\/Webinare_Banner_April.2026-300x86.png 300w, https:\/\/maxtixfare.de\/wp-content\/uploads\/2026\/03\/Webinare_Banner_April.2026-18x5.png 18w, https:\/\/maxtixfare.de\/wp-content\/uploads\/2026\/03\/Webinare_Banner_April.2026-672x192.png 672w, https:\/\/maxtixfare.de\/wp-content\/uploads\/2026\/03\/Webinare_Banner_April.2026-480x137.png 480w\" sizes=\"(max-width: 700px) 100vw, 700px\" \/><\/p><table border=\"0\" width=\"100%\" cellspacing=\"0\" cellpadding=\"0\"><tbody><tr><td class=\"editable\" align=\"center\" valign=\"top\" data-name=\"Container styles\"><table border=\"0\" width=\"100%\" cellspacing=\"0\" cellpadding=\"0\"><tbody><tr><td align=\"left\" valign=\"top\"><p class=\"false\">\u0423\u0432\u0430\u0436\u0430\u0435\u043c\u044b\u0435 \u043f\u0430\u0440\u0442\u043d\u0435\u0440\u044b \u0442\u0443\u0440\u0438\u0441\u0442\u0438\u0447\u0435\u0441\u043a\u0438\u0445 \u0430\u0433\u0435\u043d\u0442\u0441\u0442\u0432,<\/p><p class=\"false\">Pul Express und die Partner laden Sie herzlich zu den Webinaren im April 2026 ein:<\/p><div class=\"cred_Db\"><table border=\"0\" width=\"100%\" cellspacing=\"0\" cellpadding=\"0\" align=\"left\"><tbody><tr><td class=\"cred_Ie\" align=\"left\" valign=\"top\"><div class=\"cred_Db\"><table border=\"0\" width=\"100%\" cellspacing=\"0\" cellpadding=\"0\" align=\"left\"><tbody><tr><td class=\"cred_Ie\" align=\"left\" valign=\"top\"><img decoding=\"async\" class=\"wp-image-20099 aligncenter\" src=\"https:\/\/maxtixfare.de\/wp-content\/uploads\/2024\/03\/MTF_Plus.png\" alt=\"Mtf plus\" width=\"113\" height=\"73\" srcset=\"https:\/\/maxtixfare.de\/wp-content\/uploads\/2024\/03\/MTF_Plus.png 173w, https:\/\/maxtixfare.de\/wp-content\/uploads\/2024\/03\/MTF_Plus-18x12.png 18w\" sizes=\"(max-width: 113px) 100vw, 113px\" \/><\/td><\/tr><\/tbody><\/table><\/div><div class=\"cred_Db\"><table border=\"0\" width=\"100%\" cellspacing=\"0\" cellpadding=\"0\" align=\"left\"><tbody><tr><td align=\"left\" valign=\"top\"><h3 class=\"false\" align=\"left\"><strong class=\"false\">1. April <\/strong><strong class=\"false\">2026 | 13:00-14:00 Uhr<br \/><\/strong><\/h3><div align=\"left\"><p class=\"false\" data-sourcepos=\"5:1-5:188\"><strong>Flugticketverkauf mit MAXTIXFARE plus<\/strong><br class=\"false\" \/><br class=\"false\" \/>In diesem Webinar erhalten Sie einen praxisnahen Einblick in MAXTIXFARE plus. Gemeinsam gehen wir Schritt f\u00fcr Schritt durch den gesamten Ablauf des Flugticketverkaufs. Dabei schauen wir uns drei zentrale Arbeitsbereiche genauer an:<br class=\"false\" \/><br class=\"false\" \/><img decoding=\"async\" class=\"emoji\" role=\"img\" draggable=\"false\" src=\"https:\/\/s.w.org\/images\/core\/emoji\/15.0.3\/svg\/2708.svg\" alt=\"\u2708\ufe0f\" \/>\u00a0<strong>Flug- &amp; Tarifsuche<\/strong><br class=\"false\" \/><strong><img decoding=\"async\" class=\"emoji\" role=\"img\" draggable=\"false\" src=\"https:\/\/s.w.org\/images\/core\/emoji\/15.0.3\/svg\/1f4d1.svg\" alt=\"\ud83d\udcd1\" \/> Meine Buchungen<\/strong><br class=\"false\" \/><strong><img decoding=\"async\" class=\"emoji\" role=\"img\" draggable=\"false\" src=\"https:\/\/s.w.org\/images\/core\/emoji\/15.0.3\/svg\/2699.svg\" alt=\"\u2699\ufe0f\" \/> Systemeinstellungen<\/strong><br class=\"false\" \/><br class=\"false\" \/>Melden Sie sich jetzt an und entdecken Sie die spannende Welt des Flugticketverkaufs mit Pul Express!<\/p><p><a href=\"https:\/\/63250.seu1.cleverreach.com\/c2\/AMMQ7XY\/63250-8608619\/62327abb1f5a-bfbd82897be2-0aeb79656b1e-11ec49ba0a2e-78580c924644-982ab525d117-0ae5149e0b10-52754ec8c085-819f428f4d15-14440a453424-5ae552c0\/\" target=\"_blank\" rel=\"noopener\"><strong class=\"false\">&gt;&gt; ANMELDUNG<\/strong><\/a><\/p><\/div><\/td><\/tr><\/tbody><\/table><\/div><\/td><\/tr><\/tbody><\/table><\/div><div class=\"cred_Db\"><table border=\"0\" width=\"100%\" cellspacing=\"0\" cellpadding=\"0\" align=\"left\"><tbody><tr><td align=\"left\" valign=\"top\"><h3 align=\"left\"><img decoding=\"async\" class=\"wp-image-24251 size-thumbnail aligncenter\" src=\"https:\/\/maxtixfare.de\/wp-content\/uploads\/2026\/03\/CounterKompass_logo-150x150.png\" alt=\"\" width=\"150\" height=\"150\" \/><\/h3><h3 class=\"false\" align=\"left\"><strong>13.- 16.\u00a0<\/strong><strong class=\"false\">April<\/strong><strong class=\"false\">\u00a0<\/strong><strong class=\"false\">2026\u00a0<\/strong><strong>| 10.00-18.00\u00a0Uhr<\/strong><\/h3><div align=\"left\"><p class=\"false\"><strong>Wir sind dabei auf CounterKompass Roadshow! | Dresden, Chemnitz, Magdeburg, Berlin<br \/><\/strong><br \/>Wenn der Fr\u00fchling kommt, entsteht neue Energie \u2013 der perfekte Moment f\u00fcr neue Impulse und pers\u00f6nliche Begegnungen. Genau daf\u00fcr ist die CounterKompass Roadshow da.<\/p><p class=\"false\">Freut euch auf Updates aus der Branche, spannende Partner und praxisnahe Impulse \u2013 und vor allem auf den Austausch unter Reiseb\u00fcros, der jedes Mal neue Energie und frische Perspektiven bringt.<\/p><p class=\"false\">Schaut euch die Termine an, sucht euren Lieblingsstopp aus und meldet euch direkt an wir freuen uns darauf, euch vor Ort zu sehen!<\/p><\/div><div align=\"left\"><p class=\"false\" align=\"left\"><a href=\"https:\/\/63250.seu1.cleverreach.com\/c2\/AML43VY\/63250-8608619\/62327abb1f5a-bfbd82897be2-0aeb79656b1e-11ec49ba0a2e-78580c924644-982ab525d117-0ae5149e0b10-52754ec8c085-819f428f4d15-14440a453424-5ae552c0\/\" target=\"_blank\" rel=\"noopener\"><strong class=\"false\">&gt;&gt; MEHR ERFAHREN<\/strong><\/a><\/p><\/div><\/td><\/tr><\/tbody><\/table><\/div><\/td><\/tr><\/tbody><\/table><\/td><\/tr><\/tbody><\/table><table border=\"0\" width=\"100%\" cellspacing=\"0\" cellpadding=\"0\"><tbody><tr><td class=\"editable\" align=\"center\" valign=\"top\" data-name=\"Container styles\"><table border=\"0\" width=\"100%\" cellspacing=\"0\" cellpadding=\"0\"><tbody><tr><td align=\"center\" valign=\"top\"><div class=\"cred_Db\">\u00a0<\/div><div class=\"cred_Db\"><table border=\"0\" width=\"100%\" cellspacing=\"0\" cellpadding=\"0\" align=\"left\"><tbody><tr><td align=\"left\" valign=\"top\"><div align=\"left\">\u00a0<\/div><\/td><\/tr><\/tbody><\/table><\/div><\/td><\/tr><\/tbody><\/table><\/td><\/tr><\/tbody><\/table><table border=\"0\" width=\"100%\" cellspacing=\"0\" cellpadding=\"0\"><tbody><tr><td class=\"editable\" align=\"center\" valign=\"top\" data-name=\"Container styles\"><table border=\"0\" width=\"100%\" cellspacing=\"0\" cellpadding=\"0\"><tbody><tr><td align=\"center\" valign=\"top\"><h3 align=\"left\"><img loading=\"lazy\" decoding=\"async\" class=\"wp-image-24252  aligncenter\" src=\"https:\/\/maxtixfare.de\/wp-content\/uploads\/2026\/03\/Wideroe-300x87.png\" alt=\"\" width=\"142\" height=\"41\" srcset=\"https:\/\/maxtixfare.de\/wp-content\/uploads\/2026\/03\/Wideroe-300x87.png 300w, https:\/\/maxtixfare.de\/wp-content\/uploads\/2026\/03\/Wideroe-18x5.png 18w, https:\/\/maxtixfare.de\/wp-content\/uploads\/2026\/03\/Wideroe.png 330w\" sizes=\"(max-width: 142px) 100vw, 142px\" \/><\/h3><h3 class=\"false\" align=\"left\"><strong style=\"font-family: inherit; font-size: inherit;\">22. <\/strong><strong class=\"false\" style=\"font-family: inherit; font-size: inherit;\">April<\/strong><strong class=\"false\" style=\"font-family: inherit; font-size: inherit;\">\u00a0<\/strong><strong class=\"false\" style=\"font-family: inherit; font-size: inherit;\">2026\u00a0<\/strong><strong class=\"false\" style=\"font-family: inherit; font-size: inherit;\">| 13:00-14:00 Uhr<\/strong><\/h3><div align=\"left\"><div align=\"left\"><strong>Fluggesellschaft Wideroe!<\/strong><br \/><p class=\"false\">Dieses Webinar bietet Ihnen eine einzigartige Gelegenheit, direkt von den Experten der Fluggesellschaft exklusive Informationen zu erhalten.<\/p><p class=\"false\"><strong class=\"false\">Themen des Webinars:<\/strong><\/p><ul class=\"false\"><li class=\"false\">\u00a0Das Streckennetz von Wideroe \u2013 Verbindungen und Highlights<\/li><li class=\"false\">\u00a0Antworten auf Ihre Fragen \u2013 direkt von einem Wideroe Vertreter<\/li><\/ul><p class=\"false\">Nutzen Sie die Chance, wertvolle Einblicke in die Services und Angebote von Wideroe zu erhalten. Perfekt f\u00fcr Reiseb\u00fcros, die ihre Kunden professionell beraten und neue Reiseziele empfehlen m\u00f6chten!<\/p><p><a href=\"https:\/\/63250.seu1.cleverreach.com\/c2\/AMMROQI\/63250-8608619\/62327abb1f5a-bfbd82897be2-0aeb79656b1e-11ec49ba0a2e-78580c924644-982ab525d117-0ae5149e0b10-52754ec8c085-819f428f4d15-14440a453424-5ae552c0\/\" target=\"_blank\" rel=\"noopener\"><strong class=\"false\">&gt;&gt; ANMELDUNG<\/strong><\/a><\/p><\/div><\/div><div class=\"cred_Db\"><table border=\"0\" width=\"100%\" cellspacing=\"0\" cellpadding=\"0\" align=\"left\"><tbody><tr><td align=\"left\" valign=\"top\"><div align=\"left\"><div class=\"cred_Db\"><table border=\"0\" width=\"100%\" cellspacing=\"0\" cellpadding=\"0\" align=\"left\"><tbody><tr><td class=\"cred_Ie\" align=\"left\" valign=\"top\"><img loading=\"lazy\" decoding=\"async\" class=\"wp-image-20692 aligncenter\" src=\"https:\/\/maxtixfare.de\/wp-content\/uploads\/2024\/07\/MTF_Classic.png\" alt=\"Mtf classic\" width=\"116\" height=\"74\" srcset=\"https:\/\/maxtixfare.de\/wp-content\/uploads\/2024\/07\/MTF_Classic.png 174w, https:\/\/maxtixfare.de\/wp-content\/uploads\/2024\/07\/MTF_Classic-18x12.png 18w\" sizes=\"(max-width: 116px) 100vw, 116px\" \/><\/td><\/tr><\/tbody><\/table><\/div><div class=\"cred_Db\"><table border=\"0\" width=\"100%\" cellspacing=\"0\" cellpadding=\"0\" align=\"left\"><tbody><tr><td align=\"left\" valign=\"top\"><h3 class=\"false\" align=\"left\"><strong class=\"false\">29.April <\/strong><strong class=\"false\">2026 | 13:00-14:00 Uhr<br \/><\/strong><\/h3><div align=\"left\"><p class=\"false\" data-sourcepos=\"5:1-5:188\"><strong>Flugticketverkauf mit MAXTIXFARE classic<\/strong><br class=\"false\" \/><br class=\"false\" \/>In diesem Webinar erhalten Sie einen praxisnahen Einblick in MAXTIXFARE classic. Gemeinsam gehen wir Schritt f\u00fcr Schritt durch den gesamten Ablauf des Flugticketverkaufs. Dabei schauen wir uns drei zentrale Arbeitsbereiche genauer an:<br class=\"false\" \/><br class=\"false\" \/><img decoding=\"async\" class=\"emoji\" role=\"img\" draggable=\"false\" src=\"https:\/\/s.w.org\/images\/core\/emoji\/15.0.3\/svg\/2708.svg\" alt=\"\u2708\ufe0f\" \/>\u00a0<strong>Flug- &amp; Tarifsuche<\/strong><br class=\"false\" \/><strong><img decoding=\"async\" class=\"emoji\" role=\"img\" draggable=\"false\" src=\"https:\/\/s.w.org\/images\/core\/emoji\/15.0.3\/svg\/1f4d1.svg\" alt=\"\ud83d\udcd1\" \/> Meine Buchungen<\/strong><br class=\"false\" \/><strong><img decoding=\"async\" class=\"emoji\" role=\"img\" draggable=\"false\" src=\"https:\/\/s.w.org\/images\/core\/emoji\/15.0.3\/svg\/2699.svg\" alt=\"\u2699\ufe0f\" \/> Systemeinstellungen<\/strong><br class=\"false\" \/><br class=\"false\" \/>Melden Sie sich jetzt an und entdecken Sie die spannende Welt des Flugticketverkaufs mit Pul Express!<\/p><p><a href=\"https:\/\/63250.seu1.cleverreach.com\/c2\/AMMQ7YQ\/63250-8608619\/62327abb1f5a-bfbd82897be2-0aeb79656b1e-11ec49ba0a2e-78580c924644-982ab525d117-0ae5149e0b10-52754ec8c085-819f428f4d15-14440a453424-5ae552c0\/\" target=\"_blank\" rel=\"noopener\"><strong class=\"false\">&gt;&gt; ANMELDUNG<\/strong><\/a><\/p><\/div><\/td><\/tr><\/tbody><\/table><\/div><\/div><\/td><\/tr><\/tbody><\/table><\/div><\/td><\/tr><\/tbody><\/table><\/td><\/tr><\/tbody><\/table>\t\t\t\t\t\t\t\t<\/div>\n\t\t\t\t<\/div>\n\t\t\t\t\t<\/div>\n\t\t<\/div>\n\t\t\t\t\t<\/div>\n\t\t<\/section>\n\t\t\t\t<\/div>","protected":false},"excerpt":{"rendered":"<p>\u00a0Pul Express und die Partner laden Sie herzlich zu den Webinaren im Dezember 2025 ein: \u00a0 \u00a0<\/p>","protected":false},"author":1,"featured_media":0,"parent":0,"menu_order":0,"comment_status":"closed","ping_status":"closed","template":"","meta":{"_acf_changed":false,"_bbp_topic_count":0,"_bbp_reply_count":0,"_bbp_total_topic_count":0,"_bbp_total_reply_count":0,"_bbp_voice_count":0,"_bbp_anonymous_reply_count":0,"_bbp_topic_count_hidden":0,"_bbp_reply_count_hidden":0,"_bbp_forum_subforum_count":0,"footnotes":""},"class_list":["post-16837","page","type-page","status-publish","hentry"],"acf":[],"_links":{"self":[{"href":"https:\/\/maxtixfare.de\/ru\/wp-json\/wp\/v2\/pages\/16837","targetHints":{"allow":["GET"]}}],"collection":[{"href":"https:\/\/maxtixfare.de\/ru\/wp-json\/wp\/v2\/pages"}],"about":[{"href":"https:\/\/maxtixfare.de\/ru\/wp-json\/wp\/v2\/types\/page"}],"author":[{"embeddable":true,"href":"https:\/\/maxtixfare.de\/ru\/wp-json\/wp\/v2\/users\/1"}],"replies":[{"embeddable":true,"href":"https:\/\/maxtixfare.de\/ru\/wp-json\/wp\/v2\/comments?post=16837"}],"version-history":[{"count":421,"href":"https:\/\/maxtixfare.de\/ru\/wp-json\/wp\/v2\/pages\/16837\/revisions"}],"predecessor-version":[{"id":24254,"href":"https:\/\/maxtixfare.de\/ru\/wp-json\/wp\/v2\/pages\/16837\/revisions\/24254"}],"wp:attachment":[{"href":"https:\/\/maxtixfare.de\/ru\/wp-json\/wp\/v2\/media?parent=16837"}],"curies":[{"name":"wp","href":"https:\/\/api.w.org\/{rel}","templated":true}]}}