{"id":17951,"date":"2023-05-22T08:18:02","date_gmt":"2023-05-22T08:18:02","guid":{"rendered":"https:\/\/maxtixfare.de\/?page_id=17951"},"modified":"2026-03-30T10:55:16","modified_gmt":"2026-03-30T10:55:16","slug":"arbeitszeiten-an-den-feiertagen","status":"publish","type":"page","link":"https:\/\/maxtixfare.de\/ru\/arbeitszeiten-an-den-feiertagen\/","title":{"rendered":"\u0412\u0440\u0435\u043c\u044f \u0440\u0430\u0431\u043e\u0442\u044b \u0432 \u043f\u0440\u0430\u0437\u0434\u043d\u0438\u0447\u043d\u044b\u0435 \u0434\u043d\u0438"},"content":{"rendered":"<div data-elementor-type=\"wp-page\" data-elementor-id=\"17951\" class=\"elementor elementor-17951\" data-elementor-post-type=\"page\">\n\t\t\t\t\t\t<section class=\"elementor-section elementor-top-section elementor-element elementor-element-33dd3a3 elementor-section-boxed elementor-section-height-default elementor-section-height-default\" data-id=\"33dd3a3\" data-element_type=\"section\">\n\t\t\t\t\t\t<div class=\"elementor-container elementor-column-gap-default\">\n\t\t\t\t\t<div class=\"elementor-column elementor-col-100 elementor-top-column elementor-element elementor-element-1429bc3\" data-id=\"1429bc3\" data-element_type=\"column\">\n\t\t\t<div class=\"elementor-widget-wrap elementor-element-populated\">\n\t\t\t\t\t\t<div class=\"elementor-element elementor-element-c3302fa elementor-widget elementor-widget-heading\" data-id=\"c3302fa\" data-element_type=\"widget\" data-widget_type=\"heading.default\">\n\t\t\t\t<div class=\"elementor-widget-container\">\n\t\t\t\t\t<h1 class=\"elementor-heading-title elementor-size-default\">\u0412\u0440\u0435\u043c\u044f \u0440\u0430\u0431\u043e\u0442\u044b \u0432 \u043f\u0440\u0430\u0437\u0434\u043d\u0438\u0447\u043d\u044b\u0435 \u0434\u043d\u0438<\/h1>\t\t\t\t<\/div>\n\t\t\t\t<\/div>\n\t\t\t\t\t<\/div>\n\t\t<\/div>\n\t\t\t\t\t<\/div>\n\t\t<\/section>\n\t\t\t\t<section class=\"elementor-section elementor-top-section elementor-element elementor-element-af74add elementor-section-boxed elementor-section-height-default elementor-section-height-default\" data-id=\"af74add\" data-element_type=\"section\">\n\t\t\t\t\t\t<div class=\"elementor-container elementor-column-gap-default\">\n\t\t\t\t\t<div class=\"elementor-column elementor-col-100 elementor-top-column elementor-element elementor-element-4aa20c8\" data-id=\"4aa20c8\" data-element_type=\"column\">\n\t\t\t<div class=\"elementor-widget-wrap elementor-element-populated\">\n\t\t\t\t\t\t<div class=\"elementor-element elementor-element-53699f5 elementor-widget elementor-widget-image\" data-id=\"53699f5\" data-element_type=\"widget\" data-widget_type=\"image.default\">\n\t\t\t\t<div class=\"elementor-widget-container\">\n\t\t\t\t\t\t\t\t\t\t\t\t\t\t\t<img fetchpriority=\"high\" decoding=\"async\" width=\"600\" height=\"200\" src=\"https:\/\/maxtixfare.de\/wp-content\/uploads\/2026\/03\/2026_Ostern_Arbeitszeit.png\" class=\"attachment-medium_large size-medium_large wp-image-24232\" alt=\"Ostern Arbeitszeit\" srcset=\"https:\/\/maxtixfare.de\/wp-content\/uploads\/2026\/03\/2026_Ostern_Arbeitszeit.png 600w, https:\/\/maxtixfare.de\/wp-content\/uploads\/2026\/03\/2026_Ostern_Arbeitszeit-300x100.png 300w, https:\/\/maxtixfare.de\/wp-content\/uploads\/2026\/03\/2026_Ostern_Arbeitszeit-18x6.png 18w, https:\/\/maxtixfare.de\/wp-content\/uploads\/2026\/03\/2026_Ostern_Arbeitszeit-480x160.png 480w\" sizes=\"(max-width: 600px) 100vw, 600px\" \/>\t\t\t\t\t\t\t\t\t\t\t\t\t\t\t<\/div>\n\t\t\t\t<\/div>\n\t\t\t\t\t<\/div>\n\t\t<\/div>\n\t\t\t\t\t<\/div>\n\t\t<\/section>\n\t\t\t\t<section class=\"elementor-section elementor-top-section elementor-element elementor-element-cb1da1a elementor-section-boxed elementor-section-height-default elementor-section-height-default\" data-id=\"cb1da1a\" data-element_type=\"section\">\n\t\t\t\t\t\t<div class=\"elementor-container elementor-column-gap-default\">\n\t\t\t\t\t<div class=\"elementor-column elementor-col-100 elementor-top-column elementor-element elementor-element-c65baa7\" data-id=\"c65baa7\" data-element_type=\"column\">\n\t\t\t<div class=\"elementor-widget-wrap elementor-element-populated\">\n\t\t\t\t\t\t<div class=\"elementor-element elementor-element-0de1f4c elementor-widget elementor-widget-text-editor\" data-id=\"0de1f4c\" data-element_type=\"widget\" data-widget_type=\"text-editor.default\">\n\t\t\t\t<div class=\"elementor-widget-container\">\n\t\t\t\t\t\t\t\t\t<table style=\"color: #394d5f; font-family: Segoe, 'Segoe UI', 'DejaVu Sans', 'Trebuchet MS', Verdana, sans-serif; font-size: 15px;\" width=\"100%\" cellspacing=\"0\" cellpadding=\"0\"><tbody><tr><td style=\"line-height: 21px; padding: 0px;\" valign=\"top\"><p><strong><span style=\"text-decoration: underline;\">\u0412\u0440\u0435\u043c\u044f \u0440\u0430\u0431\u043e\u0442\u044b \u0432 \u043f\u0440\u0430\u0437\u0434\u043d\u0438\u0447\u043d\u044b\u0435 \u0434\u043d\u0438 <span style=\"color: #800000; text-decoration: underline;\">02.04.2026 &#8211; 07.04.2026<\/span><\/span><\/strong><\/p><\/td><\/tr><\/tbody><\/table><table border=\"0\" width=\"100%\" cellspacing=\"0\" cellpadding=\"0\"><tbody><tr><td class=\"editable\" align=\"center\" valign=\"top\" data-name=\"Container styles\"><table class=\"cred_loopitem_multiple row\" width=\"100%\" cellspacing=\"0\" cellpadding=\"0\"><tbody><tr><td class=\"cred_is_frame wrapper text last cred_modal_top\" valign=\"top\"><table border=\"0\" width=\"100%\" cellspacing=\"0\" cellpadding=\"0\"><tbody><tr><td class=\"editable\" align=\"center\" valign=\"top\" data-name=\"Container styles\"><table class=\"cred_loopitem_multiple row\" width=\"100%\" cellspacing=\"0\" cellpadding=\"0\"><tbody><tr><td class=\"cred_is_frame wrapper text last cred_modal_top\" valign=\"top\"><table border=\"0\" width=\"100%\" cellspacing=\"0\" cellpadding=\"0\"><tbody><tr><td class=\"editable\" align=\"center\" valign=\"top\" data-name=\"Container styles\"><table border=\"0\" width=\"100%\" cellspacing=\"0\" cellpadding=\"0\"><tbody><tr><td class=\"editable\" align=\"center\" valign=\"top\" data-name=\"Container styles\"><table border=\"0\" width=\"100%\" cellspacing=\"0\" cellpadding=\"0\"><tbody><tr><td align=\"left\" valign=\"top\"><div align=\"left\">\u0423\u0432\u0430\u0436\u0430\u0435\u043c\u044b\u0435 \u043f\u0430\u0440\u0442\u043d\u0435\u0440\u044b \u0442\u0443\u0440\u0438\u0441\u0442\u0438\u0447\u0435\u0441\u043a\u0438\u0445 \u0430\u0433\u0435\u043d\u0442\u0441\u0442\u0432,<br class=\"false\" \/><br class=\"false\" \/>\u043c\u044b \u0438\u043d\u0444\u043e\u0440\u043c\u0438\u0440\u0443\u0435\u043c \u0432\u0430\u0441 \u043e\u00a0<strong class=\"false\">Pul Express Arbeitsplan<\/strong>\u00a0f\u00fcr die\u00a0<strong class=\"false\">Osterfeiertage 2026\u00a0<\/strong>.\u00a0<br class=\"false\" \/>\u041c\u044b \u0437\u0434\u0435\u0441\u044c \u0434\u043b\u044f \u0432\u0430\u0441:<\/div><div align=\"left\">\u00a0<\/div><\/td><\/tr><\/tbody><\/table><\/td><\/tr><\/tbody><\/table><table border=\"0\" width=\"100%\" cellspacing=\"0\" cellpadding=\"0\"><tbody><tr><td class=\"editable\" align=\"center\" valign=\"top\" data-name=\"Container styles\"><table border=\"0\" width=\"100%\" cellspacing=\"0\" cellpadding=\"0\"><tbody><tr><td align=\"left\" valign=\"top\"><div align=\"left\"><strong class=\"false\">02.04.26<\/strong>, Donnerstag | regul\u00e4re Arbeitszeiten, ab\u00a0<strong class=\"false\">9:00\u00a0<\/strong>Uhr bis<strong class=\"false\">\u00a018:00<\/strong>\u00a0Uhr<strong class=\"false\"><br \/><br \/>03.04.26<\/strong>, Freitag &#8211;\u00a0<strong>Karfreitag<\/strong><strong class=\"false\">\u00a0|<\/strong>\u00a0Ticketing von\u00a0<strong class=\"false\">10:00<\/strong>\u00a0Uhr bis\u00a0<strong class=\"false\">14:00<\/strong>\u00a0Uhr<strong class=\"false\">*<\/strong><br class=\"false\" \/>\u0421\u0432\u044f\u0437\u044c \u043f\u043e \u044d\u043b\u0435\u043a\u0442\u0440\u043e\u043d\u043d\u043e\u0439 \u043f\u043e\u0447\u0442\u0435:\u00a0<strong class=\"false\"><em class=\"false\"><a class=\"false\" href=\"mailto:we-ticketing@pulexpress.de\" target=\"_blank\" rel=\"noopener\">we-ticketing@pulexpress.de\u00a0<\/a><\/em><\/strong>&amp;<strong class=\"false\"><em class=\"false\"><a class=\"false\" href=\"mailto:ibe@pulexpress.de\" target=\"_blank\" rel=\"noopener\">\u00a0ibe@pulexpress.de<\/a><\/em><\/strong><br class=\"false\" \/><strong class=\"false\"><br \/>04.04.26<\/strong>, Samstag\u00a0<strong class=\"false\">|<\/strong>\u00a0Ticketing von\u00a0<strong class=\"false\">10:00<\/strong>\u00a0Uhr bis\u00a0<strong class=\"false\">14:00<\/strong>\u00a0Uhr<strong class=\"false\">*<\/strong><br class=\"false\" \/>\u0421\u0432\u044f\u0437\u044c \u043f\u043e \u044d\u043b\u0435\u043a\u0442\u0440\u043e\u043d\u043d\u043e\u0439 \u043f\u043e\u0447\u0442\u0435:\u00a0<strong class=\"false\"><em class=\"false\"><a class=\"false\" href=\"mailto:we-ticketing@pulexpress.de\" target=\"_blank\" rel=\"noopener\">we-ticketing@pulexpress.de\u00a0<\/a><\/em><\/strong>&amp;<strong class=\"false\"><em class=\"false\"><a class=\"false\" href=\"mailto:ibe@pulexpress.de\" target=\"_blank\" rel=\"noopener\">\u00a0ibe@pulexpress.de<\/a><\/em><\/strong><br class=\"false\" \/><br class=\"false\" \/><strong class=\"false\">05.04.26<\/strong>, Sonntag &#8211;\u00a0<strong>Ostersonntag<\/strong><strong class=\"false\">\u00a0|<\/strong>\u00a0Ticketing von\u00a0<strong class=\"false\">10:00<\/strong>\u00a0Uhr bis\u00a0<strong class=\"false\">14:00<\/strong>\u00a0Uhr<strong class=\"false\">*<\/strong><br class=\"false\" \/>\u0421\u0432\u044f\u0437\u044c \u043f\u043e \u044d\u043b\u0435\u043a\u0442\u0440\u043e\u043d\u043d\u043e\u0439 \u043f\u043e\u0447\u0442\u0435:\u00a0<strong class=\"false\"><em class=\"false\"><a class=\"false\" href=\"mailto:we-ticketing@pulexpress.de\" target=\"_blank\" rel=\"noopener\">we-ticketing@pulexpress.de\u00a0<\/a><\/em><\/strong>&amp;<strong class=\"false\"><em class=\"false\"><a class=\"false\" href=\"mailto:ibe@pulexpress.de\" target=\"_blank\" rel=\"noopener\">\u00a0ibe@pulexpress.de<\/a><\/em><\/strong><br class=\"false\" \/><br class=\"false\" \/><strong class=\"false\">06.04.26<\/strong>, Montag &#8211;\u00a0<strong>Ostermontag<\/strong><strong class=\"false\">\u00a0|<\/strong>\u00a0Ticketing von\u00a0<strong class=\"false\">10:00<\/strong>\u00a0Uhr bis\u00a0<strong class=\"false\">14:00<\/strong>\u00a0Uhr<strong class=\"false\">*<\/strong><br class=\"false\" \/>\u0421\u0432\u044f\u0437\u044c \u043f\u043e \u044d\u043b\u0435\u043a\u0442\u0440\u043e\u043d\u043d\u043e\u0439 \u043f\u043e\u0447\u0442\u0435:\u00a0<strong class=\"false\"><em class=\"false\"><a class=\"false\" href=\"mailto:we-ticketing@pulexpress.de\" target=\"_blank\" rel=\"noopener\">we-ticketing@pulexpress.de\u00a0<\/a><\/em><\/strong>&amp;<strong class=\"false\"><em class=\"false\"><a class=\"false\" href=\"mailto:ibe@pulexpress.de\" target=\"_blank\" rel=\"noopener\">\u00a0ibe@pulexpress.de<\/a><\/em><\/strong><br class=\"false\" \/><br class=\"false\" \/><strong class=\"false\">ab 07.04.26<\/strong>, Dienstag<strong class=\"false\">\u00a0|<\/strong>\u00a0regul\u00e4re Arbeitszeiten, ab\u00a0<strong class=\"false\">9:00\u00a0<\/strong>Uhr bis<strong class=\"false\">\u00a018:00<\/strong>\u00a0Uhr<br class=\"false\" \/><br class=\"false\" \/><strong class=\"false\">*<\/strong>\u041a\u00a0<strong>03<\/strong><strong class=\"false\">.04.26,<\/strong>\u00a0<strong>05<\/strong><strong class=\"false\">.04.26<\/strong>,\u00a0<strong>06.04.26<\/strong>\u00a0senden Sie Ihre PNRs f\u00fcr das Ticketing bis 14:00Uhr an unsere Amadeus-Queue &#8222;Q60&#8220; oder per E-Mail an\u00a0<strong><a href=\"mailto:ibe@pulexpress.de\">ibe@pulexpress.de<\/a><\/strong>\u00a0\u0432 \u0441\u043e\u043e\u0442\u0432\u0435\u0442\u0441\u0442\u0432\u0438\u0438 \u0441 \u043d\u0430\u0448\u0438\u043c \u0434\u043e\u043f\u043e\u043b\u043d\u0438\u0442\u0435\u043b\u044c\u043d\u044b\u043c \u043f\u0440\u0435\u0434\u043b\u043e\u0436\u0435\u043d\u0438\u0435\u043c \u043f\u043e \u043f\u0440\u043e\u0434\u0430\u0436\u0435 \u0431\u0438\u043b\u0435\u0442\u043e\u0432 \u0432 \u043f\u0440\u0430\u0437\u0434\u043d\u0438\u0447\u043d\u044b\u0435 \u0434\u043d\u0438. \u041f\u043e\u0436\u0430\u043b\u0443\u0439\u0441\u0442\u0430, \u043e\u0431\u0440\u0430\u0442\u0438\u0442\u0435 \u0432\u043d\u0438\u043c\u0430\u043d\u0438\u0435, \u0447\u0442\u043e \u0432 \u0434\u043e\u043f\u043e\u043b\u043d\u0438\u0442\u0435\u043b\u044c\u043d\u043e\u0435 \u0432\u0440\u0435\u043c\u044f \u043c\u043e\u0436\u043d\u043e \u0432\u043d\u0435\u0441\u0442\u0438 \u0442\u043e\u043b\u044c\u043a\u043e \u0441\u0440\u043e\u0447\u043d\u044b\u0435 \u0438\u0437\u043c\u0435\u043d\u0435\u043d\u0438\u044f \u0432 \u0431\u0438\u043b\u0435\u0442<br class=\"false\" \/>\u0421\u0432\u044f\u0437\u044c \u043f\u043e \u044d\u043b\u0435\u043a\u0442\u0440\u043e\u043d\u043d\u043e\u0439 \u043f\u043e\u0447\u0442\u0435:\u00a0<a class=\"false\" href=\"mailto:we-ticketing@pulexpress.de\" target=\"_blank\" rel=\"noopener\"><strong class=\"false\"><em class=\"false\">we-ticketing@pulexpress.de<\/em>\u00a0<\/strong><\/a>&amp;<em class=\"false\"><strong class=\"false\"><a class=\"false\" href=\"mailto:ibe@pulexpress.de\" target=\"_blank\" rel=\"noopener\">\u00a0ibe@pulexpress.de<\/a><\/strong><\/em><br \/><br \/>Angesichts der vielen Feiertage bitten wir Sie alle, Ihre Reservierungen noch einmal auf Ticketing Time Limit (TTL) nachzupr\u00fcfen und, wenn es notwendig w\u00e4re, an uns\u00a0<strong class=\"false\">sp\u00e4testens am 02.04.2026 bis 18:00<\/strong>\u00a0\u0434\u043b\u044f \u043f\u0440\u043e\u0434\u0430\u0436\u0438 \u0431\u0438\u043b\u0435\u0442\u043e\u0432.<br class=\"false\" \/>F\u00fcr die B\u00fcros, die zur Ticketstra\u00dfe zugelassen sind, wird Ticketing nach wie vor rund um die Uhr (24\/7) m\u00f6glich sein!<br class=\"false\" \/><br class=\"false\" \/>Beachten Sie bitte, dass bei der Zahlung per \u00dcberweisung die Flugscheine nur nach dem Geldeingang auf unserem Konto ausgestellt werden k\u00f6nnten.<br class=\"false\" \/>\u0414\u043b\u044f \u043e\u0444\u0438\u0441\u043e\u0432, \u0443\u0447\u0430\u0441\u0442\u0432\u0443\u044e\u0449\u0438\u0445 \u0432 \u0441\u0445\u0435\u043c\u0435 \u043f\u0440\u044f\u043c\u043e\u0433\u043e \u0434\u0435\u0431\u0435\u0442\u043e\u0432\u0430\u043d\u0438\u044f, \u0431\u0438\u043b\u0435\u0442\u044b \u0431\u0443\u0434\u0443\u0442 \u0432\u044b\u043f\u0438\u0441\u0430\u043d\u044b \u0441\u0440\u0430\u0437\u0443 \u043f\u043e\u0441\u043b\u0435 \u043f\u043e\u043b\u0443\u0447\u0435\u043d\u0438\u044f PNR \u0432 \u043d\u0430\u0448\u0435\u0439 \u0441\u043e\u043e\u0442\u0432\u0435\u0442\u0441\u0442\u0432\u0443\u044e\u0449\u0435\u0439 \u043e\u0447\u0435\u0440\u0435\u0434\u0438.\u00a0<\/div><\/td><\/tr><\/tbody><\/table><\/td><\/tr><\/tbody><\/table><table class=\"cred_loopitem_multiple row\" width=\"100%\" cellspacing=\"0\" cellpadding=\"0\"><tbody><tr><td class=\"cred_is_frame wrapper text last cred_modal_top\" valign=\"top\"><a id=\"cra-7897939\" class=\"cred-index-anchor\" name=\"cra-7897939\" data-title=\"It's time to design your email\" data-visible=\"true\"><\/a><table border=\"0\" width=\"100%\" cellspacing=\"0\" cellpadding=\"0\"><tbody><tr><td class=\"editable\" align=\"center\" valign=\"top\" data-name=\"Container styles\"><table border=\"0\" width=\"100%\" cellspacing=\"0\" cellpadding=\"0\"><tbody><tr><td align=\"left\" valign=\"top\"><p><strong>\u0421\u0447\u0430\u0441\u0442\u043b\u0438\u0432\u044b\u0445 \u043f\u0440\u0430\u0437\u0434\u043d\u0438\u043a\u043e\u0432<\/strong><br \/>\u0421 \u043d\u0430\u0438\u043b\u0443\u0447\u0448\u0438\u043c\u0438 \u043f\u043e\u0436\u0435\u043b\u0430\u043d\u0438\u044f\u043c\u0438 \u043e\u0442 Pul Express<\/p><\/td><\/tr><\/tbody><\/table><\/td><\/tr><\/tbody><\/table><\/td><\/tr><\/tbody><\/table><\/td><\/tr><\/tbody><\/table><\/td><\/tr><\/tbody><\/table><\/td><\/tr><\/tbody><\/table><\/td><\/tr><\/tbody><\/table><\/td><\/tr><\/tbody><\/table>\t\t\t\t\t\t\t\t<\/div>\n\t\t\t\t<\/div>\n\t\t\t\t\t<\/div>\n\t\t<\/div>\n\t\t\t\t\t<\/div>\n\t\t<\/section>\n\t\t\t\t<\/div>","protected":false},"excerpt":{"rendered":"<p>Arbeitszeiten an den Feiertagen Arbeitszeiten an den Feiertagen 02.04.2026 &#8211; 07.04.2026 Sehr geehrte Reiseb\u00fcropartner, hiermit teilen wir Ihnen den\u00a0Pul Express Arbeitsplan\u00a0f\u00fcr die\u00a0Osterfeiertage 2026\u00a0mit.\u00a0Wir sind f\u00fcr Sie da:\u00a0 02.04.26, Donnerstag | regul\u00e4re Arbeitszeiten, ab\u00a09:00\u00a0Uhr bis\u00a018:00\u00a0Uhr 03.04.26, Freitag &#8211;\u00a0Karfreitag\u00a0|\u00a0Ticketing von\u00a010:00\u00a0Uhr bis\u00a014:00\u00a0Uhr*Kontakt per E-Mail:\u00a0we-ticketing@pulexpress.de\u00a0&amp;\u00a0ibe@pulexpress.de04.04.26, Samstag\u00a0|\u00a0Ticketing von\u00a010:00\u00a0Uhr bis\u00a014:00\u00a0Uhr*Kontakt per E-Mail:\u00a0we-ticketing@pulexpress.de\u00a0&amp;\u00a0ibe@pulexpress.de 05.04.26, Sonntag &#8211;\u00a0Ostersonntag\u00a0|\u00a0Ticketing von\u00a010:00\u00a0Uhr bis\u00a014:00\u00a0Uhr*Kontakt per E-Mail:\u00a0we-ticketing@pulexpress.de\u00a0&amp;\u00a0ibe@pulexpress.de 06.04.26, Montag &#8211;\u00a0Ostermontag\u00a0|\u00a0Ticketing von\u00a010:00\u00a0Uhr bis\u00a014:00\u00a0Uhr*Kontakt per E-Mail:\u00a0we-ticketing@pulexpress.de\u00a0&amp;\u00a0ibe@pulexpress.de [&hellip;]<\/p>","protected":false},"author":3527,"featured_media":0,"parent":0,"menu_order":0,"comment_status":"closed","ping_status":"closed","template":"","meta":{"_acf_changed":false,"_bbp_topic_count":0,"_bbp_reply_count":0,"_bbp_total_topic_count":0,"_bbp_total_reply_count":0,"_bbp_voice_count":0,"_bbp_anonymous_reply_count":0,"_bbp_topic_count_hidden":0,"_bbp_reply_count_hidden":0,"_bbp_forum_subforum_count":0,"footnotes":""},"class_list":["post-17951","page","type-page","status-publish","hentry"],"acf":[],"_links":{"self":[{"href":"https:\/\/maxtixfare.de\/ru\/wp-json\/wp\/v2\/pages\/17951","targetHints":{"allow":["GET"]}}],"collection":[{"href":"https:\/\/maxtixfare.de\/ru\/wp-json\/wp\/v2\/pages"}],"about":[{"href":"https:\/\/maxtixfare.de\/ru\/wp-json\/wp\/v2\/types\/page"}],"author":[{"embeddable":true,"href":"https:\/\/maxtixfare.de\/ru\/wp-json\/wp\/v2\/users\/3527"}],"replies":[{"embeddable":true,"href":"https:\/\/maxtixfare.de\/ru\/wp-json\/wp\/v2\/comments?post=17951"}],"version-history":[{"count":69,"href":"https:\/\/maxtixfare.de\/ru\/wp-json\/wp\/v2\/pages\/17951\/revisions"}],"predecessor-version":[{"id":24235,"href":"https:\/\/maxtixfare.de\/ru\/wp-json\/wp\/v2\/pages\/17951\/revisions\/24235"}],"wp:attachment":[{"href":"https:\/\/maxtixfare.de\/ru\/wp-json\/wp\/v2\/media?parent=17951"}],"curies":[{"name":"wp","href":"https:\/\/api.w.org\/{rel}","templated":true}]}}