{"id":19507,"date":"2023-11-20T10:30:06","date_gmt":"2023-11-20T10:30:06","guid":{"rendered":"https:\/\/maxtixfare.de\/?page_id=19507"},"modified":"2024-11-29T11:18:46","modified_gmt":"2024-11-29T11:18:46","slug":"intranet-nile-air","status":"publish","type":"page","link":"https:\/\/maxtixfare.de\/ru\/intranet-nile-air\/","title":{"rendered":"Intranet Nile Air"},"content":{"rendered":"<div data-elementor-type=\"wp-page\" data-elementor-id=\"19507\" class=\"elementor elementor-19507\" data-elementor-post-type=\"page\">\n\t\t\t\t\t\t<section class=\"elementor-section elementor-top-section elementor-element elementor-element-3835851c elementor-section-boxed elementor-section-height-default elementor-section-height-default\" data-id=\"3835851c\" data-element_type=\"section\">\n\t\t\t\t\t\t<div class=\"elementor-container elementor-column-gap-default\">\n\t\t\t\t\t<div class=\"elementor-column elementor-col-50 elementor-top-column elementor-element elementor-element-515c4443\" data-id=\"515c4443\" data-element_type=\"column\">\n\t\t\t<div class=\"elementor-widget-wrap elementor-element-populated\">\n\t\t\t\t\t\t<div class=\"elementor-element elementor-element-3ca666d2 elementor-view-default elementor-widget elementor-widget-icon\" data-id=\"3ca666d2\" data-element_type=\"widget\" data-widget_type=\"icon.default\">\n\t\t\t\t<div class=\"elementor-widget-container\">\n\t\t\t\t\t\t\t<div class=\"elementor-icon-wrapper\">\n\t\t\t<a class=\"elementor-icon\" href=\"https:\/\/maxtixfare.de\/ru\/intranet\/\">\n\t\t\t<i aria-hidden=\"true\" class=\"fas fa-home\"><\/i>\t\t\t<\/a>\n\t\t<\/div>\n\t\t\t\t\t\t<\/div>\n\t\t\t\t<\/div>\n\t\t\t\t\t<\/div>\n\t\t<\/div>\n\t\t\t\t<div class=\"elementor-column elementor-col-50 elementor-top-column elementor-element elementor-element-2e55bffe\" data-id=\"2e55bffe\" data-element_type=\"column\">\n\t\t\t<div class=\"elementor-widget-wrap elementor-element-populated\">\n\t\t\t\t\t\t<div class=\"elementor-element elementor-element-1288f469 uael-nav-menu__align-left uael-submenu-open-hover uael-submenu-icon-arrow uael-submenu-animation-none uael-link-redirect-child uael-nav-menu__breakpoint-tablet elementor-widget elementor-widget-uael-nav-menu\" data-id=\"1288f469\" data-element_type=\"widget\" data-widget_type=\"uael-nav-menu.default\">\n\t\t\t\t<div class=\"elementor-widget-container\">\n\t\t\t\t\t\t\t<div class=\"uael-nav-menu uael-layout-horizontal uael-nav-menu-layout uael-pointer__none\" data-layout=\"horizontal\">\n\t\t\t\t<div class=\"uael-nav-menu__toggle elementor-clickable\">\n\t\t\t\t\t<div class=\"uael-nav-menu-icon\">\n\t\t\t\t\t\t<i aria-hidden=\"true\" tabindex=\"0\" class=\"fas fa-align-justify\"><\/i>\t\t\t\t\t<\/div>\n\t\t\t\t\t\t\t\t\t<\/div>\n\t\t\t\t\t\t\t\t\t\t<nav class=\"uael-nav-menu__layout-horizontal uael-nav-menu__submenu-arrow\" data-toggle-icon=\"&lt;i aria-hidden=&quot;true&quot; tabindex=&quot;0&quot; class=&quot;fas fa-align-justify&quot;&gt;&lt;\/i&gt;\" data-close-icon=\"&lt;i aria-hidden=&quot;true&quot; tabindex=&quot;0&quot; class=&quot;far fa-window-close&quot;&gt;&lt;\/i&gt;\" data-full-width=\"yes\">\n\t\t\t <ul class=\"uael-nav-menu uael-nav-menu-custom uael-custom-wrapper\"><li class=\"menu-item menu-item-has-children parent parent-has-no-child elementor-repeater-item-8b608fb\" data-dropdown-width=\"default\" data-dropdown-pos=\"left\"><a href=\"https:\/\/maxtixfare.de\/ru\/intranet-info\/\" class='uael-menu-item'>Info<span class='uael-menu-toggle sub-arrow parent-item'><i class='fa'><\/i><\/span><\/a><li class=\"menu-item menu-item-has-children parent parent-has-no-child elementor-repeater-item-4b04b23\" data-dropdown-width=\"default\" data-dropdown-pos=\"left\"><a href=\"https:\/\/maxtixfare.de\/ru\/intranet-allgemeine-informationen\/\" class='uael-menu-item'>Allgemeine Informationen<span class='uael-menu-toggle sub-arrow parent-item'><i class='fa'><\/i><\/span><\/a><li class=\"menu-item menu-item-has-children parent parent-has-no-child elementor-repeater-item-d705326\" data-dropdown-width=\"default\" data-dropdown-pos=\"left\"><a href=\"https:\/\/maxtixfare.de\/ru\/intranet-airlines-info\/\" class='uael-menu-item'>Airlines Info\/Angebote<span class='uael-menu-toggle sub-arrow parent-item'><i class='fa'><\/i><\/span><\/a><li class=\"menu-item menu-item-has-children parent parent-has-no-child elementor-repeater-item-621f333\" data-dropdown-width=\"default\" data-dropdown-pos=\"left\"><a href=\"https:\/\/maxtixfare.de\/ru\/intranet-veranstaltungen\/\" class='uael-menu-item'>Veranstaltungen  <span class='uael-menu-toggle sub-arrow parent-item'><i class='fa'><\/i><\/span><\/a><li class=\"menu-item menu-item-has-children parent parent-has-no-child elementor-repeater-item-51972fa\" data-dropdown-width=\"default\" data-dropdown-pos=\"left\"><a href=\"https:\/\/maxtixfare.de\/ru\/intranet-online-loesungen\/\" class='uael-menu-item'>Online L\u00f6sungen <span class='uael-menu-toggle sub-arrow parent-item'><i class='fa'><\/i><\/span><\/a><li class=\"menu-item menu-item-has-children parent parent-has-no-child elementor-repeater-item-619a0e8\" data-dropdown-width=\"default\" data-dropdown-pos=\"left\"><a href=\"https:\/\/coopeast.de\/\" class=\"uael-menu-item\" target=\"_blank\" rel=\"noopener\">Coopeast<span class='uael-menu-toggle sub-arrow parent-item'><i class='fa'><\/i><\/span><\/a><li class=\"menu-item menu-item-has-children parent parent-has-no-child elementor-repeater-item-d694092\" data-dropdown-width=\"default\" data-dropdown-pos=\"left\"><a href=\"https:\/\/maxtixfare.de\/ru\/intranet-produkte\/\" class=\"uael-menu-item\">Produkte<span class='uael-menu-toggle sub-arrow parent-item'><i class='fa'><\/i><\/span><\/a><li class=\"menu-item menu-item-has-children parent parent-has-no-child elementor-repeater-item-d4fc43b\" data-dropdown-width=\"default\" data-dropdown-pos=\"left\"><a href=\"https:\/\/maxtixfare.de\/ru\/intranet-kommunikation\/\" class=\"uael-menu-item\">Wir sind f\u00fcr Sie da<span class='uael-menu-toggle sub-arrow parent-item'><i class='fa'><\/i><\/span><\/a><li class=\"menu-item menu-item-has-children parent parent-has-no-child elementor-repeater-item-68092dd\" data-dropdown-width=\"default\" data-dropdown-pos=\"left\"><a href=\"https:\/\/maxtixfare.de\/ru\/intranet-faq\/\" class=\"uael-menu-item\">FAQ<span class='uael-menu-toggle sub-arrow parent-item'><i class='fa'><\/i><\/span><\/a><li class=\"menu-item menu-item-has-children parent parent-has-no-child elementor-repeater-item-075a791\" data-dropdown-width=\"default\" data-dropdown-pos=\"left\"><a href=\"https:\/\/maxtixfare.de\/ru\/intranet-anleitungen\/\" class=\"uael-menu-item\">Help\/Anleitungen<span class='uael-menu-toggle sub-arrow parent-item'><i class='fa'><\/i><\/span><\/a><li class=\"menu-item menu-item-has-children parent parent-has-no-child elementor-repeater-item-25ed355\" data-dropdown-width=\"default\" data-dropdown-pos=\"left\"><a href=\"https:\/\/maxtixfare.de\/ru\/agb\/\" class=\"uael-menu-item\">AGB<span class='uael-menu-toggle sub-arrow parent-item'><i class='fa'><\/i><\/span><\/a><\/ul>\t\t<\/nav>\n\t\t\t\t\t\t\t<\/div>\n\t\t\t\t\t\t\t<\/div>\n\t\t\t\t<\/div>\n\t\t\t\t\t<\/div>\n\t\t<\/div>\n\t\t\t\t\t<\/div>\n\t\t<\/section>\n\t\t\t\t<section class=\"elementor-section elementor-top-section elementor-element elementor-element-b9cd04d elementor-section-boxed elementor-section-height-default elementor-section-height-default\" data-id=\"b9cd04d\" data-element_type=\"section\">\n\t\t\t\t\t\t<div class=\"elementor-container elementor-column-gap-default\">\n\t\t\t\t\t<div class=\"elementor-column elementor-col-50 elementor-top-column elementor-element elementor-element-fdfe7af\" data-id=\"fdfe7af\" data-element_type=\"column\">\n\t\t\t<div class=\"elementor-widget-wrap elementor-element-populated\">\n\t\t\t\t\t\t<div class=\"elementor-element elementor-element-a829717 elementor-widget elementor-widget-heading\" data-id=\"a829717\" data-element_type=\"widget\" data-widget_type=\"heading.default\">\n\t\t\t\t<div class=\"elementor-widget-container\">\n\t\t\t\t\t<h2 class=\"elementor-heading-title elementor-size-default\"><br><br><br>Nile Air<\/h2>\t\t\t\t<\/div>\n\t\t\t\t<\/div>\n\t\t\t\t\t<\/div>\n\t\t<\/div>\n\t\t\t\t<div class=\"elementor-column elementor-col-50 elementor-top-column elementor-element elementor-element-5a1895e\" data-id=\"5a1895e\" data-element_type=\"column\">\n\t\t\t<div class=\"elementor-widget-wrap elementor-element-populated\">\n\t\t\t\t\t\t<div class=\"elementor-element elementor-element-129f702 elementor-widget elementor-widget-image\" data-id=\"129f702\" data-element_type=\"widget\" data-widget_type=\"image.default\">\n\t\t\t\t<div class=\"elementor-widget-container\">\n\t\t\t\t\t\t\t\t\t\t\t\t\t\t\t<img fetchpriority=\"high\" decoding=\"async\" width=\"300\" height=\"175\" src=\"https:\/\/maxtixfare.de\/wp-content\/uploads\/2023\/11\/NileAir-Logo-02-min-300x175.jpg\" class=\"attachment-medium size-medium wp-image-19508\" alt=\"Nile Air \u2013 \u00e4gyptische Fluggesellschaft mit goldenem Logo\" srcset=\"https:\/\/maxtixfare.de\/wp-content\/uploads\/2023\/11\/NileAir-Logo-02-min-300x175.jpg 300w, https:\/\/maxtixfare.de\/wp-content\/uploads\/2023\/11\/NileAir-Logo-02-min-1024x597.jpg 1024w, https:\/\/maxtixfare.de\/wp-content\/uploads\/2023\/11\/NileAir-Logo-02-min-768x448.jpg 768w, https:\/\/maxtixfare.de\/wp-content\/uploads\/2023\/11\/NileAir-Logo-02-min-1536x896.jpg 1536w, https:\/\/maxtixfare.de\/wp-content\/uploads\/2023\/11\/NileAir-Logo-02-min-18x12.jpg 18w, https:\/\/maxtixfare.de\/wp-content\/uploads\/2023\/11\/NileAir-Logo-02-min-672x392.jpg 672w, https:\/\/maxtixfare.de\/wp-content\/uploads\/2023\/11\/NileAir-Logo-02-min-1038x606.jpg 1038w, https:\/\/maxtixfare.de\/wp-content\/uploads\/2023\/11\/NileAir-Logo-02-min-480x280.jpg 480w, https:\/\/maxtixfare.de\/wp-content\/uploads\/2023\/11\/NileAir-Logo-02-min.jpg 1920w\" sizes=\"(max-width: 300px) 100vw, 300px\" \/>\t\t\t\t\t\t\t\t\t\t\t\t\t\t\t<\/div>\n\t\t\t\t<\/div>\n\t\t\t\t\t<\/div>\n\t\t<\/div>\n\t\t\t\t\t<\/div>\n\t\t<\/section>\n\t\t\t\t<section class=\"elementor-section elementor-top-section elementor-element elementor-element-b163502 elementor-section-boxed elementor-section-height-default elementor-section-height-default\" data-id=\"b163502\" data-element_type=\"section\">\n\t\t\t\t\t\t<div class=\"elementor-container elementor-column-gap-default\">\n\t\t\t\t\t<div class=\"elementor-column elementor-col-100 elementor-top-column elementor-element elementor-element-63c23c0\" data-id=\"63c23c0\" data-element_type=\"column\">\n\t\t\t<div class=\"elementor-widget-wrap elementor-element-populated\">\n\t\t\t\t\t\t<div class=\"elementor-element elementor-element-f04dfae elementor-widget elementor-widget-toggle\" data-id=\"f04dfae\" data-element_type=\"widget\" data-widget_type=\"toggle.default\">\n\t\t\t\t<div class=\"elementor-widget-container\">\n\t\t\t\t\t\t\t<div class=\"elementor-toggle\">\n\t\t\t\t\t\t\t<div class=\"elementor-toggle-item\">\n\t\t\t\t\t<div id=\"elementor-tab-title-2511\" class=\"elementor-tab-title\" data-tab=\"1\" role=\"button\" aria-controls=\"elementor-tab-content-2511\" aria-expanded=\"false\">\n\t\t\t\t\t\t\t\t\t\t\t\t<span class=\"elementor-toggle-icon elementor-toggle-icon-left\" aria-hidden=\"true\">\n\t\t\t\t\t\t\t\t\t\t\t\t\t\t\t<span class=\"elementor-toggle-icon-closed\"><i class=\"fas fa-caret-right\"><\/i><\/span>\n\t\t\t\t\t\t\t\t<span class=\"elementor-toggle-icon-opened\"><i class=\"elementor-toggle-icon-opened fas fa-caret-up\"><\/i><\/span>\n\t\t\t\t\t\t\t\t\t\t\t\t\t<\/span>\n\t\t\t\t\t\t\t\t\t\t\t\t<a class=\"elementor-toggle-title\" tabindex=\"0\">Nile Air Policy on Agent Debit Memo (ADM) - 10.11.2024<\/a>\n\t\t\t\t\t<\/div>\n\n\t\t\t\t\t<div id=\"elementor-tab-content-2511\" class=\"elementor-tab-content elementor-clearfix\" data-tab=\"1\" role=\"region\" aria-labelledby=\"elementor-tab-title-2511\"><p><a href=\"https:\/\/maxtixfare.de\/wp-content\/uploads\/2024\/11\/ADM-Policy-Version-5-10-Nov-2024.pdf\" target=\"_blank\" rel=\"noopener\">Nile Air Policy on Agent Debit Memo (ADM)..&gt;<\/a><\/p><p>\u00a0<\/p><\/div>\n\t\t\t\t<\/div>\n\t\t\t\t\t\t\t<div class=\"elementor-toggle-item\">\n\t\t\t\t\t<div id=\"elementor-tab-title-2512\" class=\"elementor-tab-title\" data-tab=\"2\" role=\"button\" aria-controls=\"elementor-tab-content-2512\" aria-expanded=\"false\">\n\t\t\t\t\t\t\t\t\t\t\t\t<span class=\"elementor-toggle-icon elementor-toggle-icon-left\" aria-hidden=\"true\">\n\t\t\t\t\t\t\t\t\t\t\t\t\t\t\t<span class=\"elementor-toggle-icon-closed\"><i class=\"fas fa-caret-right\"><\/i><\/span>\n\t\t\t\t\t\t\t\t<span class=\"elementor-toggle-icon-opened\"><i class=\"elementor-toggle-icon-opened fas fa-caret-up\"><\/i><\/span>\n\t\t\t\t\t\t\t\t\t\t\t\t\t<\/span>\n\t\t\t\t\t\t\t\t\t\t\t\t<a class=\"elementor-toggle-title\" tabindex=\"0\">Quick Facts<\/a>\n\t\t\t\t\t<\/div>\n\n\t\t\t\t\t<div id=\"elementor-tab-content-2512\" class=\"elementor-tab-content elementor-clearfix\" data-tab=\"2\" role=\"region\" aria-labelledby=\"elementor-tab-title-2512\"><p><strong>Gr\u00fcndung: <\/strong>2008<\/p><p><strong> Sitz: <\/strong>Kairo, \u00c4gypten<\/p><p><strong> Drehkreuz: <\/strong>Kairo International Airport (CAI)<\/p><p><strong>Flotte:<\/strong> 5x Airbus A320-200, 2x Airbus A321-200<\/p><p><strong>IATA: <\/strong>NP<\/p><p><strong>ICAO: <\/strong>NIA<\/p><p><strong>IATA-Prefixcode: <\/strong>325<\/p><p><strong> Mitglied im <\/strong>BSP Deutschland<\/p><\/div>\n\t\t\t\t<\/div>\n\t\t\t\t\t\t\t<div class=\"elementor-toggle-item\">\n\t\t\t\t\t<div id=\"elementor-tab-title-2513\" class=\"elementor-tab-title\" data-tab=\"3\" role=\"button\" aria-controls=\"elementor-tab-content-2513\" aria-expanded=\"false\">\n\t\t\t\t\t\t\t\t\t\t\t\t<span class=\"elementor-toggle-icon elementor-toggle-icon-left\" aria-hidden=\"true\">\n\t\t\t\t\t\t\t\t\t\t\t\t\t\t\t<span class=\"elementor-toggle-icon-closed\"><i class=\"fas fa-caret-right\"><\/i><\/span>\n\t\t\t\t\t\t\t\t<span class=\"elementor-toggle-icon-opened\"><i class=\"elementor-toggle-icon-opened fas fa-caret-up\"><\/i><\/span>\n\t\t\t\t\t\t\t\t\t\t\t\t\t<\/span>\n\t\t\t\t\t\t\t\t\t\t\t\t<a class=\"elementor-toggle-title\" tabindex=\"0\">\u00c4gyptens beste Hybrid-Fluggesellschaft <\/a>\n\t\t\t\t\t<\/div>\n\n\t\t\t\t\t<div id=\"elementor-tab-content-2513\" class=\"elementor-tab-content elementor-clearfix\" data-tab=\"3\" role=\"region\" aria-labelledby=\"elementor-tab-title-2513\"><p><strong>Nile Air<\/strong> ist die zweitgr\u00f6\u00dfte privatgef\u00fchrt Fluggesellschaft \u00c4gyptens. Die Full-Service Fluggesellschaft bedient ein wachsendes Streckennetz, das Ziele im Nahen Osten, die Golfregion, Afrika und Europa umfasst. Ab Deutschland werden Direktf\u00fcge zwischen <strong>K\u00f6ln\/Bonn<\/strong> und <strong>Kairo<\/strong> angeboten.<\/p><p><img decoding=\"async\" class=\"alignnone wp-image-19509 size-full\" src=\"https:\/\/maxtixfare.de\/wp-content\/uploads\/2023\/11\/NileAir-min.png\" alt=\"\" width=\"1261\" height=\"619\" srcset=\"https:\/\/maxtixfare.de\/wp-content\/uploads\/2023\/11\/NileAir-min.png 1261w, https:\/\/maxtixfare.de\/wp-content\/uploads\/2023\/11\/NileAir-min-300x147.png 300w, https:\/\/maxtixfare.de\/wp-content\/uploads\/2023\/11\/NileAir-min-1024x503.png 1024w, https:\/\/maxtixfare.de\/wp-content\/uploads\/2023\/11\/NileAir-min-768x377.png 768w, https:\/\/maxtixfare.de\/wp-content\/uploads\/2023\/11\/NileAir-min-18x9.png 18w, https:\/\/maxtixfare.de\/wp-content\/uploads\/2023\/11\/NileAir-min-672x330.png 672w, https:\/\/maxtixfare.de\/wp-content\/uploads\/2023\/11\/NileAir-min-1038x510.png 1038w, https:\/\/maxtixfare.de\/wp-content\/uploads\/2023\/11\/NileAir-min-480x236.png 480w\" sizes=\"(max-width: 1261px) 100vw, 1261px\" \/><\/p><\/div>\n\t\t\t\t<\/div>\n\t\t\t\t\t\t\t<div class=\"elementor-toggle-item\">\n\t\t\t\t\t<div id=\"elementor-tab-title-2514\" class=\"elementor-tab-title\" data-tab=\"4\" role=\"button\" aria-controls=\"elementor-tab-content-2514\" aria-expanded=\"false\">\n\t\t\t\t\t\t\t\t\t\t\t\t<span class=\"elementor-toggle-icon elementor-toggle-icon-left\" aria-hidden=\"true\">\n\t\t\t\t\t\t\t\t\t\t\t\t\t\t\t<span class=\"elementor-toggle-icon-closed\"><i class=\"fas fa-caret-right\"><\/i><\/span>\n\t\t\t\t\t\t\t\t<span class=\"elementor-toggle-icon-opened\"><i class=\"elementor-toggle-icon-opened fas fa-caret-up\"><\/i><\/span>\n\t\t\t\t\t\t\t\t\t\t\t\t\t<\/span>\n\t\t\t\t\t\t\t\t\t\t\t\t<a class=\"elementor-toggle-title\" tabindex=\"0\">Vom Rhein an den Nil<\/a>\n\t\t\t\t\t<\/div>\n\n\t\t\t\t\t<div id=\"elementor-tab-content-2514\" class=\"elementor-tab-content elementor-clearfix\" data-tab=\"4\" role=\"region\" aria-labelledby=\"elementor-tab-title-2514\"><div data-canvas-width=\"696.6080000000006\">Seit dem 15. Oktober bringt <strong>Nile Air<\/strong> Reisende zweimal w\u00f6chentlich vom rheinischen Flughafen <strong>K\u00f6ln\/Bonn<\/strong> direkt in die \u00e4gyptische Hauptstadt. Im<\/div><div data-canvas-width=\"696.3880000000001\"><strong>Winterflugplan 2023\/24<\/strong> steht die Verbindung immer <strong>donnerstags<\/strong> und <strong>sonntags<\/strong> auf dem Flugplan des Airports<strong>:<\/strong><\/div><p><img decoding=\"async\" class=\"alignnone wp-image-19520 size-full\" src=\"https:\/\/maxtixfare.de\/wp-content\/uploads\/2023\/11\/Timetable-min.jpg\" alt=\"\" width=\"1091\" height=\"216\" srcset=\"https:\/\/maxtixfare.de\/wp-content\/uploads\/2023\/11\/Timetable-min.jpg 1091w, https:\/\/maxtixfare.de\/wp-content\/uploads\/2023\/11\/Timetable-min-300x59.jpg 300w, https:\/\/maxtixfare.de\/wp-content\/uploads\/2023\/11\/Timetable-min-1024x203.jpg 1024w, https:\/\/maxtixfare.de\/wp-content\/uploads\/2023\/11\/Timetable-min-768x152.jpg 768w, https:\/\/maxtixfare.de\/wp-content\/uploads\/2023\/11\/Timetable-min-18x4.jpg 18w, https:\/\/maxtixfare.de\/wp-content\/uploads\/2023\/11\/Timetable-min-672x133.jpg 672w, https:\/\/maxtixfare.de\/wp-content\/uploads\/2023\/11\/Timetable-min-1038x206.jpg 1038w, https:\/\/maxtixfare.de\/wp-content\/uploads\/2023\/11\/Timetable-min-480x95.jpg 480w\" sizes=\"(max-width: 1091px) 100vw, 1091px\" \/><\/p><div data-canvas-width=\"696.402666666667\">Ab dem <strong>Sommerflugplan 2024<\/strong> wird die Frequenz auf drei w\u00f6chentliche Fl\u00fcge (<strong>Mittwoch, Freitag, Sonntag<\/strong>) erh\u00f6ht. Zum Einsatz kommt ein moderner Airbus A320-200 mit einer Zwei-Klassen-Konfiguration (Economy und Business Class). An Bord erwartet die Passagiere eine kostenlose Bordverpflegung mit hochwertigen Speisen und Getr\u00e4nken sowie das neu eingef\u00fchrte Bordunterhaltungssystem \u201eNILE \u201eAIRFI&#8220;. Gro\u00dfz\u00fcgige Freigep\u00e4ckregelungen sowie kostenloses Einchecken am Flughafen runden das Serviceversprechen der Airline ab.<\/div><div data-canvas-width=\"252.9706666666666\"><img loading=\"lazy\" decoding=\"async\" class=\"alignnone wp-image-19811 size-full\" src=\"https:\/\/maxtixfare.de\/wp-content\/uploads\/2024\/01\/NP_sommer_24-min.png\" alt=\"\" width=\"764\" height=\"147\" srcset=\"https:\/\/maxtixfare.de\/wp-content\/uploads\/2024\/01\/NP_sommer_24-min.png 764w, https:\/\/maxtixfare.de\/wp-content\/uploads\/2024\/01\/NP_sommer_24-min-300x58.png 300w, https:\/\/maxtixfare.de\/wp-content\/uploads\/2024\/01\/NP_sommer_24-min-18x3.png 18w, https:\/\/maxtixfare.de\/wp-content\/uploads\/2024\/01\/NP_sommer_24-min-672x129.png 672w, https:\/\/maxtixfare.de\/wp-content\/uploads\/2024\/01\/NP_sommer_24-min-480x92.png 480w\" sizes=\"(max-width: 764px) 100vw, 764px\" \/><\/div><\/div>\n\t\t\t\t<\/div>\n\t\t\t\t\t\t\t<div class=\"elementor-toggle-item\">\n\t\t\t\t\t<div id=\"elementor-tab-title-2515\" class=\"elementor-tab-title\" data-tab=\"5\" role=\"button\" aria-controls=\"elementor-tab-content-2515\" aria-expanded=\"false\">\n\t\t\t\t\t\t\t\t\t\t\t\t<span class=\"elementor-toggle-icon elementor-toggle-icon-left\" aria-hidden=\"true\">\n\t\t\t\t\t\t\t\t\t\t\t\t\t\t\t<span class=\"elementor-toggle-icon-closed\"><i class=\"fas fa-caret-right\"><\/i><\/span>\n\t\t\t\t\t\t\t\t<span class=\"elementor-toggle-icon-opened\"><i class=\"elementor-toggle-icon-opened fas fa-caret-up\"><\/i><\/span>\n\t\t\t\t\t\t\t\t\t\t\t\t\t<\/span>\n\t\t\t\t\t\t\t\t\t\t\t\t<a class=\"elementor-toggle-title\" tabindex=\"0\">Nile Air Economy\/Business Class<\/a>\n\t\t\t\t\t<\/div>\n\n\t\t\t\t\t<div id=\"elementor-tab-content-2515\" class=\"elementor-tab-content elementor-clearfix\" data-tab=\"5\" role=\"region\" aria-labelledby=\"elementor-tab-title-2515\"><p><img loading=\"lazy\" decoding=\"async\" class=\"alignnone wp-image-19525 size-full\" src=\"https:\/\/maxtixfare.de\/wp-content\/uploads\/2023\/11\/Economy_Bisiness-min.jpg\" alt=\"\" width=\"1091\" height=\"455\" srcset=\"https:\/\/maxtixfare.de\/wp-content\/uploads\/2023\/11\/Economy_Bisiness-min.jpg 1091w, https:\/\/maxtixfare.de\/wp-content\/uploads\/2023\/11\/Economy_Bisiness-min-300x125.jpg 300w, https:\/\/maxtixfare.de\/wp-content\/uploads\/2023\/11\/Economy_Bisiness-min-1024x427.jpg 1024w, https:\/\/maxtixfare.de\/wp-content\/uploads\/2023\/11\/Economy_Bisiness-min-768x320.jpg 768w, https:\/\/maxtixfare.de\/wp-content\/uploads\/2023\/11\/Economy_Bisiness-min-18x8.jpg 18w, https:\/\/maxtixfare.de\/wp-content\/uploads\/2023\/11\/Economy_Bisiness-min-672x280.jpg 672w, https:\/\/maxtixfare.de\/wp-content\/uploads\/2023\/11\/Economy_Bisiness-min-1038x433.jpg 1038w, https:\/\/maxtixfare.de\/wp-content\/uploads\/2023\/11\/Economy_Bisiness-min-480x200.jpg 480w\" sizes=\"(max-width: 1091px) 100vw, 1091px\" \/><\/p><\/div>\n\t\t\t\t<\/div>\n\t\t\t\t\t\t\t\t<\/div>\n\t\t\t\t\t\t<\/div>\n\t\t\t\t<\/div>\n\t\t\t\t\t<\/div>\n\t\t<\/div>\n\t\t\t\t\t<\/div>\n\t\t<\/section>\n\t\t\t\t<\/div>","protected":false},"excerpt":{"rendered":"<p>Info Allgemeine Informationen Airlines Info\/Angebote Veranstaltungen Online L\u00f6sungen Coopeast Produkte Wir sind f\u00fcr Sie da FAQ Help\/Anleitungen AGB Nile Air Nile Air Policy on Agent Debit Memo (ADM) &#8211; 10.11.2024 Nile Air Policy on Agent Debit Memo (ADM)..&gt; Quick Facts Gr\u00fcndung: 2008 Sitz: Kairo, \u00c4gypten Drehkreuz: Kairo International Airport (CAI) Flotte: 5x Airbus A320-200, 2x Airbus A321-200 IATA: NP ICAO: [&hellip;]<\/p>","protected":false},"author":3527,"featured_media":0,"parent":0,"menu_order":0,"comment_status":"closed","ping_status":"closed","template":"","meta":{"_acf_changed":false,"_bbp_topic_count":0,"_bbp_reply_count":0,"_bbp_total_topic_count":0,"_bbp_total_reply_count":0,"_bbp_voice_count":0,"_bbp_anonymous_reply_count":0,"_bbp_topic_count_hidden":0,"_bbp_reply_count_hidden":0,"_bbp_forum_subforum_count":0,"footnotes":""},"class_list":["post-19507","page","type-page","status-publish","hentry"],"acf":[],"_links":{"self":[{"href":"https:\/\/maxtixfare.de\/ru\/wp-json\/wp\/v2\/pages\/19507","targetHints":{"allow":["GET"]}}],"collection":[{"href":"https:\/\/maxtixfare.de\/ru\/wp-json\/wp\/v2\/pages"}],"about":[{"href":"https:\/\/maxtixfare.de\/ru\/wp-json\/wp\/v2\/types\/page"}],"author":[{"embeddable":true,"href":"https:\/\/maxtixfare.de\/ru\/wp-json\/wp\/v2\/users\/3527"}],"replies":[{"embeddable":true,"href":"https:\/\/maxtixfare.de\/ru\/wp-json\/wp\/v2\/comments?post=19507"}],"version-history":[{"count":37,"href":"https:\/\/maxtixfare.de\/ru\/wp-json\/wp\/v2\/pages\/19507\/revisions"}],"predecessor-version":[{"id":21457,"href":"https:\/\/maxtixfare.de\/ru\/wp-json\/wp\/v2\/pages\/19507\/revisions\/21457"}],"wp:attachment":[{"href":"https:\/\/maxtixfare.de\/ru\/wp-json\/wp\/v2\/media?parent=19507"}],"curies":[{"name":"wp","href":"https:\/\/api.w.org\/{rel}","templated":true}]}}