{"id":20416,"date":"2024-05-24T08:20:36","date_gmt":"2024-05-24T08:20:36","guid":{"rendered":"https:\/\/maxtixfare.de\/?page_id=20416"},"modified":"2025-05-23T09:23:24","modified_gmt":"2025-05-23T09:23:24","slug":"staedtereisen-bahnreise-im-baltikum","status":"publish","type":"page","link":"https:\/\/maxtixfare.de\/ru\/staedtereisen-bahnreise-im-baltikum\/","title":{"rendered":"St\u00e4dtereisen | Bahnreise im Baltikum"},"content":{"rendered":"<div data-elementor-type=\"wp-page\" data-elementor-id=\"20416\" class=\"elementor elementor-20416\" data-elementor-post-type=\"page\">\n\t\t\t\t\t\t<section class=\"elementor-section elementor-top-section elementor-element elementor-element-ae6bd1d elementor-section-boxed elementor-section-height-default elementor-section-height-default\" data-id=\"ae6bd1d\" data-element_type=\"section\">\n\t\t\t\t\t\t<div class=\"elementor-container elementor-column-gap-default\">\n\t\t\t\t\t<div class=\"elementor-column elementor-col-100 elementor-top-column elementor-element elementor-element-4319ef7\" data-id=\"4319ef7\" data-element_type=\"column\">\n\t\t\t<div class=\"elementor-widget-wrap elementor-element-populated\">\n\t\t\t\t\t\t<div class=\"elementor-element elementor-element-2c619ea elementor-widget elementor-widget-text-editor\" data-id=\"2c619ea\" data-element_type=\"widget\" data-widget_type=\"text-editor.default\">\n\t\t\t\t<div class=\"elementor-widget-container\">\n\t\t\t\t\t\t\t\t\t<h2>Flyer &#8211; St\u00e4dtereise &#8222;Bahnreise im Baltikum&#8220;:&nbsp; <a href=\"https:\/\/maxtixfare.de\/wp-content\/uploads\/2024\/05\/2024_Ruv_BahnreiseBaltikum-9Tage-min.pdf\" target=\"_blank\" rel=\"noopener\">PDF<\/a>&nbsp;<\/h2>\t\t\t\t\t\t\t\t<\/div>\n\t\t\t\t<\/div>\n\t\t\t\t\t<\/div>\n\t\t<\/div>\n\t\t\t\t\t<\/div>\n\t\t<\/section>\n\t\t\t\t<section class=\"elementor-section elementor-top-section elementor-element elementor-element-d8a92ce elementor-section-boxed elementor-section-height-default elementor-section-height-default\" data-id=\"d8a92ce\" data-element_type=\"section\">\n\t\t\t\t\t\t<div class=\"elementor-container elementor-column-gap-default\">\n\t\t\t\t\t<div class=\"elementor-column elementor-col-100 elementor-top-column elementor-element elementor-element-4f7ddad\" data-id=\"4f7ddad\" data-element_type=\"column\">\n\t\t\t<div class=\"elementor-widget-wrap elementor-element-populated\">\n\t\t\t\t\t\t<div class=\"elementor-element elementor-element-b962f1c elementor-widget elementor-widget-image\" data-id=\"b962f1c\" data-element_type=\"widget\" data-widget_type=\"image.default\">\n\t\t\t\t<div class=\"elementor-widget-container\">\n\t\t\t\t\t\t\t\t\t\t\t\t\t\t\t<img fetchpriority=\"high\" decoding=\"async\" width=\"1024\" height=\"727\" src=\"https:\/\/maxtixfare.de\/wp-content\/uploads\/2024\/05\/2024_Ruv_BahnreiseBaltikum-9Tage-1-min-1024x727.png\" class=\"attachment-large size-large wp-image-20419\" alt=\"2024 ruv bahnreisebaltikum 9tage 1 min\" srcset=\"https:\/\/maxtixfare.de\/wp-content\/uploads\/2024\/05\/2024_Ruv_BahnreiseBaltikum-9Tage-1-min-1024x727.png 1024w, https:\/\/maxtixfare.de\/wp-content\/uploads\/2024\/05\/2024_Ruv_BahnreiseBaltikum-9Tage-1-min-300x213.png 300w, https:\/\/maxtixfare.de\/wp-content\/uploads\/2024\/05\/2024_Ruv_BahnreiseBaltikum-9Tage-1-min-768x545.png 768w, https:\/\/maxtixfare.de\/wp-content\/uploads\/2024\/05\/2024_Ruv_BahnreiseBaltikum-9Tage-1-min-1536x1090.png 1536w, https:\/\/maxtixfare.de\/wp-content\/uploads\/2024\/05\/2024_Ruv_BahnreiseBaltikum-9Tage-1-min-2048x1453.png 2048w, https:\/\/maxtixfare.de\/wp-content\/uploads\/2024\/05\/2024_Ruv_BahnreiseBaltikum-9Tage-1-min-18x12.png 18w, https:\/\/maxtixfare.de\/wp-content\/uploads\/2024\/05\/2024_Ruv_BahnreiseBaltikum-9Tage-1-min-672x477.png 672w, https:\/\/maxtixfare.de\/wp-content\/uploads\/2024\/05\/2024_Ruv_BahnreiseBaltikum-9Tage-1-min-1038x737.png 1038w, https:\/\/maxtixfare.de\/wp-content\/uploads\/2024\/05\/2024_Ruv_BahnreiseBaltikum-9Tage-1-min-480x341.png 480w, https:\/\/maxtixfare.de\/wp-content\/uploads\/2024\/05\/2024_Ruv_BahnreiseBaltikum-9Tage-1-min.png 1920w\" sizes=\"(max-width: 1024px) 100vw, 1024px\" \/>\t\t\t\t\t\t\t\t\t\t\t\t\t\t\t<\/div>\n\t\t\t\t<\/div>\n\t\t\t\t\t<\/div>\n\t\t<\/div>\n\t\t\t\t\t<\/div>\n\t\t<\/section>\n\t\t\t\t<section class=\"elementor-section elementor-top-section elementor-element elementor-element-7584554 elementor-section-boxed elementor-section-height-default elementor-section-height-default\" data-id=\"7584554\" data-element_type=\"section\">\n\t\t\t\t\t\t<div class=\"elementor-container elementor-column-gap-default\">\n\t\t\t\t\t<div class=\"elementor-column elementor-col-100 elementor-top-column elementor-element elementor-element-487cf2c\" data-id=\"487cf2c\" data-element_type=\"column\">\n\t\t\t<div class=\"elementor-widget-wrap elementor-element-populated\">\n\t\t\t\t\t\t<div class=\"elementor-element elementor-element-d9f4106 elementor-widget elementor-widget-image\" data-id=\"d9f4106\" data-element_type=\"widget\" data-widget_type=\"image.default\">\n\t\t\t\t<div class=\"elementor-widget-container\">\n\t\t\t\t\t\t\t\t\t\t\t\t\t\t\t<img decoding=\"async\" width=\"1024\" height=\"727\" src=\"https:\/\/maxtixfare.de\/wp-content\/uploads\/2024\/05\/2024_Ruv_BahnreiseBaltikum-9Tage-2-min-1024x727.png\" class=\"attachment-large size-large wp-image-20420\" alt=\"2024 ruv bahnreisebaltikum 9tage 2 min\" srcset=\"https:\/\/maxtixfare.de\/wp-content\/uploads\/2024\/05\/2024_Ruv_BahnreiseBaltikum-9Tage-2-min-1024x727.png 1024w, https:\/\/maxtixfare.de\/wp-content\/uploads\/2024\/05\/2024_Ruv_BahnreiseBaltikum-9Tage-2-min-300x213.png 300w, https:\/\/maxtixfare.de\/wp-content\/uploads\/2024\/05\/2024_Ruv_BahnreiseBaltikum-9Tage-2-min-768x545.png 768w, https:\/\/maxtixfare.de\/wp-content\/uploads\/2024\/05\/2024_Ruv_BahnreiseBaltikum-9Tage-2-min-1536x1090.png 1536w, https:\/\/maxtixfare.de\/wp-content\/uploads\/2024\/05\/2024_Ruv_BahnreiseBaltikum-9Tage-2-min-2048x1453.png 2048w, https:\/\/maxtixfare.de\/wp-content\/uploads\/2024\/05\/2024_Ruv_BahnreiseBaltikum-9Tage-2-min-18x12.png 18w, https:\/\/maxtixfare.de\/wp-content\/uploads\/2024\/05\/2024_Ruv_BahnreiseBaltikum-9Tage-2-min-672x477.png 672w, https:\/\/maxtixfare.de\/wp-content\/uploads\/2024\/05\/2024_Ruv_BahnreiseBaltikum-9Tage-2-min-1038x737.png 1038w, https:\/\/maxtixfare.de\/wp-content\/uploads\/2024\/05\/2024_Ruv_BahnreiseBaltikum-9Tage-2-min-480x341.png 480w, https:\/\/maxtixfare.de\/wp-content\/uploads\/2024\/05\/2024_Ruv_BahnreiseBaltikum-9Tage-2-min.png 1920w\" sizes=\"(max-width: 1024px) 100vw, 1024px\" \/>\t\t\t\t\t\t\t\t\t\t\t\t\t\t\t<\/div>\n\t\t\t\t<\/div>\n\t\t\t\t\t<\/div>\n\t\t<\/div>\n\t\t\t\t\t<\/div>\n\t\t<\/section>\n\t\t\t\t<section class=\"elementor-section elementor-top-section elementor-element elementor-element-53dc49a elementor-section-boxed elementor-section-height-default elementor-section-height-default\" data-id=\"53dc49a\" data-element_type=\"section\">\n\t\t\t\t\t\t<div class=\"elementor-container elementor-column-gap-default\">\n\t\t\t\t\t<div class=\"elementor-column elementor-col-100 elementor-top-column elementor-element elementor-element-d0077c8\" data-id=\"d0077c8\" data-element_type=\"column\">\n\t\t\t<div class=\"elementor-widget-wrap elementor-element-populated\">\n\t\t\t\t\t\t<div class=\"elementor-element elementor-element-7a46957 elementor-widget elementor-widget-image\" data-id=\"7a46957\" data-element_type=\"widget\" data-widget_type=\"image.default\">\n\t\t\t\t<div class=\"elementor-widget-container\">\n\t\t\t\t\t\t\t\t\t\t\t\t\t\t\t<img decoding=\"async\" width=\"1024\" height=\"727\" src=\"https:\/\/maxtixfare.de\/wp-content\/uploads\/2024\/05\/2024_Ruv_BahnreiseBaltikum-9Tage-3-min-1024x727.png\" class=\"attachment-large size-large wp-image-20421\" alt=\"2024 ruv bahnreisebaltikum 9tage 3 min\" srcset=\"https:\/\/maxtixfare.de\/wp-content\/uploads\/2024\/05\/2024_Ruv_BahnreiseBaltikum-9Tage-3-min-1024x727.png 1024w, https:\/\/maxtixfare.de\/wp-content\/uploads\/2024\/05\/2024_Ruv_BahnreiseBaltikum-9Tage-3-min-300x213.png 300w, https:\/\/maxtixfare.de\/wp-content\/uploads\/2024\/05\/2024_Ruv_BahnreiseBaltikum-9Tage-3-min-768x545.png 768w, https:\/\/maxtixfare.de\/wp-content\/uploads\/2024\/05\/2024_Ruv_BahnreiseBaltikum-9Tage-3-min-1536x1090.png 1536w, https:\/\/maxtixfare.de\/wp-content\/uploads\/2024\/05\/2024_Ruv_BahnreiseBaltikum-9Tage-3-min-2048x1453.png 2048w, https:\/\/maxtixfare.de\/wp-content\/uploads\/2024\/05\/2024_Ruv_BahnreiseBaltikum-9Tage-3-min-18x12.png 18w, https:\/\/maxtixfare.de\/wp-content\/uploads\/2024\/05\/2024_Ruv_BahnreiseBaltikum-9Tage-3-min-672x477.png 672w, https:\/\/maxtixfare.de\/wp-content\/uploads\/2024\/05\/2024_Ruv_BahnreiseBaltikum-9Tage-3-min-1038x737.png 1038w, https:\/\/maxtixfare.de\/wp-content\/uploads\/2024\/05\/2024_Ruv_BahnreiseBaltikum-9Tage-3-min-480x341.png 480w\" sizes=\"(max-width: 1024px) 100vw, 1024px\" \/>\t\t\t\t\t\t\t\t\t\t\t\t\t\t\t<\/div>\n\t\t\t\t<\/div>\n\t\t\t\t\t<\/div>\n\t\t<\/div>\n\t\t\t\t\t<\/div>\n\t\t<\/section>\n\t\t\t\t<section class=\"elementor-section elementor-top-section elementor-element elementor-element-fc43ee1 elementor-section-boxed elementor-section-height-default elementor-section-height-default\" data-id=\"fc43ee1\" data-element_type=\"section\">\n\t\t\t\t\t\t<div class=\"elementor-container elementor-column-gap-default\">\n\t\t\t\t\t<div class=\"elementor-column elementor-col-100 elementor-top-column elementor-element elementor-element-fc1a32c\" data-id=\"fc1a32c\" data-element_type=\"column\">\n\t\t\t<div class=\"elementor-widget-wrap elementor-element-populated\">\n\t\t\t\t\t\t<div class=\"elementor-element elementor-element-984cdd6 elementor-widget elementor-widget-text-editor\" data-id=\"984cdd6\" data-element_type=\"widget\" data-widget_type=\"text-editor.default\">\n\t\t\t\t<div class=\"elementor-widget-container\">\n\t\t\t\t\t\t\t\t\t<p>Ihre Touranfrage k\u00f6nnen Sie uns gerne per E-Mail an\u00a0<strong>gruppen@pulexpress.de<\/strong>\u00a0senden.<\/p><p>F\u00fcr eine pers\u00f6nliche Beratung stehen wir Ihnen auch telefonisch zur Verf\u00fcgung \u2013 werktags zwischen 09:00 und 13:00 Uhr unter\u00a0<strong>+49 (0)30 887 147 55<\/strong>.<\/p><p><strong>Reiseagenturen erhalten 9% Provision<\/strong><\/p><p><a href=\"https:\/\/maxtixfare.de\/ru\/agb-pauschalreisen\/\" target=\"_blank\" rel=\"noopener\"><strong>AGB-Pauschalreisen<\/strong><\/a><\/p>\t\t\t\t\t\t\t\t<\/div>\n\t\t\t\t<\/div>\n\t\t\t\t\t<\/div>\n\t\t<\/div>\n\t\t\t\t\t<\/div>\n\t\t<\/section>\n\t\t\t\t<\/div>","protected":false},"excerpt":{"rendered":"<p>Flyer &#8211; St\u00e4dtereise &#8222;Bahnreise im Baltikum&#8220;:&nbsp; PDF&nbsp; Ihre Touranfrage k\u00f6nnen Sie uns gerne per E-Mail an gruppen@pulexpress.de senden. F\u00fcr eine pers\u00f6nliche Beratung stehen wir Ihnen auch telefonisch zur Verf\u00fcgung \u2013 werktags zwischen 09:00 und 13:00 Uhr unter +49 (0)30 887 147 55. Reiseagenturen erhalten 9% Provision AGB-Pauschalreisen<\/p>","protected":false},"author":3527,"featured_media":0,"parent":0,"menu_order":0,"comment_status":"closed","ping_status":"closed","template":"page-templates\/full-width.php","meta":{"_acf_changed":false,"_bbp_topic_count":0,"_bbp_reply_count":0,"_bbp_total_topic_count":0,"_bbp_total_reply_count":0,"_bbp_voice_count":0,"_bbp_anonymous_reply_count":0,"_bbp_topic_count_hidden":0,"_bbp_reply_count_hidden":0,"_bbp_forum_subforum_count":0,"footnotes":""},"class_list":["post-20416","page","type-page","status-publish","hentry"],"acf":[],"_links":{"self":[{"href":"https:\/\/maxtixfare.de\/ru\/wp-json\/wp\/v2\/pages\/20416","targetHints":{"allow":["GET"]}}],"collection":[{"href":"https:\/\/maxtixfare.de\/ru\/wp-json\/wp\/v2\/pages"}],"about":[{"href":"https:\/\/maxtixfare.de\/ru\/wp-json\/wp\/v2\/types\/page"}],"author":[{"embeddable":true,"href":"https:\/\/maxtixfare.de\/ru\/wp-json\/wp\/v2\/users\/3527"}],"replies":[{"embeddable":true,"href":"https:\/\/maxtixfare.de\/ru\/wp-json\/wp\/v2\/comments?post=20416"}],"version-history":[{"count":13,"href":"https:\/\/maxtixfare.de\/ru\/wp-json\/wp\/v2\/pages\/20416\/revisions"}],"predecessor-version":[{"id":22333,"href":"https:\/\/maxtixfare.de\/ru\/wp-json\/wp\/v2\/pages\/20416\/revisions\/22333"}],"wp:attachment":[{"href":"https:\/\/maxtixfare.de\/ru\/wp-json\/wp\/v2\/media?parent=20416"}],"curies":[{"name":"wp","href":"https:\/\/api.w.org\/{rel}","templated":true}]}}