{"id":20498,"date":"2024-06-12T12:41:57","date_gmt":"2024-06-12T12:41:57","guid":{"rendered":"https:\/\/maxtixfare.de\/?page_id=20498"},"modified":"2025-07-10T09:11:13","modified_gmt":"2025-07-10T09:11:13","slug":"staedtereisen-georgien-zubucherreise-8-tage","status":"publish","type":"page","link":"https:\/\/maxtixfare.de\/ru\/staedtereisen-georgien-zubucherreise-8-tage\/","title":{"rendered":"St\u00e4dtereisen | Georgien: Zubucherreise 8 Tage"},"content":{"rendered":"<div data-elementor-type=\"wp-page\" data-elementor-id=\"20498\" class=\"elementor elementor-20498\" data-elementor-post-type=\"page\">\n\t\t\t\t\t\t<section class=\"elementor-section elementor-top-section elementor-element elementor-element-ae6bd1d elementor-section-boxed elementor-section-height-default elementor-section-height-default\" data-id=\"ae6bd1d\" data-element_type=\"section\">\n\t\t\t\t\t\t<div class=\"elementor-container elementor-column-gap-default\">\n\t\t\t\t\t<div class=\"elementor-column elementor-col-100 elementor-top-column elementor-element elementor-element-4319ef7\" data-id=\"4319ef7\" data-element_type=\"column\">\n\t\t\t<div class=\"elementor-widget-wrap elementor-element-populated\">\n\t\t\t\t\t\t<div class=\"elementor-element elementor-element-2c619ea elementor-widget elementor-widget-text-editor\" data-id=\"2c619ea\" data-element_type=\"widget\" data-widget_type=\"text-editor.default\">\n\t\t\t\t<div class=\"elementor-widget-container\">\n\t\t\t\t\t\t\t\t\t<h2>Flyer &#8211; St\u00e4dtereise | Georgien: Zubucherreise 8 Tage:\u00a0 <a href=\"https:\/\/maxtixfare.de\/wp-content\/uploads\/2025\/03\/2025_Ruvera_Georgien-Zubucherreise_8Tage.pdf\" target=\"_blank\" rel=\"noopener\">PDF\u00a0<\/a><\/h2>\t\t\t\t\t\t\t\t<\/div>\n\t\t\t\t<\/div>\n\t\t\t\t\t<\/div>\n\t\t<\/div>\n\t\t\t\t\t<\/div>\n\t\t<\/section>\n\t\t\t\t<section class=\"elementor-section elementor-top-section elementor-element elementor-element-7584554 elementor-section-boxed elementor-section-height-default elementor-section-height-default\" data-id=\"7584554\" data-element_type=\"section\">\n\t\t\t\t\t\t<div class=\"elementor-container elementor-column-gap-default\">\n\t\t\t\t\t<div class=\"elementor-column elementor-col-100 elementor-top-column elementor-element elementor-element-487cf2c\" data-id=\"487cf2c\" data-element_type=\"column\">\n\t\t\t<div class=\"elementor-widget-wrap elementor-element-populated\">\n\t\t\t\t\t\t<div class=\"elementor-element elementor-element-d9f4106 elementor-widget elementor-widget-image\" data-id=\"d9f4106\" data-element_type=\"widget\" data-widget_type=\"image.default\">\n\t\t\t\t<div class=\"elementor-widget-container\">\n\t\t\t\t\t\t\t\t\t\t\t\t\t\t\t<img fetchpriority=\"high\" decoding=\"async\" width=\"1024\" height=\"727\" src=\"https:\/\/maxtixfare.de\/wp-content\/uploads\/2024\/07\/georg.zubuch.neu1-min-1024x727.png\" class=\"attachment-large size-large wp-image-20701\" alt=\"Georg\" srcset=\"https:\/\/maxtixfare.de\/wp-content\/uploads\/2024\/07\/georg.zubuch.neu1-min-1024x727.png 1024w, https:\/\/maxtixfare.de\/wp-content\/uploads\/2024\/07\/georg.zubuch.neu1-min-300x213.png 300w, https:\/\/maxtixfare.de\/wp-content\/uploads\/2024\/07\/georg.zubuch.neu1-min-768x545.png 768w, https:\/\/maxtixfare.de\/wp-content\/uploads\/2024\/07\/georg.zubuch.neu1-min-1536x1090.png 1536w, https:\/\/maxtixfare.de\/wp-content\/uploads\/2024\/07\/georg.zubuch.neu1-min-18x12.png 18w, https:\/\/maxtixfare.de\/wp-content\/uploads\/2024\/07\/georg.zubuch.neu1-min-672x477.png 672w, https:\/\/maxtixfare.de\/wp-content\/uploads\/2024\/07\/georg.zubuch.neu1-min-1038x737.png 1038w, https:\/\/maxtixfare.de\/wp-content\/uploads\/2024\/07\/georg.zubuch.neu1-min-480x341.png 480w, https:\/\/maxtixfare.de\/wp-content\/uploads\/2024\/07\/georg.zubuch.neu1-min.png 1672w\" sizes=\"(max-width: 1024px) 100vw, 1024px\" \/>\t\t\t\t\t\t\t\t\t\t\t\t\t\t\t<\/div>\n\t\t\t\t<\/div>\n\t\t\t\t\t<\/div>\n\t\t<\/div>\n\t\t\t\t\t<\/div>\n\t\t<\/section>\n\t\t\t\t<section class=\"elementor-section elementor-top-section elementor-element elementor-element-bb550df elementor-section-boxed elementor-section-height-default elementor-section-height-default\" data-id=\"bb550df\" data-element_type=\"section\">\n\t\t\t\t\t\t<div class=\"elementor-container elementor-column-gap-default\">\n\t\t\t\t\t<div class=\"elementor-column elementor-col-100 elementor-top-column elementor-element elementor-element-58934d9\" data-id=\"58934d9\" data-element_type=\"column\">\n\t\t\t<div class=\"elementor-widget-wrap elementor-element-populated\">\n\t\t\t\t\t\t<div class=\"elementor-element elementor-element-3165003 elementor-widget elementor-widget-text-editor\" data-id=\"3165003\" data-element_type=\"widget\" data-widget_type=\"text-editor.default\">\n\t\t\t\t<div class=\"elementor-widget-container\">\n\t\t\t\t\t\t\t\t\t<table cellspacing=\"1\" cellpadding=\"1\">\n<tbody>\n<tr>\n<td style=\"width: 50.3571%;\"><strong><span style=\"font-size: 18px;\">Eingeschlossene Leistungen<\/span><\/strong>&nbsp;<\/td>\n<td style=\"width: 49.0476%;\">&nbsp;<\/td>\n<\/tr>\n<tr>\n<td style=\"width: 50.3571%;\">\n<ul>\n<li>Verpflegung: laut Programm;&nbsp;<\/li>\n<\/ul>\n<\/td>\n<td style=\"width: 49.0476%;\">\n<ul>\n<li>&nbsp;Deutschsprachige Reiseleitung;&nbsp;<\/li>\n<\/ul>\n<\/td>\n<\/tr>\n<tr>\n<td style=\"width: 50.3571%;\">\n<ul>\n<li>Transfer: Je nach Teilnehmeranzahl im PKW (A\/C), Minibus (A\/C) oder Bus (A\/C);<\/li>\n<\/ul>\n<\/td>\n<td style=\"width: 49.0476%;\">\n<ul>\n<li>Eintrittsgelder laut Programm;<\/li>\n<\/ul>\n<\/td>\n<\/tr>\n<tr>\n<td style=\"width: 50.3571%;\">\n<ul>\n<li>Mindestteilnehmerzahl \u2013 2 Pax,<\/li>\n<li>H\u00f6chstteilnehmerzahl \u2013 25 Pax<\/li>\n<\/ul>\n<\/td>\n<td style=\"width: 49.0476%;\">&nbsp;<\/td>\n<\/tr>\n<tr>\n<td style=\"width: 50.3571%;\">&nbsp;<\/td>\n<td style=\"width: 49.0476%;\">&nbsp;<\/td>\n<\/tr>\n<tr>\n<td style=\"width: 50.3571%;\"><strong><span style=\"font-size: 18px;\">Hotels<\/span><\/strong>&nbsp;<\/td>\n<td style=\"width: 49.0476%;\">&nbsp;<\/td>\n<\/tr>\n<tr>\n<td style=\"width: 50.3571%;\">\n<ul>\n<li>3 \u00dcbernachtungen im 3* Hotel in Tbilissi im Hotel \u201eHoliday Inn Express\u201c o. \u00e4.;<\/li>\n<li>&nbsp;1 \u00dcbernachtung in einem Familien hotel in Telavi;<\/li>\n<\/ul>\n<\/td>\n<td style=\"width: 49.0476%;\">\n<ul>\n<li>2 \u00dcbernachtung im 3* Hotel Gudauri Inn &nbsp;o.\u00e4. in Gudauri;<\/li>\n<li>1 \u00dcbernachtung im 4* Hotel Gori Inn o.\u00e4. in Gori;<\/li>\n<\/ul>\n<\/td>\n<\/tr>\n<tr>\n<td style=\"width: 50.3571%;\">&nbsp;<\/td>\n<td style=\"width: 49.0476%;\">&nbsp;<\/td>\n<\/tr>\n<tr>\n<td style=\"width: 50.3571%;\"><strong><span style=\"font-size: 18px;\">Visum<br><br><\/span><\/strong><\/td>\n<td style=\"width: 49.0476%;\">&nbsp;<\/td>\n<\/tr>\n<tr>\n<td style=\"width: 50.3571%;\">F\u00fcr die EU- B\u00fcrger besteht keine Visapflicht in Georgien.&nbsp;<br><br><br><\/td>\n<td style=\"width: 49.0476%;\">&nbsp;<\/td>\n<\/tr>\n<tr>\n<td style=\"width: 50.3571%;\"><strong><span style=\"font-size: 18px;\">Nicht im Paketpreis eingeschlossene Leistungen<\/span><\/strong>&nbsp;<\/td>\n<td style=\"width: 49.0476%;\">&nbsp;<\/td>\n<\/tr>\n<tr>\n<td style=\"width: 50.3571%;\">\n<ul>\n<li>Fl\u00fcge<\/li>\n<li>Versicherungen<\/li>\n<li>Getr\u00e4nke<\/li>\n<li>Koffertr\u00e4ger-Service<\/li>\n<\/ul>\n<\/td>\n<td style=\"width: 49.0476%;\">&nbsp;<\/td>\n<\/tr>\n<tr>\n<td style=\"width: 50.3571%;\">&nbsp;<\/td>\n<td style=\"width: 49.0476%;\">&nbsp;<\/td>\n<\/tr>\n<tr>\n<td style=\"width: 50.3571%;\"><strong><span style=\"font-size: 18px;\">Preis p. P. im DZ (ohne Flug): 980 EUR \u2022 EZZ: 210 EUR<br><br><\/span><\/strong>&nbsp;<\/td>\n<td style=\"width: 49.0476%;\">&nbsp;<\/td>\n<\/tr>\n<tr>\n<td style=\"width: 50.3571%;\"><strong><span style=\"font-size: 18px;\">Kosten<\/span><\/strong>&nbsp;<\/td>\n<td style=\"width: 49.0476%;\">&nbsp;<\/td>\n<\/tr>\n<tr>\n<td style=\"width: 50.3571%;\">\n<ul>\n<li>Fakultatives Programm in Tbilissi am 7. Tag: 75 EUR p. P. \u2013 buchbar ab 2 Personen<\/li>\n<\/ul>\n<\/td>\n<td style=\"width: 49.0476%;\">\n<ul>\n<li>Flughafentransfers: &nbsp;Flughafen \u2013 Hotel: 30 EUR p. P., Hotel \u2013 Flughafen: 30 EUR p. P.<\/li>\n<\/ul>\n<\/td>\n<\/tr>\n<\/tbody>\n<\/table>\n<table cellspacing=\"1\" cellpadding=\"1\">\n<tbody>\n<tr>\n<td><strong><span style=\"font-size: 18px;\"><br>Reisetermine 2025<\/span><\/strong><\/td>\n<td>&nbsp;<\/td>\n<td>&nbsp;<\/td>\n<\/tr>\n<tr>\n<td>30.06. \u2013 07.07.2025<br>21.07. \u2013 28.07.2025<\/td>\n<td><br><br>04.08. \u2013 11.08.2025<br>25.08. \u2013 01.09.2025<br><br>&nbsp;<\/td>\n<td>22.09. \u2013 29.09.2025<br>06.10. \u2013 13.10.2025<\/td>\n<\/tr>\n<\/tbody>\n<\/table><table cellspacing=\"1\" cellpadding=\"1\">\n<tbody>\n<tr style=\"height: 23px;\">\n<td style=\"height: 23px; width: 24.0476%;\"><strong><span style=\"font-size: 18px;\">Reiseverlauf<\/span><\/strong><\/td>\n<td style=\"height: 23px; width: 75.3571%;\">&nbsp;<\/td>\n<\/tr>\n<tr style=\"height: 93px;\">\n<td style=\"height: 93px; width: 24.0476%;\"><br><strong>1. Tag&nbsp;\u2013 Flug nach Tbilissi&nbsp;<\/strong><br>&nbsp;<\/td>\n<td style=\"height: 93px; width: 75.3571%;\">\n<p style=\"margin-left: 40px;\">\u00dcbernachtung im Hotel in Tbilissi.<\/p>\n<\/td>\n<\/tr>\n<tr style=\"height: 304px;\">\n<td style=\"background-color: #d5ece6; height: 304px; width: 24.0476%;\"><br><strong>2. Tag \u2013 Tbilissi \u2013 Stadtbesichtigung<\/strong><\/td>\n<td style=\"background-color: #d5ece6; height: 304px; width: 75.3571%;\">\n<div style=\"margin-left: 40px;\"><br>Nach dem Fr\u00fchst\u00fcck \u2013 &nbsp;Treffen mit der Reiseleitung und Beginn des Stadtrundgangs: alle interessanten Baudenkm\u00e4ler der Altstadt liegen nahe zusammen, so da\u00df diese leicht durch einen kurzen Spaziergang erreichbar sind. Wir beginnen unseren Spaziergang bei der Metechi-Kirche (13.Jh.), gehen von dort aus zu den Ziegelgew\u00f6lben der Schwefelb\u00e4der \u2013 als Besucher werden Sie sp\u00e4ter noch die M\u00f6glichkeit haben, hier zu baden und sich massieren zu lassen. Weiter Aufstieg zur Narikala Festung (4.Jh.), sowie Besichtigung der Synagoge, der Sioni Kathedrale und der Anchiskhati Kirche (6.Jh.), die \u00e4lteste Kirche in Tbilissi. Anschliessend Spaziergang auf der Hauptstra\u00dfe \u2013 Rustaveli.<br>&nbsp;<\/div>\n<\/td>\n<\/tr>\n<tr style=\"height: 491px;\">\n<td style=\"height: 491px; width: 24.0476%;\"><br><strong>3. Tag \u2013 &nbsp;Tbilissi \u2013 Signagi \u2013 Kvareli \u2013 Gremi \u2013 Telavi&nbsp;<\/strong><br>&nbsp;<\/td>\n<td style=\"height: 491px; width: 75.3571%;\">\n<div style=\"margin-left: 40px;\"><br>Dieser Ausflug f\u00fchrt nach Kachetien, das bekannteste Weinanbaugebiet Georgiens. Die Region bezeichnet sich gerne als die \u201eWiege des Weines\u201c und man erf\u00e4hrt heute Interessantes \u00fcber die uralten Traditionen der lokalen Weinherstellung. Dar\u00fcber hinaus ist Kachetien auch reich an kulturellen Sehensw\u00fcrdigkeiten.<br><br>Erstes Ziel ist Signagi, eine von einer Stadtmauer mit Wehrt\u00fcrmen umgebene Stadt. Fahrt und Besuch einer einheimischen Fami lie in einen Dorf. Die Familie produziert Bio-Produkte und bieten typisch geor gische Gerichte und hausgemachte nat\u00fcrliche Weine zum Mittagessen an. Es ist die Geschichte einer echten Farm-to-Table-Erfahrung. Wir haben hier die M\u00f6glichkeit mit Menschen in Kontakt zu treten und einen Einblick zu bekommen, wovon die Leute in dieser Region leben. Diese Begegnung wird uns in unvergesslicher Erinnerung bleiben.<br><br>Am Nachmittag&nbsp;geht es weiter in die alte Residenzstadt Gremi, in herrlicher Lage am Fu\u00dfe des Kaukasus \u2013 Foto stop bei der Festung Gremi. Anschlie\u00dfend Fahrt nach Telavi.<br>&nbsp;<\/div>\n<\/td>\n<\/tr>\n<tr style=\"height: 280px;\">\n<td style=\"background-color: #d5ece6; height: 280px; width: 24.0476%;\"><br><strong>4. Tag \u2013 Telavi \u2013 Alaverdi \u2013 Tianeti \u2013 Gudauri&nbsp;<\/strong><\/td>\n<td style=\"background-color: #d5ece6; height: 280px; width: 75.3571%;\">\n<div style=\"margin-left: 40px;\"><br>Besuch auf dem Bauernmarkt in Telavi. Das ist ein Lieblingseinkaufsort der georgischen Frauen, die sich fr\u00fchmorgens auf den Weg machen, um die Preise mit Verk\u00e4ufern zu verhandeln und frisches Obst, Gem\u00fcse oder Gew\u00fcr zen f\u00fcr zu Hause einkaufen. Bevor wir Kachetien verlassen, besuchen wir noch wundersch\u00f6ne Alaverdi-Kathedrale (11.Jh.). Dann fahren wir \u00fcber Akhmeta und Tianeti entlang der Georgischen Heerstra\u00dfe nach Gudauri. Unterwegs Besuch der Wehrkirche \u2013 Ananuri (17.Jh), am Stausee Jinwali gelegen. Die Fahrt f\u00fchrt durch ein landschaftlich sehr reizvolles Gebiet in h\u00f6here Lagen des gro\u00dfen Kaukasus.<br>&nbsp;<\/div>\n<\/td>\n<\/tr>\n<tr style=\"height: 444px;\">\n<td style=\"height: 444px; width: 24.0476%;\"><br><strong>5. Tag \u2013 Gudauri \u2013 Stephantsminda \u2013 Gergeti Kirche \u2013 Stephantsminda \u2013 Dariali Tal \u2013 Sno Tal \u2013 Gudauri<\/strong><br>&nbsp;<\/td>\n<td style=\"height: 444px; width: 75.3571%;\">\n<div style=\"margin-left: 40px;\"><br>Am Morgen setzen wir unsere Reise nach Stephantsminda fort, das f\u00fcr seine Lage am Fu\u00dfe des Kasbeg&nbsp;bekannt ist. Unterwegs genie\u00dfen wir wunderbare Berglandschaften. In Stephantsminda angekommen besuchen wir die Gergeti Dreifaltigkeitskirche (Wanderung zur Kirche). Heut zutage ist die Gergeti Dreifaltigkeitskirche das beliebteste Reiseziel in Georgien. Mit ihrer besonderen Lage und der jahrhundertalten Geschichte repr\u00e4sentiert die Kirche Georgien. &nbsp;Die mit Bergblumen geschm\u00fcckten&nbsp;H\u00e4nge&nbsp;und der gigantische Kaukasus beeindrucken jeden Besucher. &nbsp;<br><br>Der schneebedeckte Gletscher Kasbeg (Mkinvartsveri) verleiht diesem Ort einen besonderen Charme. Am Nachmittag Fahrt entlang der imposanten Dariali Tal und das Sno Tal. Die zwischen den Bergen gelegene Schlucht ist besonders attraktiv f\u00fcr Naturliebhaber. Auf einem felsigen H\u00fcgel liegt die Sno Festung. Dieser Abwehrbau bildet mit der sch\u00f6nen Natur ein reizvolles Bild. Am Abend R\u00fcckkehr nach Gudauri.&nbsp;&nbsp;<br>&nbsp;<\/div>\n<\/td>\n<\/tr>\n<tr style=\"height: 257px;\">\n<td style=\"background-color: #d5ece6; height: 257px; width: 24.0476%;\"><br><strong>6. Tag \u2013 Gudauri \u2013 Mzcheta \u2013 Uplisziche \u2013 Gori&nbsp;<\/strong><\/td>\n<td style=\"background-color: #d5ece6; height: 257px; width: 75.3571%;\">\n<div style=\"margin-left: 40px;\"><br>Fahrt nach Mzcheta und Besichtigung der alten Haupstadt und des religi\u00f6sen Zentrums Georgiens (UNESCO Welterbe) mit der Dschwari Kirche (6.Jh.) und der Swetizchoveli Kathedrale (11.Jh.), in der sich Leibrock Christi befinden soll. Weiterfahrt und Besuch der H\u00f6hlenstadt Uphlisziche (1.Jt v.Ch.), durch die ein Zweig der legend\u00e4ren Seidenstrasse f\u00fchrte. Die Stadtstruktur mit mehreren Strassen, einem Theater und verschiedenen Pal\u00e4sten ist gut nachzuvollziehen. In Gori, der Geburtstadt Stalins, Au\u00dfenbesichtigung seines Geburtshauses.<br>&nbsp;<\/div>\n<\/td>\n<\/tr>\n<tr style=\"height: 491px;\">\n<td style=\"height: 491px; width: 24.0476%;\"><strong>7. Tag \u2013 &nbsp;Gori \u2013 Tbilissi<\/strong><\/td>\n<td style=\"height: 491px; width: 75.3571%;\">\n<div style=\"margin-left: 40px;\"><br>Nach dem Fr\u00fchst\u00fcck Fahrt nach Tbilissi und freie Zeit, oder fakultatives Programm in Tbilissi. Neben den wichtigsten Touristenattraktionen gibt es einen weiteren Teil von Tiflis mit alten, farbenfrohen H\u00f6fen und Geb\u00e4uden aus der Sowjetzeit. Dieser Stadtteil wird in Reisef\u00fchrern kaum erw\u00e4hnt. Beim Spaziergang werden wir hier viele architektonische Perlen treffen. Beson ders merkw\u00fcrdig sind die sch\u00f6nen Treppen und T\u00fcren der Geb\u00e4ude, die mit vielen Verzierungen, Ornamenten, L\u00f6wen, V\u00f6geln, Blumen oder Engeln geschm\u00fcckt sind.<br><br>Ein wesentlicher Bestandteil der Geschichte von Tbilissi sind die Hinter h\u00f6fe, wo mit lautem Aufheben, Backgammon oder Dominostein spielen und mit Nachbarn unterschiedlicher Temperamente streiten \u2013 alle im selben Innenhof leben. Dann gehen wir in die interessante Aghmashenebeli Avenue. Infolge des Wiederaufbaus wurde das alte Aus sehen wieder hergestellt und viele Geb\u00e4ude im euro p\u00e4ischen Stil wurden versch\u00f6nert. Anschliessend Besuch der Schatzkammer im Historischen Museum (Goldschmiedekunst aus der Zeit des Golde nes Vlies).<br>&nbsp;<\/div>\n<\/td>\n<\/tr>\n<tr style=\"height: 116px;\">\n<td style=\"background-color: #d5ece6; height: 116px; width: 24.0476%;\"><br><strong>8. Tag \u2013 Abreisetag. Transfer zum Flughafen &nbsp;&amp; R\u00fcckflug&nbsp;<\/strong><br>&nbsp;<\/td>\n<td style=\"background-color: #d5ece6; height: 116px; width: 75.3571%;\">\n<div style=\"margin-left: 40px;\"><br>Transfer zum Flughafen. R\u00fcckflug<br>&nbsp;&nbsp;<\/div>\n<\/td>\n<\/tr>\n<\/tbody><\/table>\n<p><br><\/p>\t\t\t\t\t\t\t\t<\/div>\n\t\t\t\t<\/div>\n\t\t\t\t<div class=\"elementor-element elementor-element-a7737bc elementor-widget-divider--view-line elementor-widget elementor-widget-divider\" data-id=\"a7737bc\" data-element_type=\"widget\" data-widget_type=\"divider.default\">\n\t\t\t\t<div class=\"elementor-widget-container\">\n\t\t\t\t\t\t\t<div class=\"elementor-divider\">\n\t\t\t<span class=\"elementor-divider-separator\">\n\t\t\t\t\t\t<\/span>\n\t\t<\/div>\n\t\t\t\t\t\t<\/div>\n\t\t\t\t<\/div>\n\t\t\t\t\t<\/div>\n\t\t<\/div>\n\t\t\t\t\t<\/div>\n\t\t<\/section>\n\t\t\t\t<section class=\"elementor-section elementor-top-section elementor-element elementor-element-fc43ee1 elementor-section-boxed elementor-section-height-default elementor-section-height-default\" data-id=\"fc43ee1\" data-element_type=\"section\">\n\t\t\t\t\t\t<div class=\"elementor-container elementor-column-gap-default\">\n\t\t\t\t\t<div class=\"elementor-column elementor-col-100 elementor-top-column elementor-element elementor-element-fc1a32c\" data-id=\"fc1a32c\" data-element_type=\"column\">\n\t\t\t<div class=\"elementor-widget-wrap elementor-element-populated\">\n\t\t\t\t\t\t<div class=\"elementor-element elementor-element-984cdd6 elementor-widget elementor-widget-text-editor\" data-id=\"984cdd6\" data-element_type=\"widget\" data-widget_type=\"text-editor.default\">\n\t\t\t\t<div class=\"elementor-widget-container\">\n\t\t\t\t\t\t\t\t\t<p>Ihre Touranfrage k\u00f6nnen Sie uns gerne per E-Mail an\u00a0<strong>gruppen@pulexpress.de<\/strong>\u00a0senden.<\/p><p>F\u00fcr eine pers\u00f6nliche Beratung stehen wir Ihnen auch telefonisch zur Verf\u00fcgung \u2013 werktags zwischen 09:00 und 13:00 Uhr unter\u00a0<strong>+49 (0)30 887 147 55<\/strong>.<\/p><p><strong>Reiseagenturen erhalten 9% Provision<\/strong><\/p><p><a href=\"https:\/\/maxtixfare.de\/ru\/agb-pauschalreisen\/\" target=\"_blank\" rel=\"noopener\"><strong>AGB-Pauschalreisen<\/strong><\/a><\/p>\t\t\t\t\t\t\t\t<\/div>\n\t\t\t\t<\/div>\n\t\t\t\t\t<\/div>\n\t\t<\/div>\n\t\t\t\t\t<\/div>\n\t\t<\/section>\n\t\t\t\t<\/div>","protected":false},"excerpt":{"rendered":"<p>Flyer &#8211; St\u00e4dtereise | Georgien: Zubucherreise 8 Tage: PDF Eingeschlossene Leistungen&nbsp; &nbsp; Verpflegung: laut Programm;&nbsp; &nbsp;Deutschsprachige Reiseleitung;&nbsp; Transfer: Je nach Teilnehmeranzahl im PKW (A\/C), Minibus (A\/C) oder Bus (A\/C); Eintrittsgelder laut Programm; Mindestteilnehmerzahl \u2013 2 Pax, H\u00f6chstteilnehmerzahl \u2013 25 Pax &nbsp; &nbsp; &nbsp; Hotels&nbsp; &nbsp; 3 \u00dcbernachtungen im 3* Hotel in Tbilissi im Hotel \u201eHoliday Inn Express\u201c o. \u00e4.; &nbsp;1 [&hellip;]<\/p>","protected":false},"author":3527,"featured_media":0,"parent":0,"menu_order":0,"comment_status":"closed","ping_status":"closed","template":"page-templates\/full-width.php","meta":{"_acf_changed":false,"_bbp_topic_count":0,"_bbp_reply_count":0,"_bbp_total_topic_count":0,"_bbp_total_reply_count":0,"_bbp_voice_count":0,"_bbp_anonymous_reply_count":0,"_bbp_topic_count_hidden":0,"_bbp_reply_count_hidden":0,"_bbp_forum_subforum_count":0,"footnotes":""},"class_list":["post-20498","page","type-page","status-publish","hentry"],"acf":[],"_links":{"self":[{"href":"https:\/\/maxtixfare.de\/ru\/wp-json\/wp\/v2\/pages\/20498","targetHints":{"allow":["GET"]}}],"collection":[{"href":"https:\/\/maxtixfare.de\/ru\/wp-json\/wp\/v2\/pages"}],"about":[{"href":"https:\/\/maxtixfare.de\/ru\/wp-json\/wp\/v2\/types\/page"}],"author":[{"embeddable":true,"href":"https:\/\/maxtixfare.de\/ru\/wp-json\/wp\/v2\/users\/3527"}],"replies":[{"embeddable":true,"href":"https:\/\/maxtixfare.de\/ru\/wp-json\/wp\/v2\/comments?post=20498"}],"version-history":[{"count":31,"href":"https:\/\/maxtixfare.de\/ru\/wp-json\/wp\/v2\/pages\/20498\/revisions"}],"predecessor-version":[{"id":22680,"href":"https:\/\/maxtixfare.de\/ru\/wp-json\/wp\/v2\/pages\/20498\/revisions\/22680"}],"wp:attachment":[{"href":"https:\/\/maxtixfare.de\/ru\/wp-json\/wp\/v2\/media?parent=20498"}],"curies":[{"name":"wp","href":"https:\/\/api.w.org\/{rel}","templated":true}]}}