{"id":20522,"date":"2024-06-12T14:37:58","date_gmt":"2024-06-12T14:37:58","guid":{"rendered":"https:\/\/maxtixfare.de\/?page_id=20522"},"modified":"2025-07-10T09:22:08","modified_gmt":"2025-07-10T09:22:08","slug":"stadtereisen-georgien-fur-kleingruppen-8-tage","status":"publish","type":"page","link":"https:\/\/maxtixfare.de\/ru\/stadtereisen-georgien-fur-kleingruppen-8-tage\/","title":{"rendered":"St\u00e4dtereisen | Georgien f\u00fcr Kleingruppen 8 Tage"},"content":{"rendered":"<div data-elementor-type=\"wp-page\" data-elementor-id=\"20522\" class=\"elementor elementor-20522\" data-elementor-post-type=\"page\">\n\t\t\t\t\t\t<section class=\"elementor-section elementor-top-section elementor-element elementor-element-ae6bd1d elementor-section-boxed elementor-section-height-default elementor-section-height-default\" data-id=\"ae6bd1d\" data-element_type=\"section\">\n\t\t\t\t\t\t<div class=\"elementor-container elementor-column-gap-default\">\n\t\t\t\t\t<div class=\"elementor-column elementor-col-100 elementor-top-column elementor-element elementor-element-4319ef7\" data-id=\"4319ef7\" data-element_type=\"column\">\n\t\t\t<div class=\"elementor-widget-wrap elementor-element-populated\">\n\t\t\t\t\t\t<div class=\"elementor-element elementor-element-2c619ea elementor-widget elementor-widget-text-editor\" data-id=\"2c619ea\" data-element_type=\"widget\" data-widget_type=\"text-editor.default\">\n\t\t\t\t<div class=\"elementor-widget-container\">\n\t\t\t\t\t\t\t\t\t<h2>Flyer &#8211; St\u00e4dtereise | Georgien f\u00fcr Kleingruppen 8 Tage:\u00a0<a href=\"https:\/\/maxtixfare.de\/wp-content\/uploads\/2024\/06\/2024_Ruvera_Georgien-Kleingruppen_8Tage-min.pdf\" target=\"_blank\" rel=\"noopener\">PDF<\/a>\u00a0<\/h2>\t\t\t\t\t\t\t\t<\/div>\n\t\t\t\t<\/div>\n\t\t\t\t\t<\/div>\n\t\t<\/div>\n\t\t\t\t\t<\/div>\n\t\t<\/section>\n\t\t\t\t<section class=\"elementor-section elementor-top-section elementor-element elementor-element-d8a92ce elementor-section-boxed elementor-section-height-default elementor-section-height-default\" data-id=\"d8a92ce\" data-element_type=\"section\">\n\t\t\t\t\t\t<div class=\"elementor-container elementor-column-gap-default\">\n\t\t\t\t\t<div class=\"elementor-column elementor-col-100 elementor-top-column elementor-element elementor-element-4f7ddad\" data-id=\"4f7ddad\" data-element_type=\"column\">\n\t\t\t<div class=\"elementor-widget-wrap elementor-element-populated\">\n\t\t\t\t\t\t<div class=\"elementor-element elementor-element-b962f1c elementor-widget elementor-widget-image\" data-id=\"b962f1c\" data-element_type=\"widget\" data-widget_type=\"image.default\">\n\t\t\t\t<div class=\"elementor-widget-container\">\n\t\t\t\t\t\t\t\t\t\t\t\t\t\t\t<img fetchpriority=\"high\" decoding=\"async\" width=\"1024\" height=\"753\" src=\"https:\/\/maxtixfare.de\/wp-content\/uploads\/2024\/06\/seite_kleingruppen_georgien1-min-1024x753.png\" class=\"attachment-large size-large wp-image-20525\" alt=\"Seite kleingruppen georgien1 min\" srcset=\"https:\/\/maxtixfare.de\/wp-content\/uploads\/2024\/06\/seite_kleingruppen_georgien1-min-1024x753.png 1024w, https:\/\/maxtixfare.de\/wp-content\/uploads\/2024\/06\/seite_kleingruppen_georgien1-min-300x221.png 300w, https:\/\/maxtixfare.de\/wp-content\/uploads\/2024\/06\/seite_kleingruppen_georgien1-min-768x565.png 768w, https:\/\/maxtixfare.de\/wp-content\/uploads\/2024\/06\/seite_kleingruppen_georgien1-min-1536x1130.png 1536w, https:\/\/maxtixfare.de\/wp-content\/uploads\/2024\/06\/seite_kleingruppen_georgien1-min-16x12.png 16w, https:\/\/maxtixfare.de\/wp-content\/uploads\/2024\/06\/seite_kleingruppen_georgien1-min-800x589.png 800w, https:\/\/maxtixfare.de\/wp-content\/uploads\/2024\/06\/seite_kleingruppen_georgien1-min-672x494.png 672w, https:\/\/maxtixfare.de\/wp-content\/uploads\/2024\/06\/seite_kleingruppen_georgien1-min-1038x764.png 1038w, https:\/\/maxtixfare.de\/wp-content\/uploads\/2024\/06\/seite_kleingruppen_georgien1-min-480x353.png 480w, https:\/\/maxtixfare.de\/wp-content\/uploads\/2024\/06\/seite_kleingruppen_georgien1-min.png 1616w\" sizes=\"(max-width: 1024px) 100vw, 1024px\" \/>\t\t\t\t\t\t\t\t\t\t\t\t\t\t\t<\/div>\n\t\t\t\t<\/div>\n\t\t\t\t\t<\/div>\n\t\t<\/div>\n\t\t\t\t\t<\/div>\n\t\t<\/section>\n\t\t\t\t<section class=\"elementor-section elementor-top-section elementor-element elementor-element-6a2d766 elementor-section-boxed elementor-section-height-default elementor-section-height-default\" data-id=\"6a2d766\" data-element_type=\"section\">\n\t\t\t\t\t\t<div class=\"elementor-container elementor-column-gap-default\">\n\t\t\t\t\t<div class=\"elementor-column elementor-col-100 elementor-top-column elementor-element elementor-element-99359d6\" data-id=\"99359d6\" data-element_type=\"column\">\n\t\t\t<div class=\"elementor-widget-wrap elementor-element-populated\">\n\t\t\t\t\t\t<div class=\"elementor-element elementor-element-e23cade elementor-widget elementor-widget-text-editor\" data-id=\"e23cade\" data-element_type=\"widget\" data-widget_type=\"text-editor.default\">\n\t\t\t\t<div class=\"elementor-widget-container\">\n\t\t\t\t\t\t\t\t\t<table cellspacing=\"1\" cellpadding=\"1\">\n<tbody>\n<tr>\n<td><strong><span style=\"font-size: 18px;\">Eingeschlossene Leistungen<\/span><\/strong>&nbsp;<br><br><\/td>\n<td>&nbsp;<\/td>\n<\/tr>\n<tr>\n<td>\n<ul>\n<li>8 Tage &amp; 7 \u00dcbernachtungen&nbsp;<\/li>\n<\/ul>\n<\/td>\n<td>\n<ul>\n<li>Flughafentransfers<\/li>\n<\/ul>\n<\/td>\n<\/tr>\n<tr>\n<td>\n<ul>\n<li>Verpflegung: 7 x Fr\u00fchst\u00fcck,&nbsp;2 x Abendessen, 1 x Mittagessen (siehe Programmablauf: F\/M\/A)<\/li>\n<\/ul>\n<\/td>\n<td>\n<ul>\n<li>Deutsch sprechende Reiseleitung lt. Reiseablauf<\/li>\n<\/ul>\n<\/td>\n<\/tr>\n<tr>\n<td>&nbsp;<\/td>\n<td>&nbsp;<\/td>\n<\/tr>\n<tr>\n<td><strong><span style=\"font-size: 18px;\">Hotels<\/span><\/strong>&nbsp;<br><br><\/td>\n<td>&nbsp;<\/td>\n<\/tr>\n<tr>\n<td>\n<ul>\n<li>Brim 3+* o. \u00e4. in Tbilisi &nbsp; &nbsp; www. brimtbilisi.com&nbsp;<\/li>\n<li>Lomsia 3* o. \u00e4. in Akhaltsikhe &nbsp;www.lomsiahotel.ge&nbsp;<\/li>\n<\/ul>\n<\/td>\n<td>\n<ul>\n<li>&nbsp;Holiday Inn Telavi 4* o. \u00e4. in Telavi &nbsp;HolidayInnTelavi<\/li>\n<\/ul>\n<\/td>\n<\/tr>\n<tr>\n<td>&nbsp;<\/td>\n<td>&nbsp;<\/td>\n<\/tr>\n<tr>\n<td><strong><span style=\"font-size: 18px;\">Visum<br><br><\/span><\/strong><\/td>\n<td>&nbsp;<\/td>\n<\/tr>\n<tr>\n<td>F\u00fcr die EU- B\u00fcrger besteht keine Visapflicht in Georgien.&nbsp;<br><br><br><\/td>\n<td>&nbsp;<\/td>\n<\/tr>\n<tr>\n<td><strong><span style=\"font-size: 18px;\">Nicht im Paketpreis eingeschlossene Leistungen<\/span><\/strong>&nbsp;<br><br><\/td>\n<td>&nbsp;<\/td>\n<\/tr>\n<tr>\n<td>\n<ul>\n<li>Fl\u00fcge<\/li>\n<li>Versicherungen<\/li>\n<li>Getr\u00e4nke<\/li>\n<\/ul>\n<\/td>\n<td>\n<ul>\n<li>Koffertr\u00e4ger-Service<\/li>\n<li>Trinkgelder<\/li>\n<\/ul>\n<\/td>\n<\/tr>\n<tr>\n<td>&nbsp;<\/td>\n<td>&nbsp;<\/td>\n<\/tr>\n<tr>\n<td><strong><span style=\"font-size: 18px;\">Preis p. P. im DZ bei Mindestteilnehmerzahl von 4 Pers.: 960 EUR<\/span><\/strong>&nbsp;<\/td>\n<td>&nbsp;<\/td>\n<\/tr>\n<tr>\n<td>&nbsp;<\/td>\n<td>&nbsp;<\/td>\n<\/tr>\n<\/tbody>\n<\/table><br>\n<div><table cellspacing=\"1\" cellpadding=\"1\">\n<tbody>\n<tr>\n<td><strong><span style=\"font-size: 18px;\">Reiseverlauf<br><br><\/span><\/strong><\/td>\n<td>&nbsp;<\/td>\n<\/tr>\n<tr>\n<td><strong>1. Tag&nbsp;\u2013 Flug nach Tbilissi&nbsp;<\/strong>&nbsp;<\/td>\n<td>\n<p style=\"margin-left: 40px;\">Ankunft in Tbiissi und Transfer zum Hotel. Zimmerbezug ab 15:00 Uhr.&nbsp;<\/p><p style=\"margin-left: 40px;\"><br><\/p>\n<\/td>\n<\/tr>\n<tr>\n<td style=\"background-color: #d5ece6;\"><strong>2. Tag \u2013 Tbilissi \u2013 Stadtbesichtigung<\/strong><\/td>\n<td style=\"background-color: #d5ece6;\">\n<div style=\"margin-left: 40px;\"><br><\/div><div style=\"margin-left: 40px;\">Nach dem Fr\u00fchst\u00fcck Stadtbesichtigung: Alt- und Neustadt. Die Stadt hat viele alte Sehensw\u00fcrdigkeiten zu bieten. Alle interessanten Baudenkm\u00e4ler in der Altstadt liegen nahe zusammen, so da\u00df diese leicht durch einen kurzen Spaziergang erreichbar sind. Zun\u00e4chst Besichtigung der Altstadt mit der Metechi Kirche (13.Jh.) und dem Reiterstandbild des Stadtgr\u00fcnders Wachtang Gorgassali. Von hier hat man einen Blick auf den Flu\u00df Mtkwari, die Altstadt und die Umgebung Tbilissis. Fahrt mit der Seilbahn zur Nariqala Festung (4. Jh.).\n<p>Danach vorbei an den Schwefelb\u00e4dern \u2013 die abends fakultativ besucht werden k\u00f6nnen \u2013 zur Synagoge (Ftostop) und zur Hauptkirche, der Sioni Kathedrale, in der das Weinrebenkreuz der heiligen Nino \u2013 sie christianisierte Georgien \u2013 aufbewahrt wird. Weiter zur Antschischati Kirche (6.Jh.), der \u00e4ltesten Kirche der Stadt. Besuch der Schatzkammer im Historischen&nbsp;Museum (Goldschmiedekunst aus der Zeit des Goldenes Vlies \u2013 Montags geschlo\u00dfen). Freier Abend. \u00dcbernachtung in Tbilissi im Hotel. (F\/-\/-)&nbsp;<\/p><p><br><\/p>\n<\/div>\n<\/td>\n<\/tr>\n<tr>\n<td><strong>3. Tag \u2013 &nbsp;Tbilissi &#8211; Mzcheta -Borjomi &#8211; Achalziche&nbsp;<\/strong>&nbsp;<\/td>\n<td>\n<div style=\"margin-left: 40px;\"><br><\/div><div style=\"margin-left: 40px;\">Fr\u00fchmorgen Fahrt nach Mzcheta und Besichtigung der alten Haupstadt und des religi\u00f6sen Zentrums Georgiens (UNESCO Welterbe) mit der Dschwari Kirche (6.Jh.) und der Swetizchoveli Kathedrale (11.Jh.). Weiterfahrt in die Region Mescheti. In Bordjomi, dem bekannten Mineralwasser-Kurort, kurzer Spaziergang im Borjomi Park, Besuch der Mineralwasser-Quelle. Anschlie\u00dfend Fahrt in die Kleinstadt Achalziche. Abendessen und \u00dcbernachtung in Achalziche im Hotel. (F\/-\/A)&nbsp;<\/div><div style=\"margin-left: 40px;\"><br><\/div>\n<\/td>\n<\/tr>\n<tr>\n<td style=\"background-color: #d5ece6;\"><strong>4. Tag \u2013 Achalziche &#8211; Wardsia &#8211; Achalziche&nbsp;<\/strong><\/td>\n<td style=\"background-color: #d5ece6;\">\n<div style=\"margin-left: 40px;\"><br><\/div><div style=\"margin-left: 40px;\">Fahrt zur H\u00f6hlenstadt Wardsia, die im goldenen Zeitalter Georgiens (12 Jh. ) errichtet wurde und Tausenden von Menschen Unterkunft bietete. Jetzt kann man sich vorstellen, wie gro\u00df die 13 stockwerkige Stadt war, mit zahlreichen Wohnungen, Kirchen, Apotheken,&nbsp;Tunnels etc. H\u00f6hepunkt des Tages ist Marienkirche des 12. Jahrhunderts mit ganz besonderen Fresken. Unter der anderen ist hier ein Fresko der K\u00f6nigin Tamara vorhanden, das w\u00e4hrend Ihres Lebens gemalt wurde. Am sp\u00e4ten Nachmittag R\u00fcckkehr nach Achalziche. Fotostop bei der Chertvisi Festung. Abendessen und \u00dcbernachtung in Achalziche im Hotel. (F\/-\/A)&nbsp;<\/div><div style=\"margin-left: 40px;\"><br><\/div>\n<\/td>\n<\/tr>\n<tr>\n<td><strong>5. Tag \u2013 Achalziche &#8211;&nbsp; Gori &#8211; Uplisziche &#8211; Tbilissi&nbsp;<\/strong><\/td>\n<td>\n<div style=\"margin-left: 40px;\"><br><\/div><div style=\"margin-left: 40px;\">Entlang der alten Seidenstra\u00dfe Weiterfahrt in die Kartli-Region in die Stadt Gori. Besuch der H\u00f6hlenstadt Uplisziche (1.Jt v.Ch.), durch die ein Zweig der legend\u00e4ren Seidenstrasse f\u00fchrte. Die Stadtstruktur mit mehreren Stra\u00dfen, einem Theater und verschiedenen Pal\u00e4sten ist gut nachzuvollziehen. In Gori, der Geburtstadt Stalins, Au\u00dfenbesichtigung seines Geburtshauses. Anschlie\u00dfend Fahrt nach Tbilissi. \u00dcbernachtung in Tbilissi im Hotel. (F\/-\/-)<\/div><div style=\"margin-left: 40px;\">&nbsp;&nbsp;<\/div>\n<\/td>\n<\/tr>\n<tr>\n<td style=\"background-color: #d5ece6;\"><strong>6. Tag \u2013 Tbilissi &#8211; Signagi &#8211; Kvareli &#8211; Gremi &#8211; Telavi&nbsp;&nbsp;<\/strong><\/td>\n<td style=\"background-color: #d5ece6;\">\n<div style=\"margin-left: 40px;\"><br><\/div><div style=\"margin-left: 40px;\">Besuch der Region Kachetien, das bekannte Weinanbaugebiet Georgiens. Am Morgen Fahrt nach Signagi, wo wir einen Spaziergang durch die malerische Stadt unternehmen. Die ganze Stadt ist mit einer Doppelmauer und 28 T\u00fcrmen umgeben. Die Mauer war das Symbol der Freistadt Signagi. Die H\u00e4user sind im klassischen-s\u00fcditalienischen Stil mit typisch georgischen Elementen gebaut.&nbsp;\n<p>Zu&nbsp;der Mittagszeit Fahrt und Besuch einer einheimischen Familie in Kvareli, die von Tbilissi aufs Land gezogen ist. Die Familie produziert Bio-Produkte und bieten typisch georgische Gerichte zum Mittagessen an. Es ist die Geschichte einer echten Farmto-Table -Erfahrung. Vor der Mittagessen beobachten Sie den Prozess der Zube reitung der georgischen&nbsp;S\u00fc\u00dfigkeit \u2013 Tschurtschchela (N\u00fcsse in Weintraubensaft) und Schaschlik \u2013 Grillfeisch an Spie\u00df. Wir haben hier die M\u00f6glichkeit mit Menschen in Kontakt zu treten und einen Einblick zu bekommen, wovon die Leute in dieser Region leben. Diese Begegnung wird uns in unvergesslicher Erinnerung bleiben. Danach Fahrt zu Gremi Burganlage. Anschlie\u00dfend Ankunft in Telavi. \u00dcbernachtung in Telavi im Hotel. (F\/M\/-)&nbsp;<\/p><p><br><\/p>\n<\/div>\n<\/td>\n<\/tr>\n<tr>\n<td><strong>7. Tag \u2013 Telavi &#8211; Tsinandali &#8211; Tbilissi&nbsp;<\/strong><\/td>\n<td>\n<div style=\"margin-left: 40px;\"><br><\/div><div style=\"margin-left: 40px;\">Am Morgen Besuch des Bauermarktes in Telavi mit frischen Gem\u00fcse und Obst. Danach Besuch des F\u00fcrstenhauses mit dem sch\u00f6nen Garten in Tsinandali (19.Jh). Nach der F\u00fchrung im Museum, Spaziergang im sch\u00f6nen Garten. Anschlie\u00dfend Fahrt nach Tbilissi. Nach der Ankunft freier Nachmittag in Tbilissi. \u00dcbernachtung in Tbilissi im Hotel. (F\/-\/-)&nbsp;<\/div><div style=\"margin-left: 40px;\"><br><\/div>\n<\/td>\n<\/tr>\n<tr>\n<td style=\"background-color: #d5ece6;\"><strong>8. Tag \u2013 &nbsp;Abreisetag<\/strong>&nbsp;<\/td>\n<td style=\"background-color: #d5ece6;\">\n<div style=\"margin-left: 40px;\"><br><\/div><div style=\"margin-left: 40px;\">Transfer zum Flughafen. R\u00fcckflug<\/div><div style=\"margin-left: 40px;\"><br><\/div>\n<\/td>\n<\/tr>\n<\/tbody><\/table><\/div>\t\t\t\t\t\t\t\t<\/div>\n\t\t\t\t<\/div>\n\t\t\t\t<div class=\"elementor-element elementor-element-d1022b8 elementor-widget-divider--view-line elementor-widget elementor-widget-divider\" data-id=\"d1022b8\" data-element_type=\"widget\" data-widget_type=\"divider.default\">\n\t\t\t\t<div class=\"elementor-widget-container\">\n\t\t\t\t\t\t\t<div class=\"elementor-divider\">\n\t\t\t<span class=\"elementor-divider-separator\">\n\t\t\t\t\t\t<\/span>\n\t\t<\/div>\n\t\t\t\t\t\t<\/div>\n\t\t\t\t<\/div>\n\t\t\t\t\t<\/div>\n\t\t<\/div>\n\t\t\t\t\t<\/div>\n\t\t<\/section>\n\t\t\t\t<section class=\"elementor-section elementor-top-section elementor-element elementor-element-fc43ee1 elementor-section-boxed elementor-section-height-default elementor-section-height-default\" data-id=\"fc43ee1\" data-element_type=\"section\">\n\t\t\t\t\t\t<div class=\"elementor-container elementor-column-gap-default\">\n\t\t\t\t\t<div class=\"elementor-column elementor-col-100 elementor-top-column elementor-element elementor-element-fc1a32c\" data-id=\"fc1a32c\" data-element_type=\"column\">\n\t\t\t<div class=\"elementor-widget-wrap elementor-element-populated\">\n\t\t\t\t\t\t<div class=\"elementor-element elementor-element-984cdd6 elementor-widget elementor-widget-text-editor\" data-id=\"984cdd6\" data-element_type=\"widget\" data-widget_type=\"text-editor.default\">\n\t\t\t\t<div class=\"elementor-widget-container\">\n\t\t\t\t\t\t\t\t\t<p>Ihre Touranfrage k\u00f6nnen Sie uns gerne per E-Mail an\u00a0<strong>gruppen@pulexpress.de<\/strong>\u00a0senden.<\/p><p>F\u00fcr eine pers\u00f6nliche Beratung stehen wir Ihnen auch telefonisch zur Verf\u00fcgung \u2013 werktags zwischen 09:00 und 13:00 Uhr unter\u00a0<strong>+49 (0)30 887 147 55<\/strong>.<\/p><p><strong>Reiseagenturen erhalten 9% Provision<\/strong><\/p><p><a href=\"https:\/\/maxtixfare.de\/ru\/agb-pauschalreisen\/\" target=\"_blank\" rel=\"noopener\"><strong>AGB-Pauschalreisen<\/strong><\/a><\/p>\t\t\t\t\t\t\t\t<\/div>\n\t\t\t\t<\/div>\n\t\t\t\t\t<\/div>\n\t\t<\/div>\n\t\t\t\t\t<\/div>\n\t\t<\/section>\n\t\t\t\t<\/div>","protected":false},"excerpt":{"rendered":"<p>Flyer &#8211; St\u00e4dtereise | Georgien f\u00fcr Kleingruppen 8 Tage: PDF Eingeschlossene Leistungen&nbsp; &nbsp; 8 Tage &amp; 7 \u00dcbernachtungen&nbsp; Flughafentransfers Verpflegung: 7 x Fr\u00fchst\u00fcck,&nbsp;2 x Abendessen, 1 x Mittagessen (siehe Programmablauf: F\/M\/A) Deutsch sprechende Reiseleitung lt. Reiseablauf &nbsp; &nbsp; Hotels&nbsp; &nbsp; Brim 3+* o. \u00e4. in Tbilisi &nbsp; &nbsp; www. brimtbilisi.com&nbsp; Lomsia 3* o. \u00e4. in Akhaltsikhe &nbsp;www.lomsiahotel.ge&nbsp; &nbsp;Holiday Inn Telavi [&hellip;]<\/p>","protected":false},"author":3527,"featured_media":0,"parent":0,"menu_order":0,"comment_status":"closed","ping_status":"closed","template":"page-templates\/full-width.php","meta":{"_acf_changed":false,"_bbp_topic_count":0,"_bbp_reply_count":0,"_bbp_total_topic_count":0,"_bbp_total_reply_count":0,"_bbp_voice_count":0,"_bbp_anonymous_reply_count":0,"_bbp_topic_count_hidden":0,"_bbp_reply_count_hidden":0,"_bbp_forum_subforum_count":0,"footnotes":""},"class_list":["post-20522","page","type-page","status-publish","hentry"],"acf":[],"_links":{"self":[{"href":"https:\/\/maxtixfare.de\/ru\/wp-json\/wp\/v2\/pages\/20522","targetHints":{"allow":["GET"]}}],"collection":[{"href":"https:\/\/maxtixfare.de\/ru\/wp-json\/wp\/v2\/pages"}],"about":[{"href":"https:\/\/maxtixfare.de\/ru\/wp-json\/wp\/v2\/types\/page"}],"author":[{"embeddable":true,"href":"https:\/\/maxtixfare.de\/ru\/wp-json\/wp\/v2\/users\/3527"}],"replies":[{"embeddable":true,"href":"https:\/\/maxtixfare.de\/ru\/wp-json\/wp\/v2\/comments?post=20522"}],"version-history":[{"count":17,"href":"https:\/\/maxtixfare.de\/ru\/wp-json\/wp\/v2\/pages\/20522\/revisions"}],"predecessor-version":[{"id":22693,"href":"https:\/\/maxtixfare.de\/ru\/wp-json\/wp\/v2\/pages\/20522\/revisions\/22693"}],"wp:attachment":[{"href":"https:\/\/maxtixfare.de\/ru\/wp-json\/wp\/v2\/media?parent=20522"}],"curies":[{"name":"wp","href":"https:\/\/api.w.org\/{rel}","templated":true}]}}