{"id":20553,"date":"2024-06-13T18:33:01","date_gmt":"2024-06-13T18:33:01","guid":{"rendered":"https:\/\/maxtixfare.de\/?page_id=20553"},"modified":"2025-07-10T09:17:12","modified_gmt":"2025-07-10T09:17:12","slug":"staedtereisen-georgien-geniesser-10-tage","status":"publish","type":"page","link":"https:\/\/maxtixfare.de\/ru\/staedtereisen-georgien-geniesser-10-tage\/","title":{"rendered":"St\u00e4dtereisen | Georgien: Geniesser 10 Tage"},"content":{"rendered":"<div data-elementor-type=\"wp-page\" data-elementor-id=\"20553\" class=\"elementor elementor-20553\" data-elementor-post-type=\"page\">\n\t\t\t\t\t\t<section class=\"elementor-section elementor-top-section elementor-element elementor-element-ae6bd1d elementor-section-boxed elementor-section-height-default elementor-section-height-default\" data-id=\"ae6bd1d\" data-element_type=\"section\">\n\t\t\t\t\t\t<div class=\"elementor-container elementor-column-gap-default\">\n\t\t\t\t\t<div class=\"elementor-column elementor-col-100 elementor-top-column elementor-element elementor-element-4319ef7\" data-id=\"4319ef7\" data-element_type=\"column\">\n\t\t\t<div class=\"elementor-widget-wrap elementor-element-populated\">\n\t\t\t\t\t\t<div class=\"elementor-element elementor-element-2c619ea elementor-widget elementor-widget-text-editor\" data-id=\"2c619ea\" data-element_type=\"widget\" data-widget_type=\"text-editor.default\">\n\t\t\t\t<div class=\"elementor-widget-container\">\n\t\t\t\t\t\t\t\t\t<h2>Flyer &#8211; St\u00e4dtereise | Georgien: Geniesser 10 Tage:\u00a0 <a href=\"https:\/\/maxtixfare.de\/wp-content\/uploads\/2024\/06\/2024_Ruvera_Georgien-Geniesser_10Tage-min.pdf\" target=\"_blank\" rel=\"noopener\">PDF<\/a><\/h2>\t\t\t\t\t\t\t\t<\/div>\n\t\t\t\t<\/div>\n\t\t\t\t<div class=\"elementor-element elementor-element-d9f4106 elementor-widget elementor-widget-image\" data-id=\"d9f4106\" data-element_type=\"widget\" data-widget_type=\"image.default\">\n\t\t\t\t<div class=\"elementor-widget-container\">\n\t\t\t\t\t\t\t\t\t\t\t\t\t\t\t<img fetchpriority=\"high\" decoding=\"async\" width=\"1024\" height=\"727\" src=\"https:\/\/maxtixfare.de\/wp-content\/uploads\/2024\/06\/2024_Ruvera_Georgien-Geniesser_10Tage-1-min-1024x727.jpg\" class=\"attachment-large size-large wp-image-20550\" alt=\"2024 ruvera georgien geniesser 10tage 1 min\" srcset=\"https:\/\/maxtixfare.de\/wp-content\/uploads\/2024\/06\/2024_Ruvera_Georgien-Geniesser_10Tage-1-min-1024x727.jpg 1024w, https:\/\/maxtixfare.de\/wp-content\/uploads\/2024\/06\/2024_Ruvera_Georgien-Geniesser_10Tage-1-min-300x213.jpg 300w, https:\/\/maxtixfare.de\/wp-content\/uploads\/2024\/06\/2024_Ruvera_Georgien-Geniesser_10Tage-1-min-768x545.jpg 768w, https:\/\/maxtixfare.de\/wp-content\/uploads\/2024\/06\/2024_Ruvera_Georgien-Geniesser_10Tage-1-min-1536x1090.jpg 1536w, https:\/\/maxtixfare.de\/wp-content\/uploads\/2024\/06\/2024_Ruvera_Georgien-Geniesser_10Tage-1-min-2048x1453.jpg 2048w, https:\/\/maxtixfare.de\/wp-content\/uploads\/2024\/06\/2024_Ruvera_Georgien-Geniesser_10Tage-1-min-18x12.jpg 18w, https:\/\/maxtixfare.de\/wp-content\/uploads\/2024\/06\/2024_Ruvera_Georgien-Geniesser_10Tage-1-min-800x568.jpg 800w, https:\/\/maxtixfare.de\/wp-content\/uploads\/2024\/06\/2024_Ruvera_Georgien-Geniesser_10Tage-1-min-672x477.jpg 672w, https:\/\/maxtixfare.de\/wp-content\/uploads\/2024\/06\/2024_Ruvera_Georgien-Geniesser_10Tage-1-min-1038x737.jpg 1038w, https:\/\/maxtixfare.de\/wp-content\/uploads\/2024\/06\/2024_Ruvera_Georgien-Geniesser_10Tage-1-min-480x341.jpg 480w\" sizes=\"(max-width: 1024px) 100vw, 1024px\" \/>\t\t\t\t\t\t\t\t\t\t\t\t\t\t\t<\/div>\n\t\t\t\t<\/div>\n\t\t\t\t\t<\/div>\n\t\t<\/div>\n\t\t\t\t\t<\/div>\n\t\t<\/section>\n\t\t\t\t<section class=\"elementor-section elementor-top-section elementor-element elementor-element-2fa0901 elementor-section-boxed elementor-section-height-default elementor-section-height-default\" data-id=\"2fa0901\" data-element_type=\"section\">\n\t\t\t\t\t\t<div class=\"elementor-container elementor-column-gap-default\">\n\t\t\t\t\t<div class=\"elementor-column elementor-col-100 elementor-top-column elementor-element elementor-element-8b00348\" data-id=\"8b00348\" data-element_type=\"column\">\n\t\t\t<div class=\"elementor-widget-wrap elementor-element-populated\">\n\t\t\t\t\t\t<div class=\"elementor-element elementor-element-480b9a3 elementor-widget elementor-widget-text-editor\" data-id=\"480b9a3\" data-element_type=\"widget\" data-widget_type=\"text-editor.default\">\n\t\t\t\t<div class=\"elementor-widget-container\">\n\t\t\t\t\t\t\t\t\t<table cellspacing=\"1\" cellpadding=\"1\">\n<tbody>\n<tr style=\"height: 46px;\">\n<td style=\"height: 46px;\"><strong><span style=\"font-size: 18px;\"><span style=\"background-color: #ffffff;\">Eingeschlossene Leistungen<\/span><\/span><\/strong>&nbsp;<\/td>\n<td style=\"height: 46px;\">&nbsp;<\/td>\n<\/tr>\n<tr style=\"height: 100px;\">\n<td style=\"height: 100px;\">\n<ul>\n<li>Alle Transfers laut Programm mit einem modernen und klimatisierten Auto \/ Minibus \/ Reisebus&nbsp;<\/li>\n<\/ul>\n<\/td>\n<td style=\"height: 100px;\">\n<ul>\n<li>Besuch der Sehensw\u00fcrdigkeiten der UNESCO Welterbe&nbsp;<\/li>\n<\/ul>\n<\/td>\n<\/tr>\n<tr style=\"height: 68px;\">\n<td style=\"height: 68px;\">\n<ul>\n<li>\u00dcbernachtungen in DZ mit DU\/WC&nbsp;<\/li>\n<\/ul>\n<\/td>\n<td style=\"height: 68px;\">\n<ul>\n<li>Verpflegung laut Programm&nbsp;<\/li>\n<\/ul>\n<\/td>\n<\/tr>\n<tr style=\"height: 133px;\">\n<td style=\"height: 133px;\">\n<ul>\n<li>Professionelle deutschsprechende Reiseleitung w\u00e4hrend der Gesamtreise lt. Ausschreibung<\/li>\n<\/ul>\n<\/td>\n<td style=\"height: 133px;\">\n<ul>\n<li>Mindestteilnehmerzahl: ab 2 Personen&nbsp;<\/li>\n<\/ul>\n<\/td>\n<\/tr>\n<tr style=\"height: 23px;\">\n<td style=\"height: 23px;\">&nbsp;<\/td>\n<td style=\"height: 23px;\">&nbsp;<\/td>\n<\/tr>\n<tr style=\"height: 46px;\">\n<td style=\"height: 46px;\"><strong><span style=\"font-size: 18px;\"><span style=\"background-color: #ffffff;\">Hotels<\/span><\/span><\/strong>&nbsp;<\/td>\n<td style=\"height: 46px;\">&nbsp;<\/td>\n<\/tr>\n<tr style=\"height: 100px;\">\n<td style=\"height: 100px;\">\n<ul>\n<li>\u201cHoliday Inn Express\u201c 3* in Tbilissi<\/li>\n<li>\u201cMemoir\u201d 3+* in Stephantsminda&nbsp;<\/li>\n<\/ul>\n<\/td>\n<td style=\"height: 100px;\">\n<ul>\n<li>\u201cBorjomi Palace\u201d 3* in Borjomi&nbsp;<\/li>\n<li>\u201cGraphica\u201d 3* in Batumi<\/li>\n<\/ul>\n<\/td>\n<\/tr>\n<tr style=\"height: 23px;\">\n<td style=\"height: 23px;\">&nbsp;<\/td>\n<td style=\"height: 23px;\">&nbsp;<\/td>\n<\/tr>\n<tr style=\"height: 23px;\">\n<td style=\"height: 23px;\"><strong><span style=\"font-size: 18px;\"><span style=\"background-color: #ffffff;\">Visum<\/span><\/span><\/strong><\/td>\n<td style=\"height: 23px;\">&nbsp;<\/td>\n<\/tr>\n<tr style=\"height: 70px;\">\n<td style=\"height: 70px;\">F\u00fcr die EU- B\u00fcrger besteht keine Visapflicht in Georgien.&nbsp;<\/td>\n<td style=\"height: 70px;\">&nbsp;<\/td>\n<\/tr>\n<tr style=\"height: 70px;\">\n<td style=\"height: 70px;\"><strong><span style=\"font-size: 18px;\"><span style=\"background-color: #ffffff;\">Nicht im Paketpreis eingeschlossene Leistungen<\/span><\/span><\/strong>&nbsp;<\/td>\n<td style=\"height: 70px;\">&nbsp;<\/td>\n<\/tr>\n<tr style=\"height: 133px;\">\n<td style=\"height: 133px;\">\n<ul>\n<li>Fl\u00fcge<\/li>\n<li>Flughafentransfer bei An- und Abreise<\/li>\n<li>Alkoholgetr\u00e4nke bei der Reise<\/li>\n<\/ul>\n<\/td>\n<td style=\"height: 133px;\">\n<ul>\n<li>Koffertr\u00e4ger-Service<\/li>\n<li>Trinkgelder<\/li>\n<\/ul>\n<\/td>\n<\/tr>\n<\/tbody>\n<\/table>\n<table cellspacing=\"1\" cellpadding=\"1\">\n<tbody>\n<tr>\n<td><strong><span style=\"font-size: 18px;\">Reiseverlauf<\/span><\/strong><\/td>\n<td>&nbsp;<\/td>\n<\/tr>\n<tr>\n<td><strong>1. Tag&nbsp;\u2013 Flug nach Tbilissi<span style=\"color: #019879;\">&nbsp;<\/span><\/strong>&nbsp;<\/td>\n<td>\n<p style=\"margin-left: 40px;\"><br><\/p>\n<p style=\"margin-left: 40px;\">\u00dcbernachtung im Hotel in Tbilissi.<\/p>\n<p style=\"margin-left: 40px;\"><br><\/p>\n<\/td>\n<\/tr>\n<tr>\n<td style=\"background-color: #d5ece6;\"><strong>2. Tag \u2013 Tbilissi \u2013 Stadtbesichtigung<\/strong><\/td>\n<td style=\"background-color: #d5ece6;\">\n<div style=\"margin-left: 40px;\"><br><\/div>\n<div style=\"margin-left: 40px;\"><p>Nach dem sp\u00e4ten Fr\u00fchst\u00fcck starten wir mit der Stadtbesichtigung und lernen Alt- und Neustadt kennen. Die Stadt hat viele alte Sehensw\u00fcrdigkeiten zu bieten. Alle interessanten Baudenkm\u00e4ler in der Altstadt liegen nahe zusammen, so da\u00df diese leicht durch einen kurzen Spaziergang erreichbar sind. Wir beginnen mit der Besichtigung der Altstadt mit der Metechi Kirche (13.Jh.) und dem Reiterstandbild des Stadtgr\u00fcnders Wachtang Gorgassali. Von hier aus hat man einen Blick auf den Flu\u00df Mtkwari, die Altstadt und die Umgebung Tbilissis.<\/p>\n<p>Danach unternehmen wir Fahrt mit der Seilbahn zur Narikala Festung, vorbei an den Schwefelb\u00e4dern, die abends fakultativ besucht werden k\u00f6nnen, dann zur Synagoge (Fotostop) und zur Hauptkirche, der Sioni Kathedrale, in der das Weinrebenkreuz der heiligen Nino \u2013 sie christianisierte Georgien \u2013 aufbewahrt wird. Weiter zur Antschischati- Kirche (6.Jh.), der \u00e4ltesten Kirche der Stadt. Abendessen in einem Gasthof , wobei wir bei der &nbsp;Zubereitung einiger&nbsp;Gerichte mitmachen. \u00dcbernachtung in Tbilissi im Hotel. (F\/-\/A)&nbsp;<\/p>\n<p><br><\/p>\n<\/div>\n<\/td>\n<\/tr>\n<tr>\n<td><strong>3. Tag \u2013 Tbilissi &#8211; Signagi &#8211; Kakabeti &#8211; Tbilissi&nbsp;<\/strong>&nbsp;<\/td>\n<td>\n<div style=\"margin-left: 40px;\"><br><\/div>\n<div style=\"margin-left: 40px;\"><p>Heute besuchen wir Kachetien, das bekannte Weinanbaugebiet Georgiens. Am Morgen fahren wir zum Nonnenkloster Bodbe (4-8. Jh.), wo die Apostelin Nino \u2013 sie christianisierte Georgien \u2013 begraben liegt. Danach machen wir einen Spaziergang durch die malerische Stadt Signagi. Die ganze Stadt ist mit einer Doppelmauer und 28 T\u00fcrmen umgeben. Die Mauer war das Symbol der Freistadt Signagi. Die H\u00e4user sind im klassischen-s\u00fcditalienischen Stil mit typisch georgischen Elementen gebaut. Das Mittagessen bei einer einheimischen Famile steht heute auch im Programm.<\/p>\n<p>Weiterfahrt nach Tbilissi. Wir machen einen Stopp f\u00fcr die Weinprobe in einem Weingut im Dorf. Hier werden wir Bio-Wein probieren. W\u00e4hrend der Weinprobe erleben wir den Auftritt eines S\u00e4ngerensembles, das uns den wundersch\u00f6nen Klang georgischer mehrstimmigen Lieder genie\u00dfen lassen. Nach der R\u00fcckkehr in Tbilissi haben wir noch Zeit zur freien Verf\u00fcgung. \u00dcbernachtung im Hotel. (F\/M\/-).<\/p>\n<p>&nbsp;<\/p>\n<\/div>\n<\/td>\n<\/tr>\n<tr>\n<td style=\"background-color: #d5ece6;\"><strong>4. Tag \u2013 &nbsp;Tbilissi &#8211; Mzcheta &#8211; Gergeti &#8211; Stephantsminda<\/strong><\/td>\n<td style=\"background-color: #d5ece6;\">\n<div style=\"margin-left: 40px;\"><br><\/div>\n<div style=\"margin-left: 40px;\">Am fr\u00fchen Morgen -Fahrt nach Mzcheta und Besichtigung der alten Haupstadt und des religi\u00f6sen Zentrums Georgiens (UNESCO Welterbe) mit der Dschwari Kirche (6.Jh.) und der Swetizc hoveli Kathedrale (11.Jh.). Weiterfahrt entlang der Georgischen Heerstra\u00dfe \u00fcber Kreuz-Pass nach Stephantsminda. Unterwegs \u2013 Besuch der Wehrkirche \u2013 Ananuri (17.Jh). Die Fahrt f\u00fchrt durch ein landschaftlich sehr reizvolles Gebiet in h\u00f6here Lagen des gro\u00dfen Kaukasus. Nach der Ankunft \u2013 Auffahrt mit den Gel\u00e4ndewagens zur Gergeti Kirche. Abendessen und \u00dcbernachtung in Stephantsminda (1700m) im Hotel. (F\/-\/A)&nbsp;<\/div>\n<div style=\"margin-left: 40px;\"><br><\/div>\n<\/td>\n<\/tr>\n<tr>\n<td><strong>5. Tag \u2013 &nbsp;Stephants minda &#8211; Borjomi&nbsp;<\/strong><\/td>\n<td>\n<div style=\"margin-left: 40px;\"><br><\/div>\n<div style=\"margin-left: 40px;\">Entlang der alten Seidenstra\u00dfe fahren wir heute in die Region Mescheti. Spaziergang im Borjomi Park und Besuch der Mineralwasserquelle. Abendessen und \u00dcbernachtung in Borjomi im Hotel. (F\/-\/A)<\/div>\n<div style=\"margin-left: 40px;\">&nbsp;&nbsp;<\/div>\n<\/td>\n<\/tr>\n<tr>\n<td style=\"background-color: #d5ece6;\"><strong>6. Tag \u2013 Borjomi &#8211; Wardsia &#8211; Borjomi&nbsp;<\/strong><\/td>\n<td style=\"background-color: #d5ece6;\">\n<div style=\"margin-left: 40px;\"><br><\/div>\n<div style=\"margin-left: 40px;\">Heute im Programm: Ausflug und Besuch der H\u00f6hlenstadt Wardsia, die aus&nbsp;3.000 H\u00f6hlenwohnungen bestand und \u00fcber 50.000 Menschen Unterschlupf bieten konnte. Errichtet wurde sie im Goldenen Zeitalter Georgiens im 12. Jahrhundert. K\u00fcnstlerisch ausgestaltete R\u00e4ume, verbunden durch lange G\u00e4nge, die alle von Menschenhand im Felsen vor \u00fcber 800 Jahren herausgehauen, dazu tropfendes eiskaltes Wasser aus dem nackten Fels und wundersch\u00f6ne Fresken. Mittagessen in einem Gasthof &nbsp;(Spetialit\u00e4t des Hauses: Forelle auf dem Spie\u00df). Unterwegs nach Wardsia machen wir Fotostop bei der Chertwisi \u2013 Festung (10.Jh.). R\u00fcckkehr nach Achalziche und \u00dcbernachtung im Hotel. (F\/M\/A).&nbsp;<\/div>\n<div style=\"margin-left: 40px;\"><br><\/div>\n<\/td>\n<\/tr>\n<tr>\n<td><strong>7. Tag \u2013 Borjomi &#8211; Khashuri &#8211; Batumi&nbsp;<\/strong><\/td>\n<td>\n<div style=\"margin-left: 40px;\"><br><\/div>\n<div style=\"margin-left: 40px;\">Wir fahren in die Hauptstadt von Adshara Region \u2013 Batumi an der Schwarzmeerk\u00fcste. W\u00e4hrend des gem\u00fctlichen Spazierganges besucht man zuerst Piazzaplatz, der als Symbol von Batumi genannt werden kann. Da bewundert man die herrlichen Mosaiken und Verglasungen. Weiter geht\u2019s Richrung Era&nbsp;Platz, wo man neben anderen sch\u00f6nen Geb\u00e4uden eine alte astrologische Uhr und das Denkmal von Medea, der ber\u00fchmtesten Georgierin, sehen kann. Danach Fahrt zur Marienkathedrale, die am Anfang als eine katholische Kirche gebaut wurde. Dann freie Zeit bis zum Abendessen. Abendessen in einem georgischen Restaurant. \u00dcbernachtung in Batumi im Hotel. (F\/-\/A)&nbsp;<\/div>\n<div style=\"margin-left: 40px;\"><br><\/div>\n<\/td>\n<\/tr>\n<tr>\n<td style=\"background-color: #d5ece6;\"><strong>8. Tag \u2013 Batumi<\/strong>&nbsp;<\/td>\n<td style=\"background-color: #d5ece6;\">\n<div style=\"margin-left: 40px;\"><br><\/div>\n<div style=\"margin-left: 40px;\">Batumi ist eine Hafenstadt am Schwarzen Meer und die Hauptstadt der georgischen Republik Adscharien. &nbsp;Auf dem 130 m hohen, mit georgischer Schrift verzierten Alphabetischen Turm befindet sich eine Aussichtsplattform mit Meerblick. Die Altstadt ist mit restaurierten Geb\u00e4uden aus dem 19. Jahrhundert ges\u00e4umt. Im Norden der Stadt liegt der Botanische Garten. Am Morgen fahren wir zur gef\u00fchrten Besichtigung des Botanischen Gartens, wo man mehr als 5.000 Pflanzenarten aus der ganzen Welt entdecken kann. Danach Zeit zur freien Verf\u00fcgung, ob f\u00fcr einen Spaziergang auf der Uferpromenade&nbsp;ob die Sonne zu tanken am Strand, Batumi ist der richtige Ort f\u00fcr optimalen Genuss. \u00dcbernachtung in Batumi im Hotel. (F\/-\/-)<\/div>\n<div style=\"margin-left: 40px;\">&nbsp;&nbsp;<\/div>\n<\/td>\n<\/tr>\n<tr>\n<td><strong>9. Tag \u2013 Batumi &#8211;&nbsp; Tbilissi&nbsp;<\/strong><\/td>\n<td>\n<div style=\"margin-left: 40px;\"><br><\/div>\n<div style=\"margin-left: 40px;\">Wir fahren heute mit dem Zug (2.Klasse, Fahrtdauer ca. 5 Stunden) von Batumi nach Tbilissi. &nbsp;Die gro\u00dfen Panoramafenster laden dazu ein, die spektakul\u00e4ren Aussichten entlang der Strecke zu bewundern. Ankunft in Tbilissi gegen Mittag und Transfer zum Hotel. Freier Nachmittag in der Stadt, hier ist noch vieles zu entdecken! \u00dcbernachtung in Tbilissi im Hotel. (F\/-\/-)&nbsp;&nbsp;<\/div>\n<div style=\"margin-left: 40px;\"><br><\/div>\n<\/td>\n<\/tr>\n<tr>\n<td style=\"background-color: #d5ece6;\"><strong><br>10. Tag \u2013 Tbilissi \u2013 Abreise<\/strong>&nbsp;<\/td>\n<td style=\"background-color: #d5ece6;\">\n<div style=\"margin-left: 40px;\">Transfer zum Flughafen. R\u00fcckflug&nbsp;&nbsp;<\/div>\n<\/td>\n<\/tr>\n<\/tbody>\n<\/table>\t\t\t\t\t\t\t\t<\/div>\n\t\t\t\t<\/div>\n\t\t\t\t\t<\/div>\n\t\t<\/div>\n\t\t\t\t\t<\/div>\n\t\t<\/section>\n\t\t\t\t<section class=\"elementor-section elementor-top-section elementor-element elementor-element-712f406 elementor-section-boxed elementor-section-height-default elementor-section-height-default\" data-id=\"712f406\" data-element_type=\"section\">\n\t\t\t\t\t\t<div class=\"elementor-container elementor-column-gap-default\">\n\t\t\t\t\t<div class=\"elementor-column elementor-col-100 elementor-top-column elementor-element elementor-element-6b0ba61\" data-id=\"6b0ba61\" data-element_type=\"column\">\n\t\t\t<div class=\"elementor-widget-wrap elementor-element-populated\">\n\t\t\t\t\t\t<div class=\"elementor-element elementor-element-b0542dc elementor-widget-divider--view-line elementor-widget elementor-widget-divider\" data-id=\"b0542dc\" data-element_type=\"widget\" data-widget_type=\"divider.default\">\n\t\t\t\t<div class=\"elementor-widget-container\">\n\t\t\t\t\t\t\t<div class=\"elementor-divider\">\n\t\t\t<span class=\"elementor-divider-separator\">\n\t\t\t\t\t\t<\/span>\n\t\t<\/div>\n\t\t\t\t\t\t<\/div>\n\t\t\t\t<\/div>\n\t\t\t\t\t<\/div>\n\t\t<\/div>\n\t\t\t\t\t<\/div>\n\t\t<\/section>\n\t\t\t\t<section class=\"elementor-section elementor-top-section elementor-element elementor-element-fc43ee1 elementor-section-boxed elementor-section-height-default elementor-section-height-default\" data-id=\"fc43ee1\" data-element_type=\"section\">\n\t\t\t\t\t\t<div class=\"elementor-container elementor-column-gap-default\">\n\t\t\t\t\t<div class=\"elementor-column elementor-col-100 elementor-top-column elementor-element elementor-element-fc1a32c\" data-id=\"fc1a32c\" data-element_type=\"column\">\n\t\t\t<div class=\"elementor-widget-wrap elementor-element-populated\">\n\t\t\t\t\t\t<div class=\"elementor-element elementor-element-984cdd6 elementor-widget elementor-widget-text-editor\" data-id=\"984cdd6\" data-element_type=\"widget\" data-widget_type=\"text-editor.default\">\n\t\t\t\t<div class=\"elementor-widget-container\">\n\t\t\t\t\t\t\t\t\t<p>Ihre Touranfrage k\u00f6nnen Sie uns gerne per E-Mail an\u00a0<strong>gruppen@pulexpress.de<\/strong>\u00a0senden.<\/p><p>F\u00fcr eine pers\u00f6nliche Beratung stehen wir Ihnen auch telefonisch zur Verf\u00fcgung \u2013 werktags zwischen 09:00 und 13:00 Uhr unter\u00a0<strong>+49 (0)30 887 147 55<\/strong>.<\/p><p><strong>Reiseagenturen erhalten 9% Provision<\/strong><\/p><p><a href=\"https:\/\/maxtixfare.de\/ru\/agb-pauschalreisen\/\" target=\"_blank\" rel=\"noopener\"><strong>AGB-Pauschalreisen<\/strong><\/a><\/p>\t\t\t\t\t\t\t\t<\/div>\n\t\t\t\t<\/div>\n\t\t\t\t\t<\/div>\n\t\t<\/div>\n\t\t\t\t\t<\/div>\n\t\t<\/section>\n\t\t\t\t<\/div>","protected":false},"excerpt":{"rendered":"<p>Flyer &#8211; St\u00e4dtereise | Georgien: Geniesser 10 Tage: PDF Eingeschlossene Leistungen&nbsp; &nbsp; Alle Transfers laut Programm mit einem modernen und klimatisierten Auto \/ Minibus \/ Reisebus&nbsp; Besuch der Sehensw\u00fcrdigkeiten der UNESCO Welterbe&nbsp; \u00dcbernachtungen in DZ mit DU\/WC&nbsp; Verpflegung laut Programm&nbsp; Professionelle deutschsprechende Reiseleitung w\u00e4hrend der Gesamtreise lt. Ausschreibung Mindestteilnehmerzahl: ab 2 Personen&nbsp; &nbsp; &nbsp; Hotels&nbsp; &nbsp; \u201cHoliday Inn Express\u201c 3* [&hellip;]<\/p>","protected":false},"author":3527,"featured_media":0,"parent":0,"menu_order":0,"comment_status":"closed","ping_status":"closed","template":"page-templates\/full-width.php","meta":{"_acf_changed":false,"_bbp_topic_count":0,"_bbp_reply_count":0,"_bbp_total_topic_count":0,"_bbp_total_reply_count":0,"_bbp_voice_count":0,"_bbp_anonymous_reply_count":0,"_bbp_topic_count_hidden":0,"_bbp_reply_count_hidden":0,"_bbp_forum_subforum_count":0,"footnotes":""},"class_list":["post-20553","page","type-page","status-publish","hentry"],"acf":[],"_links":{"self":[{"href":"https:\/\/maxtixfare.de\/ru\/wp-json\/wp\/v2\/pages\/20553","targetHints":{"allow":["GET"]}}],"collection":[{"href":"https:\/\/maxtixfare.de\/ru\/wp-json\/wp\/v2\/pages"}],"about":[{"href":"https:\/\/maxtixfare.de\/ru\/wp-json\/wp\/v2\/types\/page"}],"author":[{"embeddable":true,"href":"https:\/\/maxtixfare.de\/ru\/wp-json\/wp\/v2\/users\/3527"}],"replies":[{"embeddable":true,"href":"https:\/\/maxtixfare.de\/ru\/wp-json\/wp\/v2\/comments?post=20553"}],"version-history":[{"count":19,"href":"https:\/\/maxtixfare.de\/ru\/wp-json\/wp\/v2\/pages\/20553\/revisions"}],"predecessor-version":[{"id":22686,"href":"https:\/\/maxtixfare.de\/ru\/wp-json\/wp\/v2\/pages\/20553\/revisions\/22686"}],"wp:attachment":[{"href":"https:\/\/maxtixfare.de\/ru\/wp-json\/wp\/v2\/media?parent=20553"}],"curies":[{"name":"wp","href":"https:\/\/api.w.org\/{rel}","templated":true}]}}