{"id":22036,"date":"2025-03-24T14:03:49","date_gmt":"2025-03-24T14:03:49","guid":{"rendered":"https:\/\/maxtixfare.de\/?page_id=22036"},"modified":"2025-07-16T11:47:48","modified_gmt":"2025-07-16T11:47:48","slug":"staedtereisen-armenien-und-georgien-zubucherreise-9-tage","status":"publish","type":"page","link":"https:\/\/maxtixfare.de\/ru\/staedtereisen-armenien-und-georgien-zubucherreise-9-tage\/","title":{"rendered":"St\u00e4dtereisen | Armenien und Georgien: Zubucherreise 9 Tage"},"content":{"rendered":"<div data-elementor-type=\"wp-page\" data-elementor-id=\"22036\" class=\"elementor elementor-22036\" data-elementor-post-type=\"page\">\n\t\t\t\t\t\t<section class=\"elementor-section elementor-top-section elementor-element elementor-element-ae6bd1d elementor-section-boxed elementor-section-height-default elementor-section-height-default\" data-id=\"ae6bd1d\" data-element_type=\"section\">\n\t\t\t\t\t\t<div class=\"elementor-container elementor-column-gap-default\">\n\t\t\t\t\t<div class=\"elementor-column elementor-col-100 elementor-top-column elementor-element elementor-element-4319ef7\" data-id=\"4319ef7\" data-element_type=\"column\">\n\t\t\t<div class=\"elementor-widget-wrap elementor-element-populated\">\n\t\t\t\t\t\t<div class=\"elementor-element elementor-element-2c619ea elementor-widget elementor-widget-text-editor\" data-id=\"2c619ea\" data-element_type=\"widget\" data-widget_type=\"text-editor.default\">\n\t\t\t\t<div class=\"elementor-widget-container\">\n\t\t\t\t\t\t\t\t\t<h2>Flyer &#8211; St\u00e4dtereise | Armenien und Georgien: Zubucherreise 9 Tage:\u00a0 <a href=\"https:\/\/maxtixfare.de\/wp-content\/uploads\/2025\/03\/2025_Ruvera_Armenien-Georgien-Zubucherreise_9Tage.pdf\" target=\"_blank\" rel=\"noopener\">PDF\u00a0<\/a><\/h2>\t\t\t\t\t\t\t\t<\/div>\n\t\t\t\t<\/div>\n\t\t\t\t\t<\/div>\n\t\t<\/div>\n\t\t\t\t\t<\/div>\n\t\t<\/section>\n\t\t\t\t<section class=\"elementor-section elementor-top-section elementor-element elementor-element-7584554 elementor-section-boxed elementor-section-height-default elementor-section-height-default\" data-id=\"7584554\" data-element_type=\"section\">\n\t\t\t\t\t\t<div class=\"elementor-container elementor-column-gap-default\">\n\t\t\t\t\t<div class=\"elementor-column elementor-col-100 elementor-top-column elementor-element elementor-element-487cf2c\" data-id=\"487cf2c\" data-element_type=\"column\">\n\t\t\t<div class=\"elementor-widget-wrap elementor-element-populated\">\n\t\t\t\t\t\t<div class=\"elementor-element elementor-element-d9f4106 elementor-widget elementor-widget-image\" data-id=\"d9f4106\" data-element_type=\"widget\" data-widget_type=\"image.default\">\n\t\t\t\t<div class=\"elementor-widget-container\">\n\t\t\t\t\t\t\t\t\t\t\t\t\t\t\t<img fetchpriority=\"high\" decoding=\"async\" width=\"1024\" height=\"727\" src=\"https:\/\/maxtixfare.de\/wp-content\/uploads\/2025\/03\/2025_Ruvera_Armenien-Georgien-Zubucherreise_9Tage-1-1024x727.jpg\" class=\"attachment-large size-large wp-image-22045\" alt=\"Zubucherreise Usbekistan 2025 \u2013 8 Tage \u2013 Druckversion\" srcset=\"https:\/\/maxtixfare.de\/wp-content\/uploads\/2025\/03\/2025_Ruvera_Armenien-Georgien-Zubucherreise_9Tage-1-1024x727.jpg 1024w, https:\/\/maxtixfare.de\/wp-content\/uploads\/2025\/03\/2025_Ruvera_Armenien-Georgien-Zubucherreise_9Tage-1-300x213.jpg 300w, https:\/\/maxtixfare.de\/wp-content\/uploads\/2025\/03\/2025_Ruvera_Armenien-Georgien-Zubucherreise_9Tage-1-768x545.jpg 768w, https:\/\/maxtixfare.de\/wp-content\/uploads\/2025\/03\/2025_Ruvera_Armenien-Georgien-Zubucherreise_9Tage-1-1536x1090.jpg 1536w, https:\/\/maxtixfare.de\/wp-content\/uploads\/2025\/03\/2025_Ruvera_Armenien-Georgien-Zubucherreise_9Tage-1-2048x1453.jpg 2048w, https:\/\/maxtixfare.de\/wp-content\/uploads\/2025\/03\/2025_Ruvera_Armenien-Georgien-Zubucherreise_9Tage-1-18x12.jpg 18w, https:\/\/maxtixfare.de\/wp-content\/uploads\/2025\/03\/2025_Ruvera_Armenien-Georgien-Zubucherreise_9Tage-1-672x477.jpg 672w, https:\/\/maxtixfare.de\/wp-content\/uploads\/2025\/03\/2025_Ruvera_Armenien-Georgien-Zubucherreise_9Tage-1-1038x737.jpg 1038w, https:\/\/maxtixfare.de\/wp-content\/uploads\/2025\/03\/2025_Ruvera_Armenien-Georgien-Zubucherreise_9Tage-1-480x341.jpg 480w\" sizes=\"(max-width: 1024px) 100vw, 1024px\" \/>\t\t\t\t\t\t\t\t\t\t\t\t\t\t\t<\/div>\n\t\t\t\t<\/div>\n\t\t\t\t\t<\/div>\n\t\t<\/div>\n\t\t\t\t\t<\/div>\n\t\t<\/section>\n\t\t\t\t<section class=\"elementor-section elementor-top-section elementor-element elementor-element-1dd2779 elementor-section-boxed elementor-section-height-default elementor-section-height-default\" data-id=\"1dd2779\" data-element_type=\"section\">\n\t\t\t\t\t\t<div class=\"elementor-container elementor-column-gap-default\">\n\t\t\t\t\t<div class=\"elementor-column elementor-col-100 elementor-top-column elementor-element elementor-element-da76843\" data-id=\"da76843\" data-element_type=\"column\">\n\t\t\t<div class=\"elementor-widget-wrap elementor-element-populated\">\n\t\t\t\t\t\t<div class=\"elementor-element elementor-element-9202cbc elementor-widget elementor-widget-text-editor\" data-id=\"9202cbc\" data-element_type=\"widget\" data-widget_type=\"text-editor.default\">\n\t\t\t\t<div class=\"elementor-widget-container\">\n\t\t\t\t\t\t\t\t\t<table cellspacing=\"1\" cellpadding=\"1\">\n<tbody>\n<tr>\n<td><strong><span style=\"font-size: 18px;\"><span style=\"background-color: #ffffff;\">Eingeschlossene Leistungen<br><br><\/span><\/span><\/strong><\/td>\n<td>&nbsp;<\/td>\n<\/tr>\n<tr>\n<td>\n<ul>\n<li>Transfers und Fahrten gem\u00e4\u00df dem Programm&nbsp;<\/li>\n<\/ul>\n<\/td>\n<td>\n<ul>\n<li>Deutschsprachiger, \u00f6rtlicher Reiseleiter w\u00e4hrend der gesamten Reise<\/li>\n<\/ul>\n<\/td>\n<\/tr>\n<tr>\n<td>\n<ul>\n<li>4 x \u00dcbernachtung im Hotel in Jerewan&nbsp;&nbsp;<\/li>\n<\/ul>\n<\/td>\n<td>\n<ul>\n<li>Alle Eintrittsgeb\u00fchren und lokale F\u00fchrer gem\u00e4\u00df dem Programm<\/li>\n<\/ul>\n<\/td>\n<\/tr>\n<tr>\n<td>\n<ul>\n<li>4 x \u00dcbernachtung im Hotel in Tbilisi&nbsp;<\/li>\n<\/ul>\n<\/td>\n<td>\n<ul>\n<li>1 Flasche Mineralwasser pro Tag und Person<\/li>\n<\/ul>\n<\/td>\n<\/tr>\n<tr>\n<td>\n<ul>\n<li>8 x Fr\u00fchst\u00fcck im Hotel&nbsp;<\/li>\n<\/ul>\n<\/td>\n<td>\n<ul>\n<li>1 x Weinverkostung in Areni<\/li>\n<\/ul>\n<\/td>\n<\/tr>\n<tr>\n<td>&nbsp;<\/td>\n<td>&nbsp;<\/td>\n<\/tr>\n<tr>\n<td><strong><span style=\"font-size: 18px;\"><span style=\"background-color: #ffffff;\">Nicht im Paketpreis eingeschlossene Leistungen<br><\/span><\/span><\/strong>&nbsp;<\/td>\n<td>&nbsp;<\/td>\n<\/tr>\n<tr>\n<td>\u2022 Flugtickets<br>\u2022 Mittag- und Abendessen<br>\u2022 Alkoholische Getr\u00e4nke<\/td>\n<td>\u2022 Reiseversicherung und Visa<br>\u2022 Trinkgelder<br>\u2022 Sonstige Aktivit\u00e4ten, die nicht im Programm erw\u00e4hnt sind<\/td>\n<\/tr>\n<tr>\n<td>&nbsp;<\/td>\n<td>&nbsp;<\/td>\n<\/tr>\n<tr>\n<td><strong><span style=\"font-size: 18px;\"><span style=\"background-color: #ffffff;\">Preis p. P. im DZ\/EUR<\/span><\/span><\/strong>&nbsp;<\/td>\n<td>&nbsp;<\/td>\n<\/tr>\n<tr>\n<td>\n<ul>\n<li>im 3*-Hotel: &nbsp;1.606,00;&nbsp;EZ-Zuschlag: &nbsp;277,00&nbsp;<\/li>\n<li>im 4*-Hotel: &nbsp;1.748,00;&nbsp; EZ-Zuschlag: &nbsp;315,00&nbsp;<\/li>\n<\/ul>\n<\/td>\n<td>\n<ul>\n<li>Zuschlag f\u00fcr 1 x Mittagessen (M) &nbsp;in Armenien: 22,00<\/li>\n<li>Zuschlag f\u00fcr 1 x Abendessen (A) &nbsp;in Armenien: 28,00&nbsp;<\/li>\n<li>Zuschlag f\u00fcr 1 x Mittagessen (M) &nbsp;in Georgien: 32,00<\/li>\n<li>Zuschlag f\u00fcr 1 x Abendessen (A) &nbsp;in Georgien: 34,00<\/li>\n<\/ul>\n<\/td>\n<\/tr>\n<\/tbody>\n<\/table>\n<p><br><\/p>\n<div>\n<table cellspacing=\"1\" cellpadding=\"1\">\n<tbody>\n<tr>\n<td><strong><span style=\"font-size: 18px;\">Reisetermine 2025<\/span><\/strong><\/td>\n<td>&nbsp;<\/td>\n<td>&nbsp;<\/td>\n<\/tr>\n<tr>\n<td>10.-18.05. &amp; 24.-01.06.<br>07.-15.06. &amp; 21.-29.06.<\/td>\n<td><br><br>05.-13.07. &amp; 19.-27.07.&nbsp;<br>02.-10.08. &amp; 16.-24.08. &amp; 30.08.-07.09.<br><br>&nbsp;<\/td>\n<td>13.-21.09. &amp; 27.09.-05.10.<br>11.-19.10. &amp; 25.10.-02.11.&nbsp;<\/td>\n<\/tr>\n<\/tbody>\n<\/table>\n<table cellspacing=\"1\" cellpadding=\"1\">\n<tbody>\n<tr>\n<td><strong><span style=\"font-size: 18px;\">Reiseverlauf<\/span><\/strong><\/td>\n<td>&nbsp;<\/td>\n<\/tr>\n<tr>\n<td><br><strong>1. Tag&nbsp;<\/strong><br>Ankunft am Flughafen Zvartnots in Jerewan und Check-\u00adin&nbsp;&nbsp;im Hotel&nbsp;&nbsp;<br>&nbsp;<\/td>\n<td>\n<p style=\"margin-left: 40px;\">Willkommen in Jerewan! Ankunft am Flughafen Zvartnots. Begr\u00fc\u00dfung durch den \u00f6rtlichen Reiseleiter. Transfer zum Hotel. \u00dcbernachtung im Hotel in Jerewan.<\/p>\n<\/td>\n<\/tr>\n<tr>\n<td style=\"background-color: #d5ece6;\"><br><strong>2. Tag \u2013 100 km lang, 09.-\u00ad17.00 h&nbsp;<\/strong><br><em>Jerewan\u00ad Citytour \u2022 Tsitsernakaberd &nbsp; \u2022 Edschmiatsin \u2022 Zvartnots&nbsp;<\/em><br>\u00dcbernachtung in Jerewan F\/\u00ad\/<br>&nbsp;<\/td>\n<td style=\"background-color: #d5ece6;\">\n<div style=\"margin-left: 40px;\"><br>Nach dem Fr\u00fchst\u00fcck beginnen wir gleich mit einer Entdeckungstour durch Jerewan. Die 2800 Jahre alte Hauptstadt von Armenien bietet eine einzigartige Mischung aus Geschichte und Moderne. Beginnen Sie Ihren Tag am Platz der Republik, einem imposanten Platz, der von majest\u00e4tischen Geb\u00e4uden und Brunnen umgeben ist. Schlendern Sie die Abovian-Stra\u00dfe entlang, vorbei an charmanten Caf\u00e9s und Boutiquen, um die pulsierende Atmo sph\u00e4re der Stadt zu sp\u00fcren.<br><br>Die Kaskaden, ein beeindruckendes Ensemble von Treppen mit Kunstinstallationen, bieten einen atemberaubenden Blick auf Jerewan und sind ein Muss. Das Tsitsernakaberd ist eine eindrucksvolle Gedenkst\u00e4tte zum Gedenken an die Opfer des armenischen V\u00f6lkermordes von 1915. Danach fahren Sie nach Edschmiatsin, das nur 20 km von Jerewan entfernt liegt. Edschmiatsin ist das religi\u00f6se Zentrum der Armenier und Sitz des Katholikos der Armenisch-Apostolischen Kirche.&nbsp;<br><br>Die Hauptkathedrale geh\u00f6rt zum UNESCO-Weltkulturerbe und ist eines der \u00e4ltesten christlichen Denkm\u00e4ler der Welt. Ihre Geschichte geht auf das Jahr 301 zur\u00fcck, als Armenien als erstes Land das Christen tum zur Staatsreligion erkl\u00e4rte. Auf dem R\u00fcckweg besuchen Sie die Ruinen der Zvartnots-Kathedrale. Die ZvartnotsKathedrale ist eine faszinierende arch\u00e4ologische St\u00e4tte in Armenien, die einst eine majest\u00e4tische Kathedrale aus dem 7. Jahrhundert war und au\u00dfergew\u00f6hnliche architektonische Qualit\u00e4ten aufwies und ebenfalls des UNESCOWeltkulturerbes ist. \u00dcbernachtung in Jerewan.<br>&nbsp;<\/div>\n<\/td>\n<\/tr>\n<tr>\n<td><br><strong>3. Tag \u2013 270 km lang, 09.\u00ad-17.00 h&nbsp;<\/strong><br><em>Khor Virap \u2022 Areni \u2022 Noravank<span style=\"color: #019879;\">&nbsp;<\/span><\/em><br>\u00dcbernachtung in Jerewan F\/\u00ad\/<\/td>\n<td>\n<div style=\"margin-left: 40px;\"><br>Nach dem Fr\u00fchst\u00fcck geht es gleich los durch das fruchtbare Ararat-Tal bis zur t\u00fcrkisch-armenischen Grenze, zum Kloster Khor-Virap (4. Jh.). Das ist der Ort, wo, der Legende nach, Gregor der Erleuchter in einer tiefen Grube 13 Jahre \u00fcberlebt hat. Die Mutigen k\u00f6nnen in die Grube hinabsteigen. Vom Kloster&nbsp;aus haben Sie einen herrlichen Blick auf den biblischen Berg Ararat, auf dem die Arche Noah gelandet ist.<br><br>Es geht weiter in den S\u00fcden, in die Weinregion Areni, wo vor einigen Jahren der \u00e4lteste Schuh, sowie die \u00e4lteste Weinpresse der Welt entdeckt wurden. Bei einem lokalen Weinhersteller k\u00f6nnen Sie Weine der Region verkosten und einiges \u00fcber die Herstellungsmethoden erfahren.<br><br>10 km entfernt, in der engen Schlucht von Amaghu, liegt der Klosterkomplex von Noravank aus dem 13. Jh., wo Sie Meisterwerke des namhaften Architekten Momik bestaunen k\u00f6nnen. &nbsp;Die roten Klippen im Hintergrund bilden eine herrliche Kulisse, und wenn Sie Gl\u00fcck haben, dann k\u00f6nnen Sie zwischen den Felsen eine Bezoarziegenherde ent decken.&nbsp; \u00dcbernachtung in Jerewan.&nbsp;<br>&nbsp;<\/div>\n<\/td>\n<\/tr>\n<tr>\n<td style=\"background-color: #d5ece6;\"><br><strong>4. Tag \u2013 90 km lang,&nbsp;09.\u00ad-17.00 h<\/strong><br><em>Garni \u2022 Geghard \u2022 GUM\u00adMarkt&nbsp;<\/em><br>\u00dcbernachtung in Jerewan F\/\u00ad\/<br>&nbsp;<\/td>\n<td style=\"background-color: #d5ece6;\">\n<div style=\"margin-left: 40px;\"><br>Nach dem Fr\u00fchst\u00fcck fahren Sie in die Region von Kotayk. Auf einem Sockel hoch \u00fcber der Azat-Schlucht steht der einzige in dieser Region erhaltene hellenistische Tempel von Garni. Dieses beeindruckende architektonische Juwel wurde im 1. Jahrhundert n. Chr. erbaut und ist ein bemerkenswertes Beispiel f\u00fcr hellenistische Architektur.<br><br>Anschlie\u00dfend fahren Sie zu einem weiteren verborgenen Juwel armenischer Architektur, das 50 km von Jerewan entfernt am Ende der AzatSchlucht liegt: das Kloster Geghard. Hier erfahren Sie mehr \u00fcber die Legenden um die Lage des Klosters und das Quellwasser, das innerhalb der Kloster mauern entspringt und f\u00fcr seine heilende Wirkung bekannt ist. Zur\u00fcck in Jerewan besuchen wir den Lebensmittelmarkt, wo Sie allerlei frische und getrocknete Fr\u00fcchte, &nbsp;N\u00fcsse und Gew\u00fcrze probieren und nach Belieben einkaufen k\u00f6nnen. \u00dcbernachtung in Jerewan.<br>&nbsp;<\/div>\n<\/td>\n<\/tr>\n<tr>\n<td><br><strong>5. Tag \u2013 340 km lang,&nbsp;09.\u00ad-17.00 h&nbsp;<\/strong><br><em>Sevan \u2022 Dilidschan \u2022 Goshavank&nbsp;\u2022 Tbilisi&nbsp;<\/em><br>\u00dcbernachtung in Tbilisi F\/-\/<br>&nbsp;<\/td>\n<td>\n<div style=\"margin-left: 40px;\"><br>Nach dem Fr\u00fchst\u00fcck geht die Reise zum Sevan-See, die \u201cBlaue Perle\u201d Armeniens. Oft als \u201cJuwel Armeniens\u201d bezeichnet, ist der Sevan-See der zweitgr\u00f6\u00dfte Hochgebirgssee der Welt und ein atemberaubendes Naturwunder. Inmitten malerischer Landschaften gelegen, bietet der See einzigartige Ausblicke und ist ein beliebtes Ziel f\u00fcr Einheimische und Touristen gleicherma\u00dfen. Das auf einer Halbinsel gelegene Sevanavank-Kloster verleiht ihm zus\u00e4tzliche historische und kulturelle Bedeutung.<br><br>Ihr n\u00e4chstes Ziel ist Dilidschan, eine malerische und idyllische Stadt in Armenien. Die \u00fcppig gr\u00fcne Umgebung mit dichten W\u00e4ldern und ruhigen Seen schafft eine entspannte Atmosph\u00e4re. Die Architektur der Stadt,&nbsp;die von charmanten Holzhbauten gepr\u00e4gt ist, spiegelt ihre historische Bedeutung und ihr k\u00fcnstlerisches Erbe wider. Anschlie\u00dfend besuchen wir die Klosteranlage Goshavank (12. bis 13. Jahrhundert), die sich im Gebiet des Dilijan-Nationalparks befindet und eines der ber\u00fchmten religi\u00f6sen, p\u00e4dagogischen und kulturellen Zentren des war. Die Reise in Armenien neigt sich dem Ende zu und es geht weiter zur armenisch-georgischen Grenze, wo Sie bereits erwartet werden. Die Fahrt geht weiter nach Tbilisi. \u00dcbernachtung in Tbilisi.&nbsp;<br>&nbsp;<\/div>\n<\/td>\n<\/tr>\n<tr>\n<td style=\"background-color: #d5ece6;\"><br><strong>6. Tag \u2013 60 km lang,&nbsp;09.\u00ad-17.00 h<\/strong><br><em>Mzcheta \u2022 Tbilisi City-Tour&nbsp;<\/em><br>\u00dcbernachtung in Tbilisi F\/-\/<\/td>\n<td style=\"background-color: #d5ece6;\">\n<div style=\"margin-left: 40px;\"><br>Nach dem Fr\u00fchst\u00fcck Ausflug nach Mzcheta, der alten Hauptstadt Geor giens und UNESCOWeltkulturerbe. Wir besichtigen die Dschwari-Kirche aus dem 6. Jahrhundert, von der aus sich ein herrlicher Blick auf Mzcheta und den&nbsp;Zusammenfluss von Mtkvari und Aragvi bietet. Anschlie\u00dfend besuchen wir die Svetits khoveli-Kathedrale, wo das Gedand Christi begraben sein soll. Danach erkunden wir Tiflis, die heutige Hauptstadt. Sie entdecken die Altstadt mit den Schwefel b\u00e4dern, der Metechi-Kirche am Ufer des Mtkvari, den Maidan-Platz und die Narikala-Festung, von der Sie nach einer Seilbahnfahrt ein herrliches Panorama genie\u00dfen.&nbsp;<br><br>Zu Fu\u00df kehren wir in die Stadt zur\u00fcck und spazieren durch die charmanten Stra\u00dfen Chardiny und Leselidze. Im historischen National museum bestaunen wir die Goldsch\u00e4tze (montags geschlossen). Ein Spaziergang entlang der Rustaweli-Avenue f\u00fchrt uns zu kulturellen Highlights wie dem Opern- und Balletttheater, dem Parlament und der National galerie. &nbsp;\u00dcbernachtung in Tbilisi.<br>&nbsp;<\/div>\n<\/td>\n<\/tr>\n<tr>\n<td><strong>7. Tag \u2013 320&nbsp;km lang,&nbsp;09.\u00ad-17.00 h<\/strong><br><em>Ananuri \u2022 Kazbegi<\/em><br>\u00dcbernachtung in Tbilisi F\/-\/<\/td>\n<td>\n<div style=\"margin-left: 40px;\"><br>Nach dem Fr\u00fchst\u00fcck Abfahrt nach Kazbegi. Nach \u00dcberquerung des Dschwari-Passes (2379 m) erreichen wir unser Ziel. Vom Zentrum Kazbegis fahren wir mit Gel\u00e4nde wagen zur hochgelegenen Gergeti-Dreifaltigkeitskirche (2170 m \u00fcber dem Meeresspiegel). Bei gutem Wetter bietet sich ein beeindruckender Blick auf den Kazbek, den zweith\u00f6chsten Gipfel Georgiens (5049 m). Auf dem R\u00fcckweg nach Tiflis besichtigen wir die Festung Ananuri aus dem 17. Jahrhundert, malerisch am Jinvali-Stausee gelegen. \u00dcbernachtung in Tbilisi.<br>&nbsp;<\/div>\n<\/td>\n<\/tr>\n<tr>\n<td style=\"background-color: #d5ece6;\"><br><strong>8. Tag \u2013 320&nbsp;km lang,&nbsp;09.\u00ad-17.00 h<\/strong><br><em>Bodbe \u2022 Sighnaghi \u2022 Lagodekhi&nbsp;<\/em><br>\u00dcbernachtung in Tbilisi F\/-\/&nbsp;<\/td>\n<td style=\"background-color: #d5ece6;\">\n<div style=\"margin-left: 40px;\"><br>Nach dem Fr\u00fchst\u00fcck fahren wir in Richtung S\u00fcden nach Kachetien. &nbsp;<br>Wir werden Sighnaghi erkunden, eine malerische Stadt mit Blick auf das atemberaubende Alazani-Tal. Sighnaghi, auch bekannt als \u201eStadt der Liebe\u201c, ist ber\u00fchmt f\u00fcr seine charmanten Kopfsteinpflaster stra\u00dfen und seine sch\u00f6ne Architektur. Wir setzen unsere Reise zum Kloster Bodbe fort.<br><br>An der Stelle des ehemaligen Klosters befindet sich heute ein Nonnenkloster, und die zum Kloster geh\u00f6rende St.-Georgs-Kathe drale beherbergt die sterblichen \u00dcberreste des Heiligen Nino, der im 4. Jahr hundert das Christentum nach Georgien brachte. Inmitten \u00fcppiger Weinberge und G\u00e4rten strahlt dieses Kloster ein Gef\u00fchl von Frieden und Ruhe aus. Nach unserem erlebnisvollen Programm in Kachetien fahren wir in die Hauptstadt Tbilisi. &nbsp;\u00dcbernachtung in Tbilisi.<br>&nbsp;&nbsp;<\/div>\n<\/td>\n<\/tr>\n<tr>\n<td><br><strong>9. Tag \u2013 &nbsp;Abreisetag&nbsp;<\/strong><br>F\/-\/&nbsp;<\/td>\n<td>\n<div style=\"margin-left: 40px;\">Transfer zum Flughafen. R\u00fcckflug<\/div>\n<\/td>\n<\/tr>\n<\/tbody>\n<\/table>\n<p><br><\/p>\n<\/div>\n<div><br><\/div>\t\t\t\t\t\t\t\t<\/div>\n\t\t\t\t<\/div>\n\t\t\t\t\t<\/div>\n\t\t<\/div>\n\t\t\t\t\t<\/div>\n\t\t<\/section>\n\t\t\t\t<section class=\"elementor-section elementor-top-section elementor-element elementor-element-cb1cb43 elementor-section-boxed elementor-section-height-default elementor-section-height-default\" data-id=\"cb1cb43\" data-element_type=\"section\">\n\t\t\t\t\t\t<div class=\"elementor-container elementor-column-gap-default\">\n\t\t\t\t\t<div class=\"elementor-column elementor-col-100 elementor-top-column elementor-element elementor-element-151ad4f\" data-id=\"151ad4f\" data-element_type=\"column\">\n\t\t\t<div class=\"elementor-widget-wrap elementor-element-populated\">\n\t\t\t\t\t\t<div class=\"elementor-element elementor-element-3e97bb6 elementor-widget-divider--view-line elementor-widget elementor-widget-divider\" data-id=\"3e97bb6\" data-element_type=\"widget\" data-widget_type=\"divider.default\">\n\t\t\t\t<div class=\"elementor-widget-container\">\n\t\t\t\t\t\t\t<div class=\"elementor-divider\">\n\t\t\t<span class=\"elementor-divider-separator\">\n\t\t\t\t\t\t<\/span>\n\t\t<\/div>\n\t\t\t\t\t\t<\/div>\n\t\t\t\t<\/div>\n\t\t\t\t\t<\/div>\n\t\t<\/div>\n\t\t\t\t\t<\/div>\n\t\t<\/section>\n\t\t\t\t<section class=\"elementor-section elementor-top-section elementor-element elementor-element-fc43ee1 elementor-section-boxed elementor-section-height-default elementor-section-height-default\" data-id=\"fc43ee1\" data-element_type=\"section\">\n\t\t\t\t\t\t<div class=\"elementor-container elementor-column-gap-default\">\n\t\t\t\t\t<div class=\"elementor-column elementor-col-100 elementor-top-column elementor-element elementor-element-fc1a32c\" data-id=\"fc1a32c\" data-element_type=\"column\">\n\t\t\t<div class=\"elementor-widget-wrap elementor-element-populated\">\n\t\t\t\t\t\t<div class=\"elementor-element elementor-element-984cdd6 elementor-widget elementor-widget-text-editor\" data-id=\"984cdd6\" data-element_type=\"widget\" data-widget_type=\"text-editor.default\">\n\t\t\t\t<div class=\"elementor-widget-container\">\n\t\t\t\t\t\t\t\t\t<p>Ihre Touranfrage k\u00f6nnen Sie uns gerne per E-Mail an\u00a0<strong>gruppen@pulexpress.de<\/strong>\u00a0senden.<\/p><p>F\u00fcr eine pers\u00f6nliche Beratung stehen wir Ihnen auch telefonisch zur Verf\u00fcgung \u2013 werktags zwischen 09:00 und 13:00 Uhr unter\u00a0<strong>+49 (0)30 887 147 55<\/strong>.<\/p><p><strong>Reiseagenturen erhalten 9% Provision<\/strong><\/p><p><a href=\"https:\/\/maxtixfare.de\/ru\/agb-pauschalreisen\/\" target=\"_blank\" rel=\"noopener\"><strong>AGB-Pauschalreisen<\/strong><\/a><\/p>\t\t\t\t\t\t\t\t<\/div>\n\t\t\t\t<\/div>\n\t\t\t\t\t<\/div>\n\t\t<\/div>\n\t\t\t\t\t<\/div>\n\t\t<\/section>\n\t\t\t\t<\/div>","protected":false},"excerpt":{"rendered":"<p>Flyer &#8211; St\u00e4dtereise | Armenien und Georgien: Zubucherreise 9 Tage: PDF Eingeschlossene Leistungen &nbsp; Transfers und Fahrten gem\u00e4\u00df dem Programm&nbsp; Deutschsprachiger, \u00f6rtlicher Reiseleiter w\u00e4hrend der gesamten Reise 4 x \u00dcbernachtung im Hotel in Jerewan&nbsp;&nbsp; Alle Eintrittsgeb\u00fchren und lokale F\u00fchrer gem\u00e4\u00df dem Programm 4 x \u00dcbernachtung im Hotel in Tbilisi&nbsp; 1 Flasche Mineralwasser pro Tag und Person 8 x Fr\u00fchst\u00fcck im [&hellip;]<\/p>","protected":false},"author":1,"featured_media":0,"parent":0,"menu_order":0,"comment_status":"closed","ping_status":"closed","template":"page-templates\/full-width.php","meta":{"_acf_changed":false,"_bbp_topic_count":0,"_bbp_reply_count":0,"_bbp_total_topic_count":0,"_bbp_total_reply_count":0,"_bbp_voice_count":0,"_bbp_anonymous_reply_count":0,"_bbp_topic_count_hidden":0,"_bbp_reply_count_hidden":0,"_bbp_forum_subforum_count":0,"footnotes":""},"class_list":["post-22036","page","type-page","status-publish","hentry"],"acf":[],"_links":{"self":[{"href":"https:\/\/maxtixfare.de\/ru\/wp-json\/wp\/v2\/pages\/22036","targetHints":{"allow":["GET"]}}],"collection":[{"href":"https:\/\/maxtixfare.de\/ru\/wp-json\/wp\/v2\/pages"}],"about":[{"href":"https:\/\/maxtixfare.de\/ru\/wp-json\/wp\/v2\/types\/page"}],"author":[{"embeddable":true,"href":"https:\/\/maxtixfare.de\/ru\/wp-json\/wp\/v2\/users\/1"}],"replies":[{"embeddable":true,"href":"https:\/\/maxtixfare.de\/ru\/wp-json\/wp\/v2\/comments?post=22036"}],"version-history":[{"count":22,"href":"https:\/\/maxtixfare.de\/ru\/wp-json\/wp\/v2\/pages\/22036\/revisions"}],"predecessor-version":[{"id":22714,"href":"https:\/\/maxtixfare.de\/ru\/wp-json\/wp\/v2\/pages\/22036\/revisions\/22714"}],"wp:attachment":[{"href":"https:\/\/maxtixfare.de\/ru\/wp-json\/wp\/v2\/media?parent=22036"}],"curies":[{"name":"wp","href":"https:\/\/api.w.org\/{rel}","templated":true}]}}