{"id":22126,"date":"2025-04-11T09:45:30","date_gmt":"2025-04-11T09:45:30","guid":{"rendered":"https:\/\/maxtixfare.de\/?page_id=22126"},"modified":"2025-07-10T09:04:35","modified_gmt":"2025-07-10T09:04:35","slug":"staedtereisen-usbekistan-zubucherreise-8-tage","status":"publish","type":"page","link":"https:\/\/maxtixfare.de\/ru\/staedtereisen-usbekistan-zubucherreise-8-tage\/","title":{"rendered":"St\u00e4dtereisen | Usbekistan: Zubucherreise 8 Tage"},"content":{"rendered":"<div data-elementor-type=\"wp-page\" data-elementor-id=\"22126\" class=\"elementor elementor-22126\" data-elementor-post-type=\"page\">\n\t\t\t\t\t\t<section class=\"elementor-section elementor-top-section elementor-element elementor-element-ae6bd1d elementor-section-boxed elementor-section-height-default elementor-section-height-default\" data-id=\"ae6bd1d\" data-element_type=\"section\">\n\t\t\t\t\t\t<div class=\"elementor-container elementor-column-gap-default\">\n\t\t\t\t\t<div class=\"elementor-column elementor-col-100 elementor-top-column elementor-element elementor-element-4319ef7\" data-id=\"4319ef7\" data-element_type=\"column\">\n\t\t\t<div class=\"elementor-widget-wrap elementor-element-populated\">\n\t\t\t\t\t\t<div class=\"elementor-element elementor-element-2c619ea elementor-widget elementor-widget-text-editor\" data-id=\"2c619ea\" data-element_type=\"widget\" data-widget_type=\"text-editor.default\">\n\t\t\t\t<div class=\"elementor-widget-container\">\n\t\t\t\t\t\t\t\t\t<h2>Flyer &#8211; St\u00e4dtereise | Usbekistan: Zubucherreise 8 Tage:\u00a0 <a href=\"https:\/\/maxtixfare.de\/wp-content\/uploads\/2025\/04\/2025_Ruv_Usbekistan-Zubucherreise_8Tage_Druckversion-1-min.pdf\" target=\"_blank\" rel=\"noopener\">PDF\u00a0<\/a><\/h2>\t\t\t\t\t\t\t\t<\/div>\n\t\t\t\t<\/div>\n\t\t\t\t\t<\/div>\n\t\t<\/div>\n\t\t\t\t\t<\/div>\n\t\t<\/section>\n\t\t\t\t<section class=\"elementor-section elementor-top-section elementor-element elementor-element-ea2547d elementor-section-boxed elementor-section-height-default elementor-section-height-default\" data-id=\"ea2547d\" data-element_type=\"section\">\n\t\t\t\t\t\t<div class=\"elementor-container elementor-column-gap-default\">\n\t\t\t\t\t<div class=\"elementor-column elementor-col-50 elementor-top-column elementor-element elementor-element-4ba0d80\" data-id=\"4ba0d80\" data-element_type=\"column\">\n\t\t\t<div class=\"elementor-widget-wrap elementor-element-populated\">\n\t\t\t\t\t\t<div class=\"elementor-element elementor-element-f3aeeb0 elementor-widget elementor-widget-image\" data-id=\"f3aeeb0\" data-element_type=\"widget\" data-widget_type=\"image.default\">\n\t\t\t\t<div class=\"elementor-widget-container\">\n\t\t\t\t\t\t\t\t\t\t\t\t\t\t\t<img fetchpriority=\"high\" decoding=\"async\" width=\"721\" height=\"1024\" src=\"https:\/\/maxtixfare.de\/wp-content\/uploads\/2025\/07\/2025_Ruv_Usbekistan-721x1024.jpg\" class=\"attachment-large size-large wp-image-22659\" alt=\"Usbekistan Zubucherreise 8 Tage. Seidenstra\u00dfe und orientalische St\u00e4dte erleben\" srcset=\"https:\/\/maxtixfare.de\/wp-content\/uploads\/2025\/07\/2025_Ruv_Usbekistan-721x1024.jpg 721w, https:\/\/maxtixfare.de\/wp-content\/uploads\/2025\/07\/2025_Ruv_Usbekistan-211x300.jpg 211w, https:\/\/maxtixfare.de\/wp-content\/uploads\/2025\/07\/2025_Ruv_Usbekistan-768x1091.jpg 768w, https:\/\/maxtixfare.de\/wp-content\/uploads\/2025\/07\/2025_Ruv_Usbekistan-8x12.jpg 8w, https:\/\/maxtixfare.de\/wp-content\/uploads\/2025\/07\/2025_Ruv_Usbekistan-672x954.jpg 672w, https:\/\/maxtixfare.de\/wp-content\/uploads\/2025\/07\/2025_Ruv_Usbekistan-480x682.jpg 480w, https:\/\/maxtixfare.de\/wp-content\/uploads\/2025\/07\/2025_Ruv_Usbekistan.jpg 800w\" sizes=\"(max-width: 721px) 100vw, 721px\" \/>\t\t\t\t\t\t\t\t\t\t\t\t\t\t\t<\/div>\n\t\t\t\t<\/div>\n\t\t\t\t\t<\/div>\n\t\t<\/div>\n\t\t\t\t<div class=\"elementor-column elementor-col-50 elementor-top-column elementor-element elementor-element-8a667bd\" data-id=\"8a667bd\" data-element_type=\"column\">\n\t\t\t<div class=\"elementor-widget-wrap elementor-element-populated\">\n\t\t\t\t\t\t<div class=\"elementor-element elementor-element-fe29098 elementor-widget elementor-widget-text-editor\" data-id=\"fe29098\" data-element_type=\"widget\" data-widget_type=\"text-editor.default\">\n\t\t\t\t<div class=\"elementor-widget-container\">\n\t\t\t\t\t\t\t\t\t<p><\/p>\n<p><strong>&nbsp;<\/strong><\/p>\n<p><strong>&nbsp;<\/strong><\/p>\n<p><strong>&nbsp;<\/strong><\/p>\n<p><strong>&nbsp;<\/strong><\/p>\n<p><strong>&nbsp;<\/strong><\/p>\n<p><strong>Diese Reise f\u00fchrt besonders nah an die Menschen Usbekistans, ihre Lebensweise und die Eigenarten ihrer Kultur heran, zwischen Basaren, architektonischen Wunder werken und dem Zauber des Orients \u2013 alle Eindr\u00fccke sind \u00fcberw\u00e4ltigend. &nbsp;Auf der Reise entdecken Sie wichtige Statio nen entlang der historischen Seidenstra\u00dfe mit sagenumwobenen orientalischen St\u00e4dten. Buchara verf\u00fcgt \u00fcber etwa 140 architektonische Denkm\u00e4ler. Im 15. Jahrhundert galt die Bibi-Khanum-Moschee in Samarkand &nbsp;als eine der gr\u00f6\u00dften Moscheen der gesamten isla mischen Welt. Genau wie von Timur gew\u00fcnscht, war die Moschee aber auch eine der sch\u00f6nsten weltweit.<\/strong><\/p>\t\t\t\t\t\t\t\t<\/div>\n\t\t\t\t<\/div>\n\t\t\t\t\t<\/div>\n\t\t<\/div>\n\t\t\t\t\t<\/div>\n\t\t<\/section>\n\t\t\t\t<section class=\"elementor-section elementor-top-section elementor-element elementor-element-ea793ee elementor-section-boxed elementor-section-height-default elementor-section-height-default\" data-id=\"ea793ee\" data-element_type=\"section\">\n\t\t\t\t\t\t<div class=\"elementor-container elementor-column-gap-default\">\n\t\t\t\t\t<div class=\"elementor-column elementor-col-100 elementor-top-column elementor-element elementor-element-f699739\" data-id=\"f699739\" data-element_type=\"column\">\n\t\t\t<div class=\"elementor-widget-wrap elementor-element-populated\">\n\t\t\t\t\t\t<div class=\"elementor-element elementor-element-c3299c1 elementor-widget elementor-widget-text-editor\" data-id=\"c3299c1\" data-element_type=\"widget\" data-widget_type=\"text-editor.default\">\n\t\t\t\t<div class=\"elementor-widget-container\">\n\t\t\t\t\t\t\t\t\t<table style=\"width: 800px; border-style: none;\" cellspacing=\"1\" cellpadding=\"1\"><tbody><tr style=\"border-style: none;\"><td><h3><strong><span style=\"color: #000000;\"><span style=\"font-size: 18px;\">Eingeschlossene Leistungen<\/span><\/span><\/strong><\/h3><p>\u00a0<\/p><\/td><td>\u00a0<\/td><\/tr><tr style=\"border-style: none;\"><td><ul><li>\u00d6rtliche Deutsch sprechende Reiseleitung\u00a0<\/li><\/ul><\/td><td><ul><li>Alle Besichtigungen inklusive Eintrittsgelder gem\u00e4\u00df Reiseverlauf<\/li><\/ul><\/td><\/tr><tr style=\"border-style: none;\"><td><ul><li>7 \u00dcbernachtungen in den 3*-4*- Hotels oder gleichwertig\u00a0<\/li><\/ul><\/td><td><ul><li>Alle Transfers im klimatisierten Fahrzeug\u00a0<\/li><\/ul><\/td><\/tr><tr style=\"border-style: none;\"><td><ul><li>\u00a0Alle Mahlzeiten gem\u00e4\u00df Reiseverlauf (F=Fr\u00fchst\u00fcck, A=Abendessen)\u00a0<\/li><\/ul><\/td><td><ul><li>Zugfahrt Samarkand-Taschkent\u00a0<\/li><\/ul><\/td><\/tr><tr style=\"border-style: none;\"><td><h3><strong><span style=\"color: #000000;\"><span style=\"font-size: 18px;\">Nicht im Paketpreis eingeschlossene Leistungen<\/span><\/span><\/strong><\/h3><p>\u00a0<\/p><\/td><td>\u00a0<\/td><\/tr><tr style=\"border-style: none;\"><td>\u2022 Fl\u00fcge ab\/bis DE<br \/>\u2022 Flug Taschkent-Urgentsch (ab 115 EUR)<br \/>\u2022 pers\u00f6nliche Ausgaben<br \/>\u2022 sonstige Mahlzeiten und Getr\u00e4nke<br \/>\u2022 Kosten f\u00fcr Gep\u00e4cktr\u00e4ger<\/td><td>\u2022 Versicherungen<br \/>\u2022 evtl. anfallende Kamera- und Videogeb\u00fchren\u00a0<br \/>\u2022 Trinkgelder<br \/>\u2022 Early Check In &amp; Late Check Out<\/td><\/tr><tr style=\"border-style: none;\"><td>\u00a0<\/td><td>\u00a0<\/td><\/tr><tr style=\"border-style: none;\"><td><h3><strong><span style=\"color: #000000;\"><span style=\"font-size: 18px;\">Preis p. P. im DZ: 1.023 EUR | EZ-Zuschlag: 217 EU<\/span><\/span><\/strong><\/h3><p>\u00a0<\/p><\/td><td>\u00a0<\/td><\/tr><tr style=\"border-style: none;\"><td>Preis f\u00fcr Flug Taschkent-Urgentch: ab 115 EUR<\/td><td>\u00a0<\/td><\/tr><tr style=\"border-style: none;\"><td>\u00a0<\/td><td>\u00a0<\/td><\/tr><tr style=\"border-style: none;\"><td><h3><strong><span style=\"color: #000000;\"><span style=\"font-size: 18px;\">Hotels<\/span><\/span><\/strong><\/h3><p>\u00a0<\/p><\/td><td>\u00a0<\/td><\/tr><tr style=\"border-style: none;\"><td>\u2022\u00a02 N\u00e4chte in Chiwa: Muso Tora, Qosha Darvoca, Malika Khorezm<br \/>\u2022 2 N\u00e4chte in Buchara: Sasha &amp; Son oder Emir\u00a0<\/td><td>\u2022\u00a02\u00a0N\u00e4chte in Samarkand: Dilshoda, City Hotel<br \/>\u2022 1 Nacht in Taschkent: Arien Plaza, Simma Hotel\u00a0<\/td><\/tr><\/tbody><\/table><table style=\"width: 800px; border-style: none;\" cellspacing=\"1\" cellpadding=\"1\"><tbody><tr style=\"border-style: none;\"><td>\u00a0<\/td><\/tr><\/tbody><\/table><table style=\"height: 233px; width: 94.7625%;\" cellspacing=\"1\" cellpadding=\"1\"><tbody><tr style=\"height: 23px;\"><td style=\"height: 23px;\"><h3><span style=\"color: #000000;\"><strong><span style=\"font-size: 18px;\">Reisetermine 2025<\/span><\/strong><\/span><\/h3><\/td><td style=\"height: 23px;\">\u00a0<\/td><td style=\"height: 23px;\">\u00a0<\/td><\/tr><tr style=\"height: 210px;\"><td style=\"height: 210px;\">26.05. \u2013 02.06.2025\u00a0<br \/>05.06. \u2013 12.06.2025<br \/>28.07. \u2013 04.08.2025<br \/>07.08. \u2013 14.08.2025<br \/>21.08. \u2013 28.08.2025<br \/>01.09. \u2013 08.09.2025<br \/>04.09. \u2013 11.09.2025<\/td><td style=\"height: 210px;\">08.09. \u2013 15.09.2025<br \/>11.09. \u2013 18.09.2025<br \/>15.09. \u2013 22.09.2025<br \/>18.09. \u2013 25.09.2025<br \/>22.09. \u2013 29.09.2025<br \/>25.09. \u2013 02.10.2025<br \/>02.10. \u2013 09.10.2025\u00a0<\/td><td style=\"height: 210px;\">06.10. \u2013 13.10.2025<br \/>09.10. \u2013 16.10.2025<br \/>13.10. \u2013 20.10.2025<br \/>16.10. \u2013 23.10.2025<br \/>20.10. \u2013 27.10.2025<br \/>23.10. \u2013 30.10.2025<br \/>27.10. \u2013 03.11.2025<\/td><\/tr><\/tbody><\/table><table style=\"width: 94.7625%; height: 1444px;\" cellspacing=\"1\" cellpadding=\"1\"><tbody><tr style=\"height: 69px;\"><td style=\"height: 69px;\"><h3><span style=\"color: #000000;\"><strong><span style=\"font-size: 18px;\">Reiseverlauf<\/span><\/strong><\/span><\/h3><\/td><td style=\"height: 69px;\">\u00a0<\/td><\/tr><tr style=\"height: 163px;\"><td style=\"height: 163px;\"><strong><span style=\"color: #000000;\">1. Tag \u2013 Flug nach Taschkent<\/span><\/strong><br \/>1 x \u00dcbernachtung in Taschkent\u00a0<\/td><td style=\"height: 163px;\"><p style=\"margin-left: 40px;\">Ankunft in der Hauptstadt Taschkent. Nach Erledigung der Einreiseformalit\u00e4ten werden Sie von unserer \u00f6rtlichen Vertretung empfangen und zu Ihrem Hotel gebracht.<\/p><\/td><\/tr><tr style=\"height: 210px;\"><td style=\"height: 210px;\"><strong><span style=\"color: #000000;\">2. Tag \u2013 Flug nach Taschkent<\/span><\/strong><br \/><span style=\"color: #000000;\"><em>Taschkent \u2013 Chiwa\u00a0<\/em><\/span><br \/>1 x \u00dcbernachtung in Chiwa\u00a0<\/td><td style=\"height: 210px;\"><div style=\"margin-left: 40px;\">Morgen fr\u00fch Abflug nach Urgentsch und dann Transfer ins ca. 30 km\u00a0<\/div><div style=\"margin-left: 40px;\">entfernte Chiwa. Heute steht eine umfangreiche Besichtigungstour der Oasenstadt auf Ihrem Programm. Im Schutz m\u00e4chtiger Lehmmauern hat sich die Altstadt Itschan Kale mit ihren Medresen, Moscheen, Mausoleen, Pal\u00e4sten und engen Gassen ihren einmaligen Charakter bis heute bewahrt. Ein mehrst\u00fcndiger Spaziergang vermittelt Ihnen den orientalischen Zauber dieser Stadt.<\/div><\/td><\/tr><tr style=\"height: 140px;\"><td style=\"height: 140px;\"><span style=\"color: #000000;\"><strong>3. Tag \u2013 \u00a0470 km lang\u00a0<\/strong><\/span><br \/><em><span style=\"color: #019879;\"><span style=\"color: #000000;\">Kyzyl \u2022 Kum \u2022 Buchara<\/span>\u00a0<\/span><\/em>\u00a0<\/td><td style=\"height: 140px;\"><div style=\"margin-left: 40px;\">Busfahrt durch die Kyzyl-Kum-W\u00fcste (\u201cRoter Sand\u201d). Die Kysylkum-W\u00fcste bietet einzigartige Landschaften, die einen Besuch wert sind. Gegen 16 Uhr errechen wir das im Tal des Serafschan gelegene Buchara mit seiner verwinkelten Altstadt. Buchara ist die alte Hauptstadt der Emire, des Handels und des Islam.<\/div><\/td><td style=\"height: 140px;\">\u00a0<\/td><td style=\"height: 140px;\">\u00a0<\/td><\/tr><tr style=\"height: 163px;\"><td style=\"height: 163px;\"><span style=\"color: #000000;\"><strong>4. Tag \u2013 \u00a0Buchara<em>\u00a0<\/em><\/strong><\/span><br \/>\u00dcbernachtung in Buchara. F\/-\/A\u00a0<\/td><td style=\"height: 163px;\"><div style=\"margin-left: 40px;\">Die Faszination des Orients ist in der \u00fcber 2.500 Jahre alten Stadt Buchara am st\u00e4rksten sp\u00fcrbar. Zahlreiche Mausoleen, Moscheen und Medresen verleihen der Stadt eine exotischorientalische Atmosph\u00e4re. Sie erleben heute Tausend Jahre Stadtgeschichte. Sie besichtigen u.a. das Ensemble Paje Kalon mit dem Kalon Minarett, der Gro\u00dfen Moschee und der Medrese Mir-e Arab, das Ismael Samani Mausoleum, die alte Zitadelle Ark sowie den Bolo Hauz Komplex.<\/div><\/td><\/tr><tr style=\"height: 210px;\"><td style=\"height: 210px;\"><span style=\"color: #000000;\"><strong>5. Tag \u2013 265 km lang\u00a0<\/strong><\/span><br \/><span style=\"color: #000000;\"><em>Buchara \u2022 Samarkand\u00a0<\/em><\/span><br \/>\u00dcbernachtung in Samarkand F\/-\/A\u00a0<\/td><td style=\"height: 210px;\"><div style=\"margin-left: 40px;\">Heute geht es weiter nach Samarkand. Am Nachmittag stehen erste Besichtigungen in Samarkand, einem der \u00e4ltesten Kulturzentren der Welt, auf Ihrem Programm. Sie besuchen zun\u00e4chst den Registan-Platz mit den Medresen Ulug-Bek, Sher-Dor und Tillja-Kari, die \u201cGoldgeschm\u00fcckte\u201d. Anschlie\u00dfend sehen Sie die Bibi Khanum Moschee und haben Gelegenheit zu einem Bummel \u00fcber den Siab Basar.<\/div><\/td><\/tr><tr style=\"height: 163px;\"><td style=\"height: 163px;\"><span style=\"color: #000000;\"><strong>6. Tag \u2013 \u00a0Samarkand<\/strong><\/span><br \/>\u00dcbernachtung in Samarkand F\/-\/A\u00a0<\/td><td style=\"height: 163px;\"><div style=\"margin-left: 40px;\">Weitere Besichtigungen in Samarkand. Die Tour zur eindrucksvollen Nekropole Shohizinda, Sternwarte von Ulug-Bek, Museum -Ausgrabungsst\u00e4tte Afrosiab.<\/div><\/td><\/tr><tr style=\"height: 187px;\"><td style=\"height: 187px;\"><span style=\"color: #000000;\"><strong>7. Tag \u2013 Samarkand \u2022 Taschkent<\/strong><\/span><br \/>\u00dcbernachtung in Taschkent F\/-\/A<\/td><td style=\"height: 187px;\"><div style=\"margin-left: 40px;\">Abfahrt mit dem Zug nach Taschkent. Nachmittags erfolgt die erste Bekanntschaft mit der Stadt Taschkent. Zuerst f\u00fchrt Sie Ihr Guide in die Altstadt, wo Sie den Hasti-Imon-Platz mit der wundersch\u00f6nen Barak-Khan-Medresse, der Tillya-Sheikh-Moschee und dem KaffalShashi-Mausoleum aus schlichtem\u00a0Backsteinmauerwerk besuchen. \u00a0Hier k\u00f6nnen Sie einen Blick auf den Koran werfen, der vom dritten Kalifen Osman (644 \u2013 656) handgeschrieben wurde. Die Kukeldash-Medresse ist auch heute noch Koranschule.<\/div><\/td><\/tr><tr style=\"height: 116px;\"><td style=\"height: 116px;\"><span style=\"color: #000000;\"><strong>8. Tag \u2013 Taschkent-Abreise<\/strong><\/span><br \/>F\/-\/<\/td><td style=\"height: 116px;\"><div style=\"margin-left: 40px;\">Ihr Erlebnis Orient in Isbekistan geht heute zu Ende. Nach dem Fr\u00fchst\u00fcck Transfer zum Flughafen und R\u00fcckflug.<\/div><\/td><\/tr><\/tbody><\/table>\t\t\t\t\t\t\t\t<\/div>\n\t\t\t\t<\/div>\n\t\t\t\t\t<\/div>\n\t\t<\/div>\n\t\t\t\t\t<\/div>\n\t\t<\/section>\n\t\t\t\t<section class=\"elementor-section elementor-top-section elementor-element elementor-element-188efcf elementor-section-boxed elementor-section-height-default elementor-section-height-default\" data-id=\"188efcf\" data-element_type=\"section\">\n\t\t\t\t\t\t<div class=\"elementor-container elementor-column-gap-default\">\n\t\t\t\t\t<div class=\"elementor-column elementor-col-100 elementor-top-column elementor-element elementor-element-c72fad0\" data-id=\"c72fad0\" data-element_type=\"column\">\n\t\t\t<div class=\"elementor-widget-wrap elementor-element-populated\">\n\t\t\t\t\t\t<div class=\"elementor-element elementor-element-beb6974 elementor-widget-divider--view-line elementor-widget elementor-widget-divider\" data-id=\"beb6974\" data-element_type=\"widget\" data-widget_type=\"divider.default\">\n\t\t\t\t<div class=\"elementor-widget-container\">\n\t\t\t\t\t\t\t<div class=\"elementor-divider\">\n\t\t\t<span class=\"elementor-divider-separator\">\n\t\t\t\t\t\t<\/span>\n\t\t<\/div>\n\t\t\t\t\t\t<\/div>\n\t\t\t\t<\/div>\n\t\t\t\t\t<\/div>\n\t\t<\/div>\n\t\t\t\t\t<\/div>\n\t\t<\/section>\n\t\t\t\t<section class=\"elementor-section elementor-top-section elementor-element elementor-element-fc43ee1 elementor-section-boxed elementor-section-height-default elementor-section-height-default\" data-id=\"fc43ee1\" data-element_type=\"section\">\n\t\t\t\t\t\t<div class=\"elementor-container elementor-column-gap-default\">\n\t\t\t\t\t<div class=\"elementor-column elementor-col-100 elementor-top-column elementor-element elementor-element-fc1a32c\" data-id=\"fc1a32c\" data-element_type=\"column\">\n\t\t\t<div class=\"elementor-widget-wrap elementor-element-populated\">\n\t\t\t\t\t\t<div class=\"elementor-element elementor-element-984cdd6 elementor-widget elementor-widget-text-editor\" data-id=\"984cdd6\" data-element_type=\"widget\" data-widget_type=\"text-editor.default\">\n\t\t\t\t<div class=\"elementor-widget-container\">\n\t\t\t\t\t\t\t\t\t<p>Ihre Touranfrage k\u00f6nnen Sie uns gerne per E-Mail an <strong>gruppen@pulexpress.de<\/strong> senden.<\/p><p>F\u00fcr eine pers\u00f6nliche Beratung stehen wir Ihnen auch telefonisch zur Verf\u00fcgung \u2013 werktags zwischen 09:00 und 13:00 Uhr unter <strong>+49 (0)30 887 147 55<\/strong>.<\/p><p><span style=\"background-color: transparent;\"><strong>Reiseagenturen erhalten 9% Provision<\/strong><br \/><\/span><\/p><p><a href=\"https:\/\/maxtixfare.de\/ru\/agb-pauschalreisen\/\" target=\"_blank\" rel=\"noopener\"><strong>AGB-Pauschalreisen<\/strong><\/a><\/p>\t\t\t\t\t\t\t\t<\/div>\n\t\t\t\t<\/div>\n\t\t\t\t\t<\/div>\n\t\t<\/div>\n\t\t\t\t\t<\/div>\n\t\t<\/section>\n\t\t\t\t<\/div>","protected":false},"excerpt":{"rendered":"<p>Flyer &#8211; St\u00e4dtereise | Usbekistan: Zubucherreise 8 Tage: PDF &nbsp; &nbsp; &nbsp; &nbsp; &nbsp; Diese Reise f\u00fchrt besonders nah an die Menschen Usbekistans, ihre Lebensweise und die Eigenarten ihrer Kultur heran, zwischen Basaren, architektonischen Wunder werken und dem Zauber des Orients \u2013 alle Eindr\u00fccke sind \u00fcberw\u00e4ltigend. &nbsp;Auf der Reise entdecken Sie wichtige Statio nen entlang der historischen Seidenstra\u00dfe mit sagenumwobenen [&hellip;]<\/p>","protected":false},"author":1,"featured_media":0,"parent":0,"menu_order":0,"comment_status":"closed","ping_status":"closed","template":"page-templates\/full-width.php","meta":{"_acf_changed":false,"_bbp_topic_count":0,"_bbp_reply_count":0,"_bbp_total_topic_count":0,"_bbp_total_reply_count":0,"_bbp_voice_count":0,"_bbp_anonymous_reply_count":0,"_bbp_topic_count_hidden":0,"_bbp_reply_count_hidden":0,"_bbp_forum_subforum_count":0,"footnotes":""},"class_list":["post-22126","page","type-page","status-publish","hentry"],"acf":[],"_links":{"self":[{"href":"https:\/\/maxtixfare.de\/ru\/wp-json\/wp\/v2\/pages\/22126","targetHints":{"allow":["GET"]}}],"collection":[{"href":"https:\/\/maxtixfare.de\/ru\/wp-json\/wp\/v2\/pages"}],"about":[{"href":"https:\/\/maxtixfare.de\/ru\/wp-json\/wp\/v2\/types\/page"}],"author":[{"embeddable":true,"href":"https:\/\/maxtixfare.de\/ru\/wp-json\/wp\/v2\/users\/1"}],"replies":[{"embeddable":true,"href":"https:\/\/maxtixfare.de\/ru\/wp-json\/wp\/v2\/comments?post=22126"}],"version-history":[{"count":34,"href":"https:\/\/maxtixfare.de\/ru\/wp-json\/wp\/v2\/pages\/22126\/revisions"}],"predecessor-version":[{"id":22676,"href":"https:\/\/maxtixfare.de\/ru\/wp-json\/wp\/v2\/pages\/22126\/revisions\/22676"}],"wp:attachment":[{"href":"https:\/\/maxtixfare.de\/ru\/wp-json\/wp\/v2\/media?parent=22126"}],"curies":[{"name":"wp","href":"https:\/\/api.w.org\/{rel}","templated":true}]}}