{"id":22510,"date":"2025-06-29T12:15:40","date_gmt":"2025-06-29T12:15:40","guid":{"rendered":"https:\/\/maxtixfare.de\/?page_id=22510"},"modified":"2025-07-02T11:08:52","modified_gmt":"2025-07-02T11:08:52","slug":"barrierefreiheit","status":"publish","type":"page","link":"https:\/\/maxtixfare.de\/ru\/barrierefreiheit\/","title":{"rendered":"Barrierefreiheit"},"content":{"rendered":"<div data-elementor-type=\"wp-page\" data-elementor-id=\"22510\" class=\"elementor elementor-22510\" data-elementor-post-type=\"page\">\n\t\t\t\t\t\t<section class=\"elementor-section elementor-top-section elementor-element elementor-element-5a5572c elementor-section-boxed elementor-section-height-default elementor-section-height-default\" data-id=\"5a5572c\" data-element_type=\"section\">\n\t\t\t\t\t\t<div class=\"elementor-container elementor-column-gap-default\">\n\t\t\t\t\t<div class=\"elementor-column elementor-col-100 elementor-top-column elementor-element elementor-element-a8d22d6\" data-id=\"a8d22d6\" data-element_type=\"column\">\n\t\t\t<div class=\"elementor-widget-wrap elementor-element-populated\">\n\t\t\t\t\t\t<div class=\"elementor-element elementor-element-f0322bd elementor-widget elementor-widget-heading\" data-id=\"f0322bd\" data-element_type=\"widget\" data-widget_type=\"heading.default\">\n\t\t\t\t<div class=\"elementor-widget-container\">\n\t\t\t\t\t<h1 class=\"elementor-heading-title elementor-size-default\">Erkl\u00e4rung zur Barrierefreiheit<\/h1>\t\t\t\t<\/div>\n\t\t\t\t<\/div>\n\t\t\t\t<div class=\"elementor-element elementor-element-056bbe2 elementor-widget elementor-widget-text-editor\" data-id=\"056bbe2\" data-element_type=\"widget\" data-widget_type=\"text-editor.default\">\n\t\t\t\t<div class=\"elementor-widget-container\">\n\t\t\t\t\t\t\t\t\t<p data-start=\"372\" data-end=\"455\"><strong data-start=\"372\" data-end=\"455\">Diese Erkl\u00e4rung zur Barrierefreiheit gilt f\u00fcr die Website der Pul Express GmbH.<\/strong><\/p><h2 data-start=\"462\" data-end=\"515\"><strong data-start=\"466\" data-end=\"515\">1. Anbieterinformationen gem\u00e4\u00df Art. 246 EGBGB<\/strong><\/h2><p data-start=\"517\" data-end=\"573\"><strong data-start=\"517\" data-end=\"537\">Pul Express GmbH<\/strong><br data-start=\"537\" data-end=\"540\" \/>Meinekestrasse 5<br data-start=\"556\" data-end=\"559\" \/>10719 \u0411\u0435\u0440\u043b\u0438\u043d<\/p><p data-start=\"575\" data-end=\"661\">\u0422\u0435\u043b\u0435\u0444\u043e\u043d: +49 (0)30 887 1470<br data-start=\"602\" data-end=\"605\" \/>\u0424\u0430\u043a\u0441: +49 (0)30 887 147 29<br data-start=\"630\" data-end=\"633\" \/>E-Mail: <a class=\"cursor-pointer\" rel=\"noopener\" data-start=\"641\" data-end=\"659\">info@pulexpress.de<\/a><\/p><p data-start=\"663\" data-end=\"705\">Gesch\u00e4ftsf\u00fchrerin: Antonina Syromyatnikova<\/p><h2 data-start=\"712\" data-end=\"754\"><strong data-start=\"716\" data-end=\"754\">2. Beschreibung der Dienstleistung<\/strong><\/h2><p data-start=\"756\" data-end=\"1028\">Auf dieser Website wird ein digitaler Reisevermittlungsdienst angeboten. Nutzer k\u00f6nnen selbstst\u00e4ndig und elektronisch Reiseangebote suchen, vergleichen, ausw\u00e4hlen und buchen. Zus\u00e4tzlich besteht die M\u00f6glichkeit zur digitalen Kontaktaufnahme mit einem betreuenden Reiseb\u00fcro.<\/p><p data-start=\"1030\" data-end=\"1082\">Die Website bietet insbesondere folgende Funktionen:<\/p><ul data-start=\"1084\" data-end=\"1486\"><li data-start=\"1084\" data-end=\"1191\"><p data-start=\"1086\" data-end=\"1191\">Eingabe individueller Reisedaten (Reiseziel, Reisezeitraum, Abflughafen, Anzahl der reisenden Personen)<\/p><\/li><li data-start=\"1192\" data-end=\"1297\"><p data-start=\"1194\" data-end=\"1297\">Durchsuchbares und filterbares Angebotsverzeichnis zur Vergleichbarkeit nach pers\u00f6nlichen Pr\u00e4ferenzen<\/p><\/li><li data-start=\"1298\" data-end=\"1375\"><p data-start=\"1300\" data-end=\"1375\">\u00dcbermittlung individueller Anfragen an Reiseb\u00fcros \u00fcber digitale Formulare<\/p><\/li><li data-start=\"1376\" data-end=\"1486\"><p data-start=\"1378\" data-end=\"1486\">Durchf\u00fchrung von Online-Buchungen einschlie\u00dflich Leistungswahl, Zahlungsabwicklung und Buchungsbest\u00e4tigung<\/p><\/li><\/ul><p data-start=\"1488\" data-end=\"1659\">Die gesamte Dienstleistung erfolgt interaktiv, nutzergesteuert und vollst\u00e4ndig digital. Alle Prozessschritte werden von den Nutzern initiiert und elektronisch abgewickelt.<\/p><h2 data-start=\"1666\" data-end=\"1702\"><strong data-start=\"1670\" data-end=\"1702\">3. Gesetzliche Anforderungen<\/strong><\/h2><p data-start=\"1704\" data-end=\"1924\">Die gesetzlichen Anforderungen ergeben sich aus dem <strong data-start=\"1756\" data-end=\"1799\">Barrierefreiheitsst\u00e4rkungsgesetz (BFSG)<\/strong>, insbesondere \u00a7 14 in Verbindung mit \u00a7 3 Abs. 1 BFSG, sowie der <strong data-start=\"1864\" data-end=\"1923\">Verordnung zum Barrierefreiheitsst\u00e4rkungsgesetz (BFSGV)<\/strong>.<\/p><h2 data-start=\"1931\" data-end=\"1986\"><strong data-start=\"1935\" data-end=\"1986\">4. Erf\u00fcllung der Barrierefreiheitsanforderungen<\/strong><\/h2><p data-start=\"1988\" data-end=\"2217\">Die Website orientiert sich an den Anforderungen der digitalen Barrierefreiheit gem\u00e4\u00df dem BFSG, der BFSGV, den <strong data-start=\"2099\" data-end=\"2173\">Web Content Accessibility Guidelines (WCAG) 2.2 \u2013 Konformit\u00e4tsstufe AA<\/strong> sowie der europ\u00e4ischen Norm <strong data-start=\"2202\" data-end=\"2216\">EN 301 549<\/strong>.<\/p><p data-start=\"2219\" data-end=\"2402\">Ziel ist es, s\u00e4mtliche Inhalte und Funktionen m\u00f6glichst barrierefrei zug\u00e4nglich, bedienbar und verst\u00e4ndlich zu gestalten. Dabei wurden insbesondere folgende Prinzipien ber\u00fccksichtigt:<\/p><ul data-start=\"2404\" data-end=\"3054\"><li data-start=\"2404\" data-end=\"2574\"><p data-start=\"2406\" data-end=\"2574\"><strong data-start=\"2406\" data-end=\"2425\">Wahrnehmbarkeit<\/strong>: Inhalte sind mit ausreichendem Kontrast gestaltet, mit Alternativtexten versehen (sofern m\u00f6glich) und unabh\u00e4ngig von Sinneswahrnehmungen nutzbar.<\/p><\/li><li data-start=\"2575\" data-end=\"2730\"><p data-start=\"2577\" data-end=\"2730\"><strong data-start=\"2577\" data-end=\"2594\">Bedienbarkeit<\/strong>: Die Website ist grunds\u00e4tzlich per Tastatur und mit unterst\u00fctzenden Technologien nutzbar. Die Fokusf\u00fchrung wird regelm\u00e4\u00dfig \u00fcberpr\u00fcft.<\/p><\/li><li data-start=\"2731\" data-end=\"2854\"><p data-start=\"2733\" data-end=\"2854\"><strong data-start=\"2733\" data-end=\"2753\">Verst\u00e4ndlichkeit<\/strong>: Navigation, Formulare und Beschriftungen sind klar strukturiert und benutzerfreundlich gestaltet.<\/p><\/li><li data-start=\"2855\" data-end=\"3054\"><p data-start=\"2857\" data-end=\"3054\"><strong data-start=\"2857\" data-end=\"2871\">Robustheit<\/strong>: Die Plattform ist mit modernen Hilfsmitteln (z.\u202fB. Screenreadern, Braille-Zeilen) kompatibel. Semantische HTML-Strukturen und ARIA-Rollen werden fortlaufend erg\u00e4nzt und \u00fcberpr\u00fcft.<\/p><\/li><\/ul><p data-start=\"3056\" data-end=\"3419\">Einige funktionale Module (z.\u202fB. f\u00fcr Kreuzfahrten, Fl\u00fcge, Mietwagen, Reiseversicherungen) werden \u00fcber iFrames eingebunden und stammen von externen Dienstleistern. Eine vollst\u00e4ndige barrierefreie Gestaltung dieser Komponenten ist derzeit technisch nicht gew\u00e4hrleistet. Wir stehen mit den jeweiligen Anbietern im Austausch, um barrierefreie L\u00f6sungen zu erm\u00f6glichen.<\/p><p data-start=\"3421\" data-end=\"3791\">Einzelne Funktionen (z.\u202fB. Tastatursteuerung in bestimmten Buchungsstrecken) sind noch nicht vollst\u00e4ndig barrierefrei umgesetzt. Wir arbeiten aktiv an der vollst\u00e4ndigen Umsetzung gem\u00e4\u00df \u00a7 4 BFSG. Als alternative Ma\u00dfnahme gem\u00e4\u00df \u00a7 17 BFSG steht Ihnen unsere Kontaktadresse <a class=\"cursor-pointer\" rel=\"noopener\" data-start=\"3691\" data-end=\"3709\">info@pulexpress.de<\/a> zur Verf\u00fcgung. Bei Hinweisen oder Barrieren freuen wir uns \u00fcber Ihre R\u00fcckmeldung.<\/p><p data-start=\"3793\" data-end=\"3984\">Die Website wird regelm\u00e4\u00dfig mit Hilfe externer Pr\u00fcfwerkzeuge (z.\u202fB. accessibilitychecker.org, WAVE) auf Barrierefreiheit untersucht. Anpassungen erfolgen fortlaufend auf Basis der Ergebnisse.<\/p><h2 data-start=\"3991\" data-end=\"4037\"><strong data-start=\"3995\" data-end=\"4037\">5. Zust\u00e4ndige Markt\u00fcberwachungsbeh\u00f6rde<\/strong><\/h2><p data-start=\"4039\" data-end=\"4156\">Landesamt f\u00fcr Arbeitsschutz, Gesundheitsschutz und technische Sicherheit Berlin (LAGetSi)<\/p>\t\t\t\t\t\t\t\t<\/div>\n\t\t\t\t<\/div>\n\t\t\t\t\t<\/div>\n\t\t<\/div>\n\t\t\t\t\t<\/div>\n\t\t<\/section>\n\t\t\t\t<\/div>","protected":false},"excerpt":{"rendered":"<p>Erkl\u00e4rung zur Barrierefreiheit Diese Erkl\u00e4rung zur Barrierefreiheit gilt f\u00fcr die Website der Pul Express GmbH. 1. Anbieterinformationen gem\u00e4\u00df Art. 246 EGBGB Pul Express GmbHMeinekestrasse 510719 Berlin Telefon: +49 (0)30 887 1470Fax: +49 (0)30 887 147 29E-Mail: info@pulexpress.de Gesch\u00e4ftsf\u00fchrerin: Antonina Syromyatnikova 2. Beschreibung der Dienstleistung Auf dieser Website wird ein digitaler Reisevermittlungsdienst angeboten. Nutzer k\u00f6nnen selbstst\u00e4ndig und elektronisch Reiseangebote suchen, vergleichen, [&hellip;]<\/p>","protected":false},"author":1,"featured_media":0,"parent":0,"menu_order":0,"comment_status":"closed","ping_status":"closed","template":"","meta":{"_acf_changed":false,"_bbp_topic_count":0,"_bbp_reply_count":0,"_bbp_total_topic_count":0,"_bbp_total_reply_count":0,"_bbp_voice_count":0,"_bbp_anonymous_reply_count":0,"_bbp_topic_count_hidden":0,"_bbp_reply_count_hidden":0,"_bbp_forum_subforum_count":0,"footnotes":""},"class_list":["post-22510","page","type-page","status-publish","hentry"],"acf":[],"_links":{"self":[{"href":"https:\/\/maxtixfare.de\/ru\/wp-json\/wp\/v2\/pages\/22510","targetHints":{"allow":["GET"]}}],"collection":[{"href":"https:\/\/maxtixfare.de\/ru\/wp-json\/wp\/v2\/pages"}],"about":[{"href":"https:\/\/maxtixfare.de\/ru\/wp-json\/wp\/v2\/types\/page"}],"author":[{"embeddable":true,"href":"https:\/\/maxtixfare.de\/ru\/wp-json\/wp\/v2\/users\/1"}],"replies":[{"embeddable":true,"href":"https:\/\/maxtixfare.de\/ru\/wp-json\/wp\/v2\/comments?post=22510"}],"version-history":[{"count":19,"href":"https:\/\/maxtixfare.de\/ru\/wp-json\/wp\/v2\/pages\/22510\/revisions"}],"predecessor-version":[{"id":22620,"href":"https:\/\/maxtixfare.de\/ru\/wp-json\/wp\/v2\/pages\/22510\/revisions\/22620"}],"wp:attachment":[{"href":"https:\/\/maxtixfare.de\/ru\/wp-json\/wp\/v2\/media?parent=22510"}],"curies":[{"name":"wp","href":"https:\/\/api.w.org\/{rel}","templated":true}]}}