{"id":23524,"date":"2025-12-19T10:21:53","date_gmt":"2025-12-19T10:21:53","guid":{"rendered":"https:\/\/maxtixfare.de\/?page_id=23524"},"modified":"2026-01-08T13:51:46","modified_gmt":"2026-01-08T13:51:46","slug":"staedtereisen-jurmala-lettland-zubucherreise-2-3-tage","status":"publish","type":"page","link":"https:\/\/maxtixfare.de\/ru\/staedtereisen-jurmala-lettland-zubucherreise-2-3-tage\/","title":{"rendered":"St\u00e4dtereisen | J\u016brmala (Lettland): Zubucherreise 2-3 Tage"},"content":{"rendered":"<div data-elementor-type=\"wp-page\" data-elementor-id=\"23524\" class=\"elementor elementor-23524\" data-elementor-post-type=\"page\">\n\t\t\t\t\t\t<section class=\"elementor-section elementor-top-section elementor-element elementor-element-ae6bd1d elementor-section-boxed elementor-section-height-default elementor-section-height-default\" data-id=\"ae6bd1d\" data-element_type=\"section\">\n\t\t\t\t\t\t<div class=\"elementor-container elementor-column-gap-default\">\n\t\t\t\t\t<div class=\"elementor-column elementor-col-100 elementor-top-column elementor-element elementor-element-4319ef7\" data-id=\"4319ef7\" data-element_type=\"column\">\n\t\t\t<div class=\"elementor-widget-wrap elementor-element-populated\">\n\t\t\t\t\t\t<div class=\"elementor-element elementor-element-2c619ea elementor-widget elementor-widget-text-editor\" data-id=\"2c619ea\" data-element_type=\"widget\" data-widget_type=\"text-editor.default\">\n\t\t\t\t<div class=\"elementor-widget-container\">\n\t\t\t\t\t\t\t\t\t<h2>Flyer &#8211; St\u00e4dtereise | J\u016brmala (Lettland): Zubucherreise 2-3 Tage:\u00a0 <a href=\"https:\/\/maxtixfare.de\/wp-content\/uploads\/2025\/12\/Flyer-PE-BBH.png\" target=\"_blank\" rel=\"noopener\">PDF\u00a0<\/a><\/h2><h2>Flyer ohne Logo |\u00a0 <a href=\"https:\/\/maxtixfare.de\/wp-content\/uploads\/2026\/01\/RB_ohne_Logo-min.pdf\" target=\"_blank\" rel=\"noopener\">PDF<\/a> | <a href=\"https:\/\/maxtixfare.de\/wp-content\/uploads\/2026\/01\/RB_ohne_Logo.png\" target=\"_blank\" rel=\"noopener\">PNG<\/a><\/h2>\t\t\t\t\t\t\t\t<\/div>\n\t\t\t\t<\/div>\n\t\t\t\t\t<\/div>\n\t\t<\/div>\n\t\t\t\t\t<\/div>\n\t\t<\/section>\n\t\t\t\t<section class=\"elementor-section elementor-top-section elementor-element elementor-element-ea2547d elementor-section-boxed elementor-section-height-default elementor-section-height-default\" data-id=\"ea2547d\" data-element_type=\"section\">\n\t\t\t\t\t\t<div class=\"elementor-container elementor-column-gap-default\">\n\t\t\t\t\t<div class=\"elementor-column elementor-col-50 elementor-top-column elementor-element elementor-element-4ba0d80\" data-id=\"4ba0d80\" data-element_type=\"column\">\n\t\t\t<div class=\"elementor-widget-wrap elementor-element-populated\">\n\t\t\t\t\t\t<div class=\"elementor-element elementor-element-f3aeeb0 elementor-widget elementor-widget-image\" data-id=\"f3aeeb0\" data-element_type=\"widget\" data-widget_type=\"image.default\">\n\t\t\t\t<div class=\"elementor-widget-container\">\n\t\t\t\t\t\t\t\t\t\t\t\t\t\t\t<img fetchpriority=\"high\" decoding=\"async\" width=\"724\" height=\"1024\" src=\"https:\/\/maxtixfare.de\/wp-content\/uploads\/2025\/12\/Flyer-PE-BBH-724x1024.png\" class=\"attachment-large size-large wp-image-23516\" alt=\"\" srcset=\"https:\/\/maxtixfare.de\/wp-content\/uploads\/2025\/12\/Flyer-PE-BBH-724x1024.png 724w, https:\/\/maxtixfare.de\/wp-content\/uploads\/2025\/12\/Flyer-PE-BBH-212x300.png 212w, https:\/\/maxtixfare.de\/wp-content\/uploads\/2025\/12\/Flyer-PE-BBH-768x1086.png 768w, https:\/\/maxtixfare.de\/wp-content\/uploads\/2025\/12\/Flyer-PE-BBH-1086x1536.png 1086w, https:\/\/maxtixfare.de\/wp-content\/uploads\/2025\/12\/Flyer-PE-BBH-8x12.png 8w, https:\/\/maxtixfare.de\/wp-content\/uploads\/2025\/12\/Flyer-PE-BBH-672x950.png 672w, https:\/\/maxtixfare.de\/wp-content\/uploads\/2025\/12\/Flyer-PE-BBH-1038x1468.png 1038w, https:\/\/maxtixfare.de\/wp-content\/uploads\/2025\/12\/Flyer-PE-BBH-480x679.png 480w, https:\/\/maxtixfare.de\/wp-content\/uploads\/2025\/12\/Flyer-PE-BBH.png 1414w\" sizes=\"(max-width: 724px) 100vw, 724px\" \/>\t\t\t\t\t\t\t\t\t\t\t\t\t\t\t<\/div>\n\t\t\t\t<\/div>\n\t\t\t\t\t<\/div>\n\t\t<\/div>\n\t\t\t\t<div class=\"elementor-column elementor-col-50 elementor-top-column elementor-element elementor-element-8a667bd\" data-id=\"8a667bd\" data-element_type=\"column\">\n\t\t\t<div class=\"elementor-widget-wrap elementor-element-populated\">\n\t\t\t\t\t\t<div class=\"elementor-element elementor-element-fe29098 elementor-widget elementor-widget-text-editor\" data-id=\"fe29098\" data-element_type=\"widget\" data-widget_type=\"text-editor.default\">\n\t\t\t\t<div class=\"elementor-widget-container\">\n\t\t\t\t\t\t\t\t\t<div>\u00a0<\/div><p><strong>\u00a0<\/strong><\/p><p><strong>\u00a0<\/strong><\/p><p><strong>\u00a0<\/strong><\/p><p><strong>\u00a0<\/strong><\/p><p><strong>\u00a0<\/strong><\/p><p><strong>Kurzurlaub f\u00fcr alle Sinne!<\/strong><\/p><div><div><p>5-Sterne Spa &amp; Wellness Hotel &#8222;Baltic Beach Jurmala&#8220; mit direktem Flug ab Berlin und spannendem Kulturprogramm.<\/p><\/div><div><p>Erholung, Entspannung, Erlebnis!<\/p><div><p><strong>Highlights:<\/strong><\/p><div><ul><li>Beheizte Meerwasserpools<\/li><li>Direkter Zugang zu einem eigenen wei\u00dfen Sandstrand<\/li><li>Eine faszinierende Tour durch die Altstadt Riga (3 Stunden, fakultativ)<\/li><\/ul><\/div><\/div><\/div><\/div>\t\t\t\t\t\t\t\t<\/div>\n\t\t\t\t<\/div>\n\t\t\t\t\t<\/div>\n\t\t<\/div>\n\t\t\t\t\t<\/div>\n\t\t<\/section>\n\t\t\t\t<section class=\"elementor-section elementor-top-section elementor-element elementor-element-ea793ee elementor-section-boxed elementor-section-height-default elementor-section-height-default\" data-id=\"ea793ee\" data-element_type=\"section\">\n\t\t\t\t\t\t<div class=\"elementor-container elementor-column-gap-default\">\n\t\t\t\t\t<div class=\"elementor-column elementor-col-100 elementor-top-column elementor-element elementor-element-f699739\" data-id=\"f699739\" data-element_type=\"column\">\n\t\t\t<div class=\"elementor-widget-wrap elementor-element-populated\">\n\t\t\t\t\t\t<div class=\"elementor-element elementor-element-c3299c1 elementor-widget elementor-widget-text-editor\" data-id=\"c3299c1\" data-element_type=\"widget\" data-widget_type=\"text-editor.default\">\n\t\t\t\t<div class=\"elementor-widget-container\">\n\t\t\t\t\t\t\t\t\t<p><strong>Im Angebot inbegriffen:<\/strong><\/p><div><ul><li>Direkter Flug Berlin \u2013 Riga \u2013 Berlin mit Air Baltic (inkl. 23 kg Gep\u00e4ckst\u00fcck)<\/li><\/ul><ul><li>2 oder 3 N\u00e4chte mit Fr\u00fchst\u00fcck im 5-Sterne Hotel &#8222;Baltic Beach Jurmala&#8220;<\/li><\/ul><ul><li>Sicherungsschein<\/li><\/ul><div><div><div><p><strong>Nicht im Preis eingeschlossene Leistungen:<\/strong><\/p><ul><li><span class=\"a_GcMg font-feature-liga-off font-feature-clig-off font-feature-calt-off text-decoration-none text-strikethrough-none\">Transfer: Flughafen \u2013 Hotel \u2013 Flughafen<\/span><\/li><li><span class=\"a_GcMg font-feature-liga-off font-feature-clig-off font-feature-calt-off text-decoration-none text-strikethrough-none\">Stadtrundfahrt: Riga (3 Stunden)<\/span><\/li><\/ul><div><div><div><p><strong>Preis: ab 331 \u20ac p.P.<\/strong><\/p><\/div><\/div><\/div><\/div><\/div><\/div><\/div>\t\t\t\t\t\t\t\t<\/div>\n\t\t\t\t<\/div>\n\t\t\t\t\t<\/div>\n\t\t<\/div>\n\t\t\t\t\t<\/div>\n\t\t<\/section>\n\t\t\t\t<section class=\"elementor-section elementor-top-section elementor-element elementor-element-188efcf elementor-section-boxed elementor-section-height-default elementor-section-height-default\" data-id=\"188efcf\" data-element_type=\"section\">\n\t\t\t\t\t\t<div class=\"elementor-container elementor-column-gap-default\">\n\t\t\t\t\t<div class=\"elementor-column elementor-col-100 elementor-top-column elementor-element elementor-element-c72fad0\" data-id=\"c72fad0\" data-element_type=\"column\">\n\t\t\t<div class=\"elementor-widget-wrap elementor-element-populated\">\n\t\t\t\t\t\t<div class=\"elementor-element elementor-element-beb6974 elementor-widget-divider--view-line elementor-widget elementor-widget-divider\" data-id=\"beb6974\" data-element_type=\"widget\" data-widget_type=\"divider.default\">\n\t\t\t\t<div class=\"elementor-widget-container\">\n\t\t\t\t\t\t\t<div class=\"elementor-divider\">\n\t\t\t<span class=\"elementor-divider-separator\">\n\t\t\t\t\t\t<\/span>\n\t\t<\/div>\n\t\t\t\t\t\t<\/div>\n\t\t\t\t<\/div>\n\t\t\t\t\t<\/div>\n\t\t<\/div>\n\t\t\t\t\t<\/div>\n\t\t<\/section>\n\t\t\t\t<section class=\"elementor-section elementor-top-section elementor-element elementor-element-fc43ee1 elementor-section-boxed elementor-section-height-default elementor-section-height-default\" data-id=\"fc43ee1\" data-element_type=\"section\">\n\t\t\t\t\t\t<div class=\"elementor-container elementor-column-gap-default\">\n\t\t\t\t\t<div class=\"elementor-column elementor-col-100 elementor-top-column elementor-element elementor-element-fc1a32c\" data-id=\"fc1a32c\" data-element_type=\"column\">\n\t\t\t<div class=\"elementor-widget-wrap elementor-element-populated\">\n\t\t\t\t\t\t<div class=\"elementor-element elementor-element-984cdd6 elementor-widget elementor-widget-text-editor\" data-id=\"984cdd6\" data-element_type=\"widget\" data-widget_type=\"text-editor.default\">\n\t\t\t\t<div class=\"elementor-widget-container\">\n\t\t\t\t\t\t\t\t\t<p>Ihre Touranfrage k\u00f6nnen Sie uns gerne per E-Mail an <strong>gruppen@pulexpress.de<\/strong> senden.<\/p><p>F\u00fcr eine pers\u00f6nliche Beratung stehen wir Ihnen auch telefonisch zur Verf\u00fcgung \u2013 werktags zwischen 09:00 und 13:00 Uhr unter <strong>+49 (0)30 887 147 55<\/strong>.<\/p><p><span style=\"background-color: transparent;\"><strong>Reiseagenturen erhalten 9% Provision<\/strong><br \/><\/span><\/p><p><a href=\"https:\/\/maxtixfare.de\/ru\/agb-pauschalreisen\/\" target=\"_blank\" rel=\"noopener\"><strong>AGB-Pauschalreisen<\/strong><\/a><\/p>\t\t\t\t\t\t\t\t<\/div>\n\t\t\t\t<\/div>\n\t\t\t\t\t<\/div>\n\t\t<\/div>\n\t\t\t\t\t<\/div>\n\t\t<\/section>\n\t\t\t\t<\/div>","protected":false},"excerpt":{"rendered":"<p>Flyer &#8211; St\u00e4dtereise | J\u016brmala (Lettland): Zubucherreise 2-3 Tage:\u00a0 PDF\u00a0 Flyer ohne Logo |\u00a0 PDF | PNG \u00a0 \u00a0 \u00a0 \u00a0 \u00a0 \u00a0 Kurzurlaub f\u00fcr alle Sinne! 5-Sterne Spa &amp; Wellness Hotel &#8222;Baltic Beach Jurmala&#8220; mit direktem Flug ab Berlin und spannendem Kulturprogramm. Erholung, Entspannung, Erlebnis! Highlights: Beheizte Meerwasserpools Direkter Zugang zu einem eigenen wei\u00dfen Sandstrand Eine faszinierende Tour durch [&hellip;]<\/p>","protected":false},"author":1,"featured_media":0,"parent":0,"menu_order":0,"comment_status":"closed","ping_status":"closed","template":"page-templates\/full-width.php","meta":{"_acf_changed":false,"_bbp_topic_count":0,"_bbp_reply_count":0,"_bbp_total_topic_count":0,"_bbp_total_reply_count":0,"_bbp_voice_count":0,"_bbp_anonymous_reply_count":0,"_bbp_topic_count_hidden":0,"_bbp_reply_count_hidden":0,"_bbp_forum_subforum_count":0,"footnotes":""},"class_list":["post-23524","page","type-page","status-publish","hentry"],"acf":[],"_links":{"self":[{"href":"https:\/\/maxtixfare.de\/ru\/wp-json\/wp\/v2\/pages\/23524","targetHints":{"allow":["GET"]}}],"collection":[{"href":"https:\/\/maxtixfare.de\/ru\/wp-json\/wp\/v2\/pages"}],"about":[{"href":"https:\/\/maxtixfare.de\/ru\/wp-json\/wp\/v2\/types\/page"}],"author":[{"embeddable":true,"href":"https:\/\/maxtixfare.de\/ru\/wp-json\/wp\/v2\/users\/1"}],"replies":[{"embeddable":true,"href":"https:\/\/maxtixfare.de\/ru\/wp-json\/wp\/v2\/comments?post=23524"}],"version-history":[{"count":20,"href":"https:\/\/maxtixfare.de\/ru\/wp-json\/wp\/v2\/pages\/23524\/revisions"}],"predecessor-version":[{"id":23606,"href":"https:\/\/maxtixfare.de\/ru\/wp-json\/wp\/v2\/pages\/23524\/revisions\/23606"}],"wp:attachment":[{"href":"https:\/\/maxtixfare.de\/ru\/wp-json\/wp\/v2\/media?parent=23524"}],"curies":[{"name":"wp","href":"https:\/\/api.w.org\/{rel}","templated":true}]}}